{"id":10955,"date":"2025-02-10T14:14:34","date_gmt":"2025-02-10T14:14:34","guid":{"rendered":"https:\/\/esquell.eu\/esquell\/"},"modified":"2026-04-15T07:12:20","modified_gmt":"2026-04-15T07:12:20","slug":"esquell","status":"publish","type":"page","link":"https:\/\/esquell.eu\/fr\/","title":{"rendered":"Esquell"},"content":{"rendered":"\n<div class=\"block block-text my-5 my-lg-7\">\n            <div class=\"container\">\n                <div class=\"row\">\n                <div class=\"col-12 col-lg-10 col-xxl-8 mx-auto\">\n                    <h3 data-start=\"243\" data-end=\"327\"><strong data-start=\"243\" data-end=\"325\">La boutique en ligne pour l&rsquo;argile argent\u00e9e \/ Art Clay Argile argent\u00e9e et autres types d&rsquo;argile m\u00e9tallique, mat\u00e9riaux de bijouterie durables et de haute qualit\u00e9, outils et autres fournitures pour les fabricants de bijoux.  <\/strong><\/h3>\n<p data-start=\"571\" data-end=\"905\">En tant que <strong data-start=\"575\" data-end=\"621\">distributeur officiel d&rsquo;Art Clay Silver<\/strong>, nous fournissons des produits originaux <strong data-start=\"644\" data-end=\"674\">Art Clay Silver\/argile d&rsquo;argent, argile d&rsquo;or, argile de cuivre et argile de bronze <\/strong>ainsi que des accessoires directement \u00e0 partir du stock, rapidement et de mani\u00e8re fiable. Notre boutique en ligne est l&rsquo;endroit id\u00e9al pour les amateurs et les professionnels de la bijouterie qui travaillent avec de l&rsquo;<strong data-start=\"842\" data-end=\"902\">argent, de la p\u00e2te d&rsquo;argent et d&rsquo;autres mat\u00e9riaux durables pour la bijouterie<\/strong>. <\/p>\n<p data-start=\"907\" data-end=\"941\">Dans notre boutique en ligne, vous d\u00e9couvrirez :<\/p>\n<ul data-start=\"942\" data-end=\"1151\">\n<li data-start=\"942\" data-end=\"1009\">\n<p data-start=\"944\" data-end=\"1009\">Une large s\u00e9lection de <strong data-start=\"964\" data-end=\"1007\">produits d&rsquo;argile et d&rsquo;Art Clay Silver<\/strong><\/p>\n<\/li>\n<li data-start=\"1010\" data-end=\"1078\">\n<p data-start=\"1012\" data-end=\"1078\"><strong data-start=\"1026\" data-end=\"1076\">Outils, fournitures et accessoires<\/strong> professionnels pour <strong data-start=\"1026\" data-end=\"1076\">la fabrication de bijoux<\/strong><\/p>\n<\/li>\n<li data-start=\"1079\" data-end=\"1151\">\n<p data-start=\"1081\" data-end=\"1151\">Du mat\u00e9riel et des conseils inspirants pour les d\u00e9butants et les experts<\/p>\n<\/li>\n<\/ul>\n<p data-start=\"1153\" data-end=\"1323\">Outre notre boutique en ligne, nous proposons \u00e9galement des <strong data-start=\"1186\" data-end=\"1226\">ateliers certifi\u00e9s de p\u00e2te d&rsquo;argent<\/strong>, o\u00f9 vous apprendrez des techniques et trouverez l&rsquo;inspiration pour tirer le meilleur parti de vos mat\u00e9riaux.<\/p>\n<p data-start=\"1325\" data-end=\"1485\">Que vous soyez un <strong data-start=\"1338\" data-end=\"1384\">d\u00e9butant d\u00e9sireux de d\u00e9couvrir la p\u00e2te d&rsquo;argent<\/strong> ou un artisan exp\u00e9riment\u00e9 \u00e0 la recherche du meilleur mat\u00e9riau, vous trouverez tout ce dont vous avez besoin chez Esquell.<\/p>\n\n                                    <\/div>\n            <\/div>\n            <\/div>\n    <\/div>\n<div class=\"block producten-slider my-5 my-lg-7\" data-id=\"401d\">\n    <div class=\"container\">\n        <div class=\"row mb-4\">\n            <div class=\"col top-wrapper\">\n                <div class=\"content-wrapper\">\n                    <h2 class=\"block-title\"> Cat\u00e9gories en vedette<\/h2>\n                <\/div>\n\n                            <\/div>\n        <\/div>\n    <\/div>\n\n    <div class=\"bg-wrapper\">\n        <div class=\"container-fluid container-md overflow-hidden\">\n            <div class=\"row\">\n                <div class=\"col\">\n\n                    <div class=\"product-slider-401d\">\n                                                                    <\/div>\n                <\/div>\n            <\/div>\n        <\/div>\n    <\/div>\n<\/div>\n<div class=\"block block-product-categories my-5 my-lg-7\">\n    <div class=\"container\">\n        <div class=\"row\">\n            <div class=\"col-12 col-lg-3\">\n                <div class=\"content-wrapper mb-4 mb-lg-0\">\n\n                    <p>Vous trouverez encore plus d&rsquo;articles de bijouterie dans la boutique.<\/p>\n\n                                            <div class=\"btn-wrapper mt-4\">\n                            <a class=\"btn btn-primary\" href=\"https:\/\/esquell.eu\/webshop\/\" target=\"_self\">Acc\u00e9der \u00e0 la boutique<\/a>\n                        <\/div>\n                                    <\/div>\n            <\/div>\n                            <div class=\"col-12 col-lg-9\">\n                    <div class=\"row g-3\">\n\n                        \n                            <div class=\"col-12 col-md-6 col-lg-4\">\n                                <a class=\"card card-hover\" href=\"https:\/\/esquell.eu\/product-categorie\/sieraad-onderdelen\/draad-en-plaat\/\">\n\n                                                                            <div class=\"card-img\">\n                                            <img decoding=\"async\" width=\"300\" height=\"300\" src=\"https:\/\/esquell.eu\/app\/uploads\/2025\/11\/draad-en-plaat-300x300.webp\" class=\"attachment-medium size-medium\" alt=\"\" srcset=\"https:\/\/esquell.eu\/app\/uploads\/2025\/11\/draad-en-plaat-300x300.webp 300w, https:\/\/esquell.eu\/app\/uploads\/2025\/11\/draad-en-plaat-150x150.webp 150w, https:\/\/esquell.eu\/app\/uploads\/2025\/11\/draad-en-plaat-100x100.webp 100w, https:\/\/esquell.eu\/app\/uploads\/2025\/11\/draad-en-plaat.webp 600w\" sizes=\"auto, (max-width: 300px) 100vw, 300px\" loading=\"lazy\" \/>                                        <\/div>\n                                                                        <div class=\"card-body\">\n                                        <h2 class=\"card-title\"> Draad en plaat<\/h2>\n                                    <\/div>\n                                <\/a>\n                            <\/div>\n                        \n                            <div class=\"col-12 col-md-6 col-lg-4\">\n                                <a class=\"card card-hover\" href=\"https:\/\/esquell.eu\/product-categorie\/aanbiedingen\/\">\n\n                                                                            <div class=\"card-img\">\n                                            <img decoding=\"async\" width=\"285\" height=\"184\" src=\"https:\/\/esquell.eu\/app\/uploads\/2025\/11\/sale-icon.webp\" class=\"attachment-medium size-medium\" alt=\"\" loading=\"lazy\" \/>                                        <\/div>\n                                                                        <div class=\"card-body\">\n                                        <h2 class=\"card-title\"> Sale<\/h2>\n                                    <\/div>\n                                <\/a>\n                            <\/div>\n                        \n                            <div class=\"col-12 col-md-6 col-lg-4\">\n                                <a class=\"card card-hover\" href=\"https:\/\/esquell.eu\/product-categorie\/clay\/\">\n\n                                                                            <div class=\"card-img\">\n                                            <img decoding=\"async\" width=\"300\" height=\"300\" src=\"https:\/\/esquell.eu\/app\/uploads\/2025\/11\/metaalklei-art-clay-silver-300x300.webp\" class=\"attachment-medium size-medium\" alt=\"\" srcset=\"https:\/\/esquell.eu\/app\/uploads\/2025\/11\/metaalklei-art-clay-silver-300x300.webp 300w, https:\/\/esquell.eu\/app\/uploads\/2025\/11\/metaalklei-art-clay-silver-150x150.webp 150w, https:\/\/esquell.eu\/app\/uploads\/2025\/11\/metaalklei-art-clay-silver-100x100.webp 100w, https:\/\/esquell.eu\/app\/uploads\/2025\/11\/metaalklei-art-clay-silver.webp 600w\" sizes=\"auto, (max-width: 300px) 100vw, 300px\" loading=\"lazy\" \/>                                        <\/div>\n                                                                        <div class=\"card-body\">\n                                        <h2 class=\"card-title\"> Metaalklei, Art Clay Silver<\/h2>\n                                    <\/div>\n                                <\/a>\n                            <\/div>\n                        \n                            <div class=\"col-12 col-md-6 col-lg-4\">\n                                <a class=\"card card-hover\" href=\"https:\/\/esquell.eu\/product-categorie\/starterskit-startpakketten\/\">\n\n                                                                            <div class=\"card-img\">\n                                            <img decoding=\"async\" width=\"300\" height=\"300\" src=\"https:\/\/esquell.eu\/app\/uploads\/2025\/11\/startpakketten-300x300.webp\" class=\"attachment-medium size-medium\" alt=\"\" srcset=\"https:\/\/esquell.eu\/app\/uploads\/2025\/11\/startpakketten-300x300.webp 300w, https:\/\/esquell.eu\/app\/uploads\/2025\/11\/startpakketten-150x150.webp 150w, https:\/\/esquell.eu\/app\/uploads\/2025\/11\/startpakketten-100x100.webp 100w, https:\/\/esquell.eu\/app\/uploads\/2025\/11\/startpakketten.webp 600w\" sizes=\"auto, (max-width: 300px) 100vw, 300px\" loading=\"lazy\" \/>                                        <\/div>\n                                                                        <div class=\"card-body\">\n                                        <h2 class=\"card-title\"> Startpakketten<\/h2>\n                                    <\/div>\n                                <\/a>\n                            <\/div>\n                        \n                            <div class=\"col-12 col-md-6 col-lg-4\">\n                                <a class=\"card card-hover\" href=\"https:\/\/esquell.eu\/product-categorie\/sieraad-onderdelen\/\">\n\n                                                                            <div class=\"card-img\">\n                                            <img decoding=\"async\" width=\"300\" height=\"300\" src=\"https:\/\/esquell.eu\/app\/uploads\/2025\/11\/sieraad-onderdelen-300x300.webp\" class=\"attachment-medium size-medium\" alt=\"\" srcset=\"https:\/\/esquell.eu\/app\/uploads\/2025\/11\/sieraad-onderdelen-300x300.webp 300w, https:\/\/esquell.eu\/app\/uploads\/2025\/11\/sieraad-onderdelen-150x150.webp 150w, https:\/\/esquell.eu\/app\/uploads\/2025\/11\/sieraad-onderdelen-100x100.webp 100w, https:\/\/esquell.eu\/app\/uploads\/2025\/11\/sieraad-onderdelen.webp 600w\" sizes=\"auto, (max-width: 300px) 100vw, 300px\" loading=\"lazy\" \/>                                        <\/div>\n                                                                        <div class=\"card-body\">\n                                        <h2 class=\"card-title\"> Sieraad onderdelen<\/h2>\n                                    <\/div>\n                                <\/a>\n                            <\/div>\n                        \n                            <div class=\"col-12 col-md-6 col-lg-4\">\n                                <a class=\"card card-hover\" href=\"https:\/\/esquell.eu\/product-categorie\/nieuwe-benodigdheden-voor-sieradenmakers-sieradenmaken\/\">\n\n                                                                            <div class=\"card-img\">\n                                            <img decoding=\"async\" width=\"285\" height=\"184\" src=\"https:\/\/esquell.eu\/app\/uploads\/2025\/11\/new-icon.webp\" class=\"attachment-medium size-medium\" alt=\"\" loading=\"lazy\" \/>                                        <\/div>\n                                                                        <div class=\"card-body\">\n                                        <h2 class=\"card-title\"> Nieuw<\/h2>\n                                    <\/div>\n                                <\/a>\n                            <\/div>\n                        \n\n                    <\/div>\n\n                <\/div>\n                    <\/div>\n    <\/div>\n<\/div>\n\n\n<div class=\"block block-img-text my-5 my-lg-7\">\n    <div class=\"container\">\n\n        \n    <\/div>\n<\/div>\n\n\n<div class=\"block block-img-text my-5 my-lg-7\">\n    <div class=\"container\">\n\n        \n    <\/div>\n<\/div>\n\n\n<div class=\"block block-img-text my-5 my-lg-7\">\n    <div class=\"container\">\n\n        \n    <\/div>\n<\/div>\n\n\n<div class=\"block block-img-text my-5 my-lg-7\">\n    <div class=\"container\">\n\n        \n    <\/div>\n<\/div>\n\n\n<div class=\"block block-img-text my-5 my-lg-7\">\n    <div class=\"container\">\n\n        \n    <\/div>\n<\/div>\n<div class=\"block block-maps my-5 my-lg-7\">\n    <div class=\"container\">\n        <div class=\"row\">\n            <div class=\"col-12\">\n                <iframe loading=\"lazy\" src=\"https:\/\/www.google.com\/maps\/d\/embed?mid=1b3VJ1bQ0aOfrx1tuZJQ-tQZMgLo8iEqU&amp;ehbc=2E312F\" width=\"640\" height=\"480\"><\/iframe>            <\/div>\n        <\/div>\n    <\/div>\n<\/div>","protected":false},"excerpt":{"rendered":"","protected":false},"author":1,"featured_media":27352,"parent":0,"menu_order":0,"comment_status":"closed","ping_status":"closed","template":"","meta":{"_acf_changed":false,"_seopress_robots_primary_cat":"","_seopress_titles_title":"Art Clay & Metaalklei Specialist | Workshops, Webshop & Academy | Esquell","_seopress_titles_desc":"Offici\u00eble distributeur van Art Clay (zilverklei) in de Benelux & Frankrijk. Shop metaalklei, gereedschap, kralen en meer, of schrijf je in voor workshops en trainingen via de Art Clay Academy.","_seopress_robots_index":"","footnotes":""},"class_list":["post-10955","page","type-page","status-publish","has-post-thumbnail","hentry"],"acf":[],"_links":{"self":[{"href":"https:\/\/esquell.eu\/fr\/wp-json\/wp\/v2\/pages\/10955","targetHints":{"allow":["GET"]}}],"collection":[{"href":"https:\/\/esquell.eu\/fr\/wp-json\/wp\/v2\/pages"}],"about":[{"href":"https:\/\/esquell.eu\/fr\/wp-json\/wp\/v2\/types\/page"}],"author":[{"embeddable":true,"href":"https:\/\/esquell.eu\/fr\/wp-json\/wp\/v2\/users\/1"}],"replies":[{"embeddable":true,"href":"https:\/\/esquell.eu\/fr\/wp-json\/wp\/v2\/comments?post=10955"}],"version-history":[{"count":4,"href":"https:\/\/esquell.eu\/fr\/wp-json\/wp\/v2\/pages\/10955\/revisions"}],"predecessor-version":[{"id":31710,"href":"https:\/\/esquell.eu\/fr\/wp-json\/wp\/v2\/pages\/10955\/revisions\/31710"}],"wp:featuredmedia":[{"embeddable":true,"href":"https:\/\/esquell.eu\/fr\/wp-json\/wp\/v2\/media\/27352"}],"wp:attachment":[{"href":"https:\/\/esquell.eu\/fr\/wp-json\/wp\/v2\/media?parent=10955"}],"curies":[{"name":"wp","href":"https:\/\/api.w.org\/{rel}","templated":true}]}}