{"id":27316,"date":"2025-04-04T05:36:53","date_gmt":"2025-04-04T05:36:53","guid":{"rendered":"https:\/\/esquell.eu\/product\/kit-de-demarrage-argile-argentee-xxl-tres-complet-avec-argile-argentee-y-compris-largent-et-les-outils\/"},"modified":"2025-04-04T05:36:53","modified_gmt":"2025-04-04T05:36:53","slug":"kit-de-demarrage-argile-argentee-xxl-tres-complet-avec-argile-argentee-y-compris-largent-et-les-outils","status":"publish","type":"product","link":"https:\/\/esquell.eu\/en\/product\/kit-de-demarrage-argile-argentee-xxl-tres-complet-avec-argile-argentee-y-compris-largent-et-les-outils\/","title":{"rendered":"Kit de d\u00e9marrage argile argent\u00e9e XXL tr\u00e8s complet avec argile argent\u00e9e, y compris l&#8217;argent et les outils."},"content":{"rendered":"<p>OFFRE Tout ce dont vous avez besoin pour fabriquer vos propres bijoux en argent \u00e0 la maison<br \/>\nTout ce dont vous avez besoin pour fabriquer vos propres bijoux en argent \u00e0 la maison<br \/>\nKit de d\u00e9marrage tr\u00e8s complet avec 7 grammes de p\u00e2te d&#8217;argent, 5 grammes de p\u00e2te en spray, des outils pour les bagues, des outils pour la cuisson et la soudure, le modelage, le pon\u00e7age, le limage, etc.<\/p>\n","protected":false},"excerpt":{"rendered":"<p><strong>Tout ce dont vous avez besoin pour fabriquer vos propres bijoux en argent \u00e0 la maison,<br \/>\n<\/strong><\/p>\n<p><strong>Tout ce dont vous avez besoin pour fabriquer vos propres bijoux en argent \u00e0 la maison<\/strong><\/p>\n<p>Kit de d\u00e9marrage tr\u00e8s complet comprenant 2x 7 grammes d&#8217;arguile d&#8217;argent, 5 grammes d&#8217;argile en spray, des outils pour les anneaux, des outils pour la cuisson et la soudure, le modelage, la fabrication d&#8217;anneaux, le pon\u00e7age, le limage et le polissage, etc. Vous pouvez commencer tout de suite ! <\/p>\n<p>Valeur au d\u00e9tail environ \u20ac259.00<\/p>\n<p><strong>Inclut la description \u00e9tape par \u00e9tape de 1 projet (pendentif feuille) +<br \/>\n<\/strong><\/p>\n<p><strong><u><a href=\"https:\/\/youtube.com\/playlist?list=PLNV9RRmkyYO2aNRoLNnIsMgcqqvCUWXJK&amp;si=CIbzX7ngiDCq4fSP\">15 projets en ligne, \u00e9tape par \u00e9tape<\/a><br \/>\n<\/u><\/strong><\/p>\n<p><strong><u><br \/>\n<\/u><\/strong>Contenu de l&#8217;emballage<strong><u><br \/>\n<\/u><\/strong><\/p>\n<ul>\n<li>2x arguile d&#8217;argent 7 grams<\/li>\n<\/ul>\n<ul>\n<li>1 x 5 g d&#8217;argile \u00e0 pulv\u00e9riser \/ seringue<\/li>\n<li>Formule antiadh\u00e9sive Coolslip (pour les moules et les textures)<\/li>\n<\/ul>\n<ul>\n<li>Tapis de travail avec grille A5<\/li>\n<\/ul>\n<ul>\n<li>Feuille de vermiculite pour la cuisson et la soudure R\u00e9sistant \u00e0 la chaleur<\/li>\n<\/ul>\n<ul>\n<li>Torche \u00e0 main. La torche peut \u00eatre remplie de gaz butane (disponible dans les quincailleries, etc.).   <\/li>\n<\/ul>\n<ul>\n<li>1x Seringue de distribution<\/li>\n<\/ul>\n<ul>\n<li>4x Buses suppl\u00e9mentaires de diff\u00e9rentes \u00e9paisseurs<\/li>\n<\/ul>\n<ul>\n<li>Rouleau d&#8217;argile pour \u00e9taler l&#8217;argile<\/li>\n<\/ul>\n<ul>\n<li>Jeu de 4 cutters (peut diff\u00e9rer de la photo)  <\/li>\n<li>Coupe-cercles, set de 8, par exemple pour percer des trous pour boucles d&#8217;oreilles et breloques<\/li>\n<\/ul>\n<ul>\n<li>Mandrin pour m\u00e8ches et fraises, entre autres<\/li>\n<li>Forets de diff\u00e9rentes tailles pour percer l&#8217;argile s\u00e9ch\u00e9e ou les m\u00e9taux.<\/li>\n<\/ul>\n<ul>\n<li>Mini-moule en silicone pour la r\u00e9alisation de petits ornements en p\u00e2te \u00e0 modeler<\/li>\n<\/ul>\n<ul>\n<li>Gabarit de bijou pour d\u00e9couper des formes dans l&#8217;argile, \u00e0 l&#8217;aide du stylo \u00e0 aiguille fourni dans cet emballage.<\/li>\n<\/ul>\n<ul>\n<li>Lamelles d&#8217;espacement Pour \u00e9taler l&#8217;argile uniform\u00e9ment en 3 \u00e9paisseurs diff\u00e9rentes<\/li>\n<\/ul>\n<ul>\n<li>Crayon pour ramasser les zircons et les petites perles<\/li>\n<\/ul>\n<ul>\n<li>Assortiment de 8 pi\u00e8ces en zircone (la composition peut diff\u00e9rer de la photo)<\/li>\n<\/ul>\n<ul>\n<li>3M Patins de pon\u00e7age 3 pi\u00e8ces Patins de pon\u00e7age doux et flexibles pour le pon\u00e7age \u00e0 sec et \u00e0 l&#8217;eau. Convient pour l&#8217;argile s\u00e9ch\u00e9e et les m\u00e9taux cuits au four.   <\/li>\n<\/ul>\n<ul>\n<li>Loomer ou couteau \u00e0 argile, pour couper l&#8217;argile en ligne droite<\/li>\n<\/ul>\n<ul>\n<li>Stylo en agate, pour le polissage haute brillance, Brunissoir<\/li>\n<\/ul>\n<ul>\n<li>Pince \u00e0 \u00e9piler r\u00e9sistante \u00e0 la chaleur<\/li>\n<\/ul>\n<ul>\n<li>Pince \u00e0 \u00e9piler \u00e0 verrouillage automatique r\u00e9sistante \u00e0 la chaleur, convient \u00e9galement pour la soudure<\/li>\n<\/ul>\n<ul>\n<li>Spatules de modelage, lot de 5, pour l&#8217;argile \u00e0 modeler. La pointe arrondie en m\u00e9tal peut \u00e9galement \u00eatre utilis\u00e9e pour polir les zones difficiles d&#8217;acc\u00e8s.   <\/li>\n<\/ul>\n<ul>\n<li>Limes diamant\u00e9es, lot of 5, formes vari\u00e9es  <\/li>\n<\/ul>\n<ul>\n<li>Tapis de s\u00e9chage en t\u00e9flon, pour s\u00e9cher l&#8217;argile sur une feuille de s\u00e9chage, r\u00e9sistant \u00e0 la chaleur.<\/li>\n<\/ul>\n<ul>\n<li>Papier abrasif 1x grossier 1x fin, Pour le pon\u00e7age de l&#8217;argile ou des m\u00e9taux<\/li>\n<\/ul>\n<ul>\n<li>Brosse \u00e0 polir<\/li>\n<\/ul>\n<ul>\n<li>Chiffon de polissage petit<\/li>\n<\/ul>\n<ul>\n<li>P\u00e2te \u00e0 polir pour le polissage haute brillance<\/li>\n<\/ul>\n<ul>\n<li>Aiguille, stylo \u00e0 aiguille. Pour d\u00e9couper l&#8217;argile   <\/li>\n<\/ul>\n<ul>\n<li>Grille de s\u00e9chage en acier inoxydable &#8211; grille de cuisson. Convient \u00e9galement pour la cuisson sur la cuisini\u00e8re \u00e0 gaz.   <\/li>\n<\/ul>\n<ul>\n<li>Baguette en bois<\/li>\n<\/ul>\n<ul>\n<li>Taille de bague en japase sp\u00e9cialement pour l&#8217;argent Art Clay. Un tableau des tailles de bagues est inclus.   <\/li>\n<\/ul>\n<ul>\n<li>Tache \u00e9clair<\/li>\n<\/ul>\n<ul>\n<li>D\u00e9pliant<\/li>\n<\/ul>\n<ul>\n<li>Tableau des tailles de bagues<\/li>\n<li>Description de 1 projet pour commencer (pendentif feuille)<\/li>\n<\/ul>\n<p>&nbsp;<\/p>\n<p>&nbsp;<\/p>\n<p>&nbsp;<\/p>\n<p>&nbsp;<\/p>\n<p>&nbsp;<\/p>\n","protected":false},"featured_media":0,"comment_status":"closed","ping_status":"closed","template":"","meta":{"_acf_changed":false,"_seopress_robots_primary_cat":"none","_seopress_titles_title":"","_seopress_titles_desc":"","_seopress_robots_index":""},"more":[],"product_brand":[],"product_cat":[15],"product_tag":[],"class_list":{"0":"post-27316","1":"product","2":"type-product","3":"status-publish","5":"product_cat-algemeen","7":"first","8":"instock","9":"taxable","10":"shipping-taxable","11":"purchasable","12":"product-type-simple"},"acf":[],"_links":{"self":[{"href":"https:\/\/esquell.eu\/en\/wp-json\/wp\/v2\/product\/27316","targetHints":{"allow":["GET"]}}],"collection":[{"href":"https:\/\/esquell.eu\/en\/wp-json\/wp\/v2\/product"}],"about":[{"href":"https:\/\/esquell.eu\/en\/wp-json\/wp\/v2\/types\/product"}],"replies":[{"embeddable":true,"href":"https:\/\/esquell.eu\/en\/wp-json\/wp\/v2\/comments?post=27316"}],"wp:attachment":[{"href":"https:\/\/esquell.eu\/en\/wp-json\/wp\/v2\/media?parent=27316"}],"wp:term":[{"taxonomy":"more","embeddable":true,"href":"https:\/\/esquell.eu\/en\/wp-json\/wp\/v2\/more?post=27316"},{"taxonomy":"product_brand","embeddable":true,"href":"https:\/\/esquell.eu\/en\/wp-json\/wp\/v2\/product_brand?post=27316"},{"taxonomy":"product_cat","embeddable":true,"href":"https:\/\/esquell.eu\/en\/wp-json\/wp\/v2\/product_cat?post=27316"},{"taxonomy":"product_tag","embeddable":true,"href":"https:\/\/esquell.eu\/en\/wp-json\/wp\/v2\/product_tag?post=27316"}],"curies":[{"name":"wp","href":"https:\/\/api.w.org\/{rel}","templated":true}]}}