{"id":27313,"date":"2025-04-04T05:32:44","date_gmt":"2025-04-04T05:32:44","guid":{"rendered":"https:\/\/esquell.eu\/product\/zapfchen-oval-aus-999er-feinsilber-verschiedene-grosen\/"},"modified":"2025-04-04T05:32:44","modified_gmt":"2025-04-04T05:32:44","slug":"zapfchen-oval-aus-999er-feinsilber-verschiedene-grosen","status":"publish","type":"product","link":"https:\/\/esquell.eu\/en\/product\/zapfchen-oval-aus-999er-feinsilber-verschiedene-grosen\/","title":{"rendered":"Z\u00e4pfchen oval aus 999er Feinsilber. Verschiedene Gr\u00f6\u00dfen"},"content":{"rendered":"<p>Putter oval 999er Feinsilber.<\/p>\n<p>Verschiedene Gr\u00f6\u00dfen<\/p>\n<p>Glatte Kante.<br \/>\nF\u00fcr Strasssteine, Cabochons, Natursteine, Edelsteine, Halbedelsteine<\/p>\n<p>Geeignet f\u00fcr das Co-Brennen in Metallton. Beim gemeinsamen Brennen mit Silberton empfehlen wir Art Clay Silver Overlay Paste f\u00fcr eine gute Haftung.   <\/p>\n","protected":false},"excerpt":{"rendered":"<p>Kittdosen oval 999er Feinsilber.<\/p>\n<p>Verschiedene Gr\u00f6\u00dfen<\/p>\n<p>Glatter Rand.<\/p>\n<p>Geeignet zum Mitbrennen in Metallton.<\/p>\n","protected":false},"featured_media":0,"comment_status":"closed","ping_status":"closed","template":"","meta":{"_acf_changed":false,"_seopress_robots_primary_cat":"none","_seopress_titles_title":"","_seopress_titles_desc":"","_seopress_robots_index":""},"more":[],"product_brand":[6597],"product_cat":[10999,10998],"product_tag":[7077,7075,7293,7873,8068,8275,11018,11049,11083,7154,6439,6995,9489,6999,7853,6422,6491,6601,8326,7156,8062,6997,7845,7079,7480],"class_list":{"0":"post-27313","1":"product","2":"type-product","3":"status-publish","5":"product_brand-rio","6":"product_cat-parts-suitable-for-co-firing-with-metal-clay","7":"product_cat-settlements-and-chatons","8":"product_tag-7077","9":"product_tag-7075","10":"product_tag-bezel","11":"product_tag-cabochon","12":"product_tag-chaton","13":"product_tag-cz","14":"product_tag-cz-stone","15":"product_tag-embed","16":"product_tag-embedded","17":"product_tag-fine","18":"product_tag-metalclay","19":"product_tag-pure","20":"product_tag-pure-3","21":"product_tag-real","22":"product_tag-setting-box","23":"product_tag-silver","24":"product_tag-silver-2","25":"product_tag-silver-3","26":"product_tag-silverclay","27":"product_tag-sollid","28":"product_tag-stone-3","29":"product_tag-truly","30":"product_tag-zetkast","31":"product_tag-zirconia","32":"product_tag-zirconia-2","33":"product_shipping_class-standard","34":"pa_afmeting-10-14-mm","35":"pa_afmeting-1012-mm","36":"pa_afmeting-108-mm","37":"pa_afmeting-64-mm","39":"first","40":"instock","41":"taxable","42":"shipping-taxable","43":"purchasable","44":"product-type-variable"},"acf":[],"_links":{"self":[{"href":"https:\/\/esquell.eu\/en\/wp-json\/wp\/v2\/product\/27313","targetHints":{"allow":["GET"]}}],"collection":[{"href":"https:\/\/esquell.eu\/en\/wp-json\/wp\/v2\/product"}],"about":[{"href":"https:\/\/esquell.eu\/en\/wp-json\/wp\/v2\/types\/product"}],"replies":[{"embeddable":true,"href":"https:\/\/esquell.eu\/en\/wp-json\/wp\/v2\/comments?post=27313"}],"wp:attachment":[{"href":"https:\/\/esquell.eu\/en\/wp-json\/wp\/v2\/media?parent=27313"}],"wp:term":[{"taxonomy":"more","embeddable":true,"href":"https:\/\/esquell.eu\/en\/wp-json\/wp\/v2\/more?post=27313"},{"taxonomy":"product_brand","embeddable":true,"href":"https:\/\/esquell.eu\/en\/wp-json\/wp\/v2\/product_brand?post=27313"},{"taxonomy":"product_cat","embeddable":true,"href":"https:\/\/esquell.eu\/en\/wp-json\/wp\/v2\/product_cat?post=27313"},{"taxonomy":"product_tag","embeddable":true,"href":"https:\/\/esquell.eu\/en\/wp-json\/wp\/v2\/product_tag?post=27313"}],"curies":[{"name":"wp","href":"https:\/\/api.w.org\/{rel}","templated":true}]}}