{"id":31805,"date":"2026-03-25T10:26:09","date_gmt":"2026-03-25T10:26:09","guid":{"rendered":"https:\/\/esquell.eu\/product\/silikon-mini-form-fisch\/"},"modified":"2026-03-25T10:26:09","modified_gmt":"2026-03-25T10:26:09","slug":"silikon-mini-form-fisch","status":"publish","type":"product","link":"https:\/\/esquell.eu\/de\/produkt\/silikon-mini-form-fisch\/","title":{"rendered":"Silikon-Mini-Form Fisch."},"content":{"rendered":"<p>Silikon-Mini-Form verschiedene Fische<br \/>\nGr\u00f6\u00dfe ganze Form ca. 6*6 cm,<\/p>\n<p>F\u00fcr Ton, Epoxid, Harz usw.<\/p>\n<p>Die Gr\u00f6\u00dfen der Bl\u00e4tter sind f\u00fcr Ringe, Ohrringe, Anh\u00e4nger usw. geeignet.<\/p>\n<p>Bei Verwendung mit Metallton:<\/p>\n<p>Spr\u00fchen Sie vor dem Gebrauch immer mit der Coolslip Anti-Haft-Formel. Dies verhindert, dass der Ton an den Formen klebt. <\/p>\n","protected":false},"excerpt":{"rendered":"<p>Silikon-Mini-Form verschiedene Fische<br \/>\nGr\u00f6\u00dfe ganze Form ca. 6*6 cm,<\/p>\n<p>F\u00fcr Ton, Epoxid, Harz usw.<\/p>\n<p>Die Gr\u00f6\u00dfen der Bl\u00e4tter sind f\u00fcr Ringe, Ohrringe, Anh\u00e4nger usw. geeignet.<\/p>\n<p>Bei Verwendung mit Metallton:<\/p>\n<p>Spr\u00fchen Sie vor dem Gebrauch immer mit der Coolslip Anti-Haft-Formel. Dies verhindert, dass der Ton an den Formen klebt. <\/p>\n","protected":false},"featured_media":31431,"comment_status":"closed","ping_status":"closed","template":"","meta":{"_acf_changed":false,"_seopress_robots_primary_cat":"","_seopress_titles_title":"","_seopress_titles_desc":"","_seopress_robots_index":""},"more":[],"product_brand":[6365],"product_cat":[11955,15620],"product_tag":[22505,22538,7017,6421,6444,6441,6373,21900,10284,6419,14707,22507,9914],"class_list":{"0":"post-31805","1":"product","2":"type-product","3":"status-publish","4":"has-post-thumbnail","6":"product_brand-l1","7":"product_cat-neu","8":"product_cat-schimmelpilze","9":"product_tag-fisch-2","10":"product_tag-fisch-3","11":"product_tag-fur","12":"product_tag-machen","13":"product_tag-metalclay","14":"product_tag-metallton","15":"product_tag-mini","16":"product_tag-ozean","17":"product_tag-schimmelpilz-2","18":"product_tag-schmuck","19":"product_tag-silikon","20":"product_tag-ton-diy","21":"product_tag-wasser","23":"first","24":"instock","25":"taxable","26":"shipping-taxable","27":"purchasable","28":"product-type-simple"},"acf":[],"_links":{"self":[{"href":"https:\/\/esquell.eu\/de\/wp-json\/wp\/v2\/product\/31805","targetHints":{"allow":["GET"]}}],"collection":[{"href":"https:\/\/esquell.eu\/de\/wp-json\/wp\/v2\/product"}],"about":[{"href":"https:\/\/esquell.eu\/de\/wp-json\/wp\/v2\/types\/product"}],"replies":[{"embeddable":true,"href":"https:\/\/esquell.eu\/de\/wp-json\/wp\/v2\/comments?post=31805"}],"wp:featuredmedia":[{"embeddable":true,"href":"https:\/\/esquell.eu\/de\/wp-json\/wp\/v2\/media\/31431"}],"wp:attachment":[{"href":"https:\/\/esquell.eu\/de\/wp-json\/wp\/v2\/media?parent=31805"}],"wp:term":[{"taxonomy":"more","embeddable":true,"href":"https:\/\/esquell.eu\/de\/wp-json\/wp\/v2\/more?post=31805"},{"taxonomy":"product_brand","embeddable":true,"href":"https:\/\/esquell.eu\/de\/wp-json\/wp\/v2\/product_brand?post=31805"},{"taxonomy":"product_cat","embeddable":true,"href":"https:\/\/esquell.eu\/de\/wp-json\/wp\/v2\/product_cat?post=31805"},{"taxonomy":"product_tag","embeddable":true,"href":"https:\/\/esquell.eu\/de\/wp-json\/wp\/v2\/product_tag?post=31805"}],"curies":[{"name":"wp","href":"https:\/\/api.w.org\/{rel}","templated":true}]}}