{"id":31801,"date":"2026-04-01T13:23:30","date_gmt":"2026-04-01T13:23:30","guid":{"rendered":"https:\/\/esquell.eu\/product\/briefmarken-alphabet-und-kleine-formen-fuer-ton\/"},"modified":"2026-04-01T13:23:30","modified_gmt":"2026-04-01T13:23:30","slug":"briefmarken-alphabet-und-kleine-formen-fuer-ton","status":"publish","type":"product","link":"https:\/\/esquell.eu\/de\/produkt\/briefmarken-alphabet-und-kleine-formen-fuer-ton\/","title":{"rendered":"Briefmarken Alphabet und kleine Formen f\u00fcr Ton"},"content":{"rendered":"<p>Stempel Alphabet und kleine Formen f\u00fcr In Clay<br \/>\nSehr gut geeignet f\u00fcr Silver Clay. Die Stempel sind hoch, so dass Sie keinen Hintergrundabdruck erhalten.   <\/p>\n<p>Die Buchstaben k\u00f6nnen auf dem W\u00fcrfel platziert werden, so dass Sie W\u00f6rter bilden k\u00f6nnen.<br \/>\nF\u00fcr die Abmessungen, siehe Fotos  <\/p>\n","protected":false},"excerpt":{"rendered":"<p>Stempel Alphabet und kleine Formen f\u00fcr In Clay Sehr gut geeignet f\u00fcr Silver Clay. Die Stempel sind hoch, so dass Sie keinen Hintergrundabdruck erhalten. Die Buchstaben k\u00f6nnen auf dem W\u00fcrfel platziert werden, so dass Sie W\u00f6rter bilden k\u00f6nnen. F\u00fcr die Abmessungen, siehe Fotos<\/p>\n","protected":false},"featured_media":31549,"comment_status":"closed","ping_status":"closed","template":"","meta":{"_acf_changed":false,"_seopress_robots_primary_cat":"none","_seopress_titles_title":"","_seopress_titles_desc":"","_seopress_robots_index":""},"more":[],"product_brand":[6365],"product_cat":[6367,8215,11955,12225],"product_tag":[22535,6624,7017,6444,22534,8022,6490],"class_list":{"0":"post-31801","1":"product","2":"type-product","3":"status-publish","4":"has-post-thumbnail","6":"product_brand-l1","7":"product_cat-erganzende-materialien","8":"product_cat-lehm","9":"product_cat-neu","10":"product_cat-texturen-und-stempel","11":"product_tag-alfabeth","12":"product_tag-briefmarken","13":"product_tag-fur","14":"product_tag-metalclay","15":"product_tag-mni","16":"product_tag-silberlehm","17":"product_tag-silberton","19":"first","20":"instock","21":"taxable","22":"shipping-taxable","23":"purchasable","24":"product-type-simple"},"acf":[],"_links":{"self":[{"href":"https:\/\/esquell.eu\/de\/wp-json\/wp\/v2\/product\/31801","targetHints":{"allow":["GET"]}}],"collection":[{"href":"https:\/\/esquell.eu\/de\/wp-json\/wp\/v2\/product"}],"about":[{"href":"https:\/\/esquell.eu\/de\/wp-json\/wp\/v2\/types\/product"}],"replies":[{"embeddable":true,"href":"https:\/\/esquell.eu\/de\/wp-json\/wp\/v2\/comments?post=31801"}],"wp:featuredmedia":[{"embeddable":true,"href":"https:\/\/esquell.eu\/de\/wp-json\/wp\/v2\/media\/31549"}],"wp:attachment":[{"href":"https:\/\/esquell.eu\/de\/wp-json\/wp\/v2\/media?parent=31801"}],"wp:term":[{"taxonomy":"more","embeddable":true,"href":"https:\/\/esquell.eu\/de\/wp-json\/wp\/v2\/more?post=31801"},{"taxonomy":"product_brand","embeddable":true,"href":"https:\/\/esquell.eu\/de\/wp-json\/wp\/v2\/product_brand?post=31801"},{"taxonomy":"product_cat","embeddable":true,"href":"https:\/\/esquell.eu\/de\/wp-json\/wp\/v2\/product_cat?post=31801"},{"taxonomy":"product_tag","embeddable":true,"href":"https:\/\/esquell.eu\/de\/wp-json\/wp\/v2\/product_tag?post=31801"}],"curies":[{"name":"wp","href":"https:\/\/api.w.org\/{rel}","templated":true}]}}