{"id":31790,"date":"2026-04-10T09:53:20","date_gmt":"2026-04-10T09:53:20","guid":{"rendered":"https:\/\/esquell.eu\/product\/silikon-miniformen-fluegel-kleine-fluegel\/"},"modified":"2026-04-10T09:53:20","modified_gmt":"2026-04-10T09:53:20","slug":"silikon-miniformen-fluegel-kleine-fluegel","status":"publish","type":"product","link":"https:\/\/esquell.eu\/de\/produkt\/silikon-miniformen-fluegel-kleine-fluegel\/","title":{"rendered":"Silikon Miniformen Fl\u00fcgel, kleine Fl\u00fcgel"},"content":{"rendered":"<p>Mini-Silikonform mit verschiedenen Fl\u00fcgeln, Schmetterling, Engeln.<\/p>\n<p>Gr\u00f6\u00dfe ca. 5,5 * 6,5 cm<\/p>\n<p>F\u00fcr Ton, Epoxid, Harz usw.<\/p>\n<p>Die Gr\u00f6\u00dfen der Bl\u00e4tter sind f\u00fcr Ringe, Ohrringe, Anh\u00e4nger usw. geeignet.<\/p>\n<p>Bei Verwendung mit Metallton:<\/p>\n<p>Spr\u00fchen Sie vor dem Gebrauch immer mit der Coolslip Anti-Haft-Formel. Dies verhindert, dass der Ton an den Formen klebt. <\/p>\n","protected":false},"excerpt":{"rendered":"<p>Mini-Silikonform mit verschiedenen Fl\u00fcgeln, Schmetterling, Engeln.<\/p>\n<p>Gr\u00f6\u00dfe ca. 5,5 * 6,5 cm<\/p>\n<p>F\u00fcr Ton, Epoxid, Harz usw.<\/p>\n<p>Die Gr\u00f6\u00dfen der Bl\u00e4tter sind f\u00fcr Ringe, Ohrringe, Anh\u00e4nger usw. geeignet.<\/p>\n<p>Bei Verwendung mit Metallton:<\/p>\n<p>Spr\u00fchen Sie vor dem Gebrauch immer mit der Coolslip Anti-Haft-Formel. Dies verhindert, dass der Ton an den Formen klebt. <\/p>\n","protected":false},"featured_media":31665,"comment_status":"closed","ping_status":"closed","template":"","meta":{"_acf_changed":false,"_seopress_robots_primary_cat":"","_seopress_titles_title":"","_seopress_titles_desc":"","_seopress_robots_index":""},"more":[],"product_brand":[6365],"product_cat":[11955,15620],"product_tag":[22525,17208,6494,18506,19141,22524,18500,19136,22523,7017,6421,6444,7557,6441,6373,10284,15624,6419,8022,6490,6556],"class_list":{"0":"post-31790","1":"product","2":"type-product","3":"status-publish","4":"has-post-thumbnail","6":"product_brand-l1","7":"product_cat-neu","8":"product_cat-schimmelpilze","9":"product_tag-basemetal","10":"product_tag-basis-3","11":"product_tag-diy","12":"product_tag-engel","13":"product_tag-engel-3","14":"product_tag-engel-5","15":"product_tag-flugel","16":"product_tag-flugel-3","17":"product_tag-flugel-4","18":"product_tag-fur","19":"product_tag-machen","20":"product_tag-metalclay","21":"product_tag-metall","22":"product_tag-metallton","23":"product_tag-mini","24":"product_tag-schimmelpilz-2","25":"product_tag-schmetterling","26":"product_tag-schmuck","27":"product_tag-silberlehm","28":"product_tag-silberton","29":"product_tag-ton-3","31":"first","32":"instock","33":"taxable","34":"shipping-taxable","35":"purchasable","36":"product-type-simple"},"acf":[],"_links":{"self":[{"href":"https:\/\/esquell.eu\/de\/wp-json\/wp\/v2\/product\/31790","targetHints":{"allow":["GET"]}}],"collection":[{"href":"https:\/\/esquell.eu\/de\/wp-json\/wp\/v2\/product"}],"about":[{"href":"https:\/\/esquell.eu\/de\/wp-json\/wp\/v2\/types\/product"}],"replies":[{"embeddable":true,"href":"https:\/\/esquell.eu\/de\/wp-json\/wp\/v2\/comments?post=31790"}],"wp:featuredmedia":[{"embeddable":true,"href":"https:\/\/esquell.eu\/de\/wp-json\/wp\/v2\/media\/31665"}],"wp:attachment":[{"href":"https:\/\/esquell.eu\/de\/wp-json\/wp\/v2\/media?parent=31790"}],"wp:term":[{"taxonomy":"more","embeddable":true,"href":"https:\/\/esquell.eu\/de\/wp-json\/wp\/v2\/more?post=31790"},{"taxonomy":"product_brand","embeddable":true,"href":"https:\/\/esquell.eu\/de\/wp-json\/wp\/v2\/product_brand?post=31790"},{"taxonomy":"product_cat","embeddable":true,"href":"https:\/\/esquell.eu\/de\/wp-json\/wp\/v2\/product_cat?post=31790"},{"taxonomy":"product_tag","embeddable":true,"href":"https:\/\/esquell.eu\/de\/wp-json\/wp\/v2\/product_tag?post=31790"}],"curies":[{"name":"wp","href":"https:\/\/api.w.org\/{rel}","templated":true}]}}