{"id":31784,"date":"2026-04-08T12:25:24","date_gmt":"2026-04-08T12:25:24","guid":{"rendered":"https:\/\/esquell.eu\/product\/silikonform-verschiedene-schmetterlinge-2\/"},"modified":"2026-04-08T12:25:24","modified_gmt":"2026-04-08T12:25:24","slug":"silikonform-verschiedene-schmetterlinge-2","status":"publish","type":"product","link":"https:\/\/esquell.eu\/de\/produkt\/silikonform-verschiedene-schmetterlinge-2\/","title":{"rendered":"Silikonform verschiedene Schmetterlinge"},"content":{"rendered":"<p>Silikonform<br \/>\nSchmetterling<br \/>\nGr\u00f6\u00dfen Formgr\u00f6\u00dfe gesamte Form 9 cm<\/p>\n<p>Mit dieser einzigartigen Form k\u00f6nnen Sie ganz einfach den sch\u00f6nsten Schmuck herstellen und verzieren. Die Form besteht aus hochwertigem Silikonmaterial und enth\u00e4lt verschiedene kleine V\u00f6gel <\/p>\n<p>Das Silikonmaterial ist flexibel und langlebig, so dass die Form immer wieder verwendet werden kann. Dar\u00fcber hinaus ist das Material leicht zu reinigen und zu pflegen. So haben Sie immer eine saubere Form f\u00fcr die n\u00e4chste Kreation bereit.  <\/p>\n<p>F\u00fcr die Verwendung mit Silberknete\/Metallknete wird Coolslip als Anti-Haftmittel empfohlen<\/p>\n","protected":false},"excerpt":{"rendered":"<p>Silikonform<br \/>\nSchmetterling<br \/>\nGr\u00f6\u00dfen Formgr\u00f6\u00dfe gesamte Form 9 cm<\/p>\n<p>Mit dieser einzigartigen Form k\u00f6nnen Sie ganz einfach den sch\u00f6nsten Schmuck herstellen und verzieren. Die Form besteht aus hochwertigem Silikonmaterial und enth\u00e4lt verschiedene kleine V\u00f6gel <\/p>\n<p>Das Silikonmaterial ist flexibel und langlebig, so dass die Form immer wieder verwendet werden kann. Dar\u00fcber hinaus ist das Material leicht zu reinigen und zu pflegen. So haben Sie immer eine saubere Form f\u00fcr die n\u00e4chste Kreation bereit.  <\/p>\n<p>F\u00fcr die Verwendung mit Silberknete\/Metallknete wird Coolslip als Anti-Haftmittel empfohlen<\/p>\n","protected":false},"featured_media":31616,"comment_status":"closed","ping_status":"closed","template":"","meta":{"_acf_changed":false,"_seopress_robots_primary_cat":"none","_seopress_titles_title":"","_seopress_titles_desc":"","_seopress_robots_index":""},"more":[],"product_brand":[6365],"product_cat":[11955,15620],"product_tag":[22519,22517,7680,7017,6421,6444,6373,10284,15624,6419,12826,8022,6490,14707,6556,9468,9465,18245,19070,22518],"class_list":{"0":"post-31784","1":"product","2":"type-product","3":"status-publish","4":"has-post-thumbnail","6":"product_brand-l1","7":"product_cat-neu","8":"product_cat-schimmelpilze","9":"product_tag-bronze-ton-kupfer-ton","10":"product_tag-engel-4","11":"product_tag-formulare","12":"product_tag-fur","13":"product_tag-machen","14":"product_tag-metalclay","15":"product_tag-mini","16":"product_tag-schimmelpilz-2","17":"product_tag-schmetterling","18":"product_tag-schmuck","19":"product_tag-selbstgemachter-schmuck-3","20":"product_tag-silberlehm","21":"product_tag-silberton","22":"product_tag-silikon","23":"product_tag-ton-3","24":"product_tag-typen","25":"product_tag-verschiedene","26":"product_tag-vogel","27":"product_tag-vogel-2","28":"product_tag-vogel-3","30":"first","31":"instock","32":"taxable","33":"shipping-taxable","34":"purchasable","35":"product-type-simple"},"acf":[],"_links":{"self":[{"href":"https:\/\/esquell.eu\/de\/wp-json\/wp\/v2\/product\/31784","targetHints":{"allow":["GET"]}}],"collection":[{"href":"https:\/\/esquell.eu\/de\/wp-json\/wp\/v2\/product"}],"about":[{"href":"https:\/\/esquell.eu\/de\/wp-json\/wp\/v2\/types\/product"}],"replies":[{"embeddable":true,"href":"https:\/\/esquell.eu\/de\/wp-json\/wp\/v2\/comments?post=31784"}],"wp:featuredmedia":[{"embeddable":true,"href":"https:\/\/esquell.eu\/de\/wp-json\/wp\/v2\/media\/31616"}],"wp:attachment":[{"href":"https:\/\/esquell.eu\/de\/wp-json\/wp\/v2\/media?parent=31784"}],"wp:term":[{"taxonomy":"more","embeddable":true,"href":"https:\/\/esquell.eu\/de\/wp-json\/wp\/v2\/more?post=31784"},{"taxonomy":"product_brand","embeddable":true,"href":"https:\/\/esquell.eu\/de\/wp-json\/wp\/v2\/product_brand?post=31784"},{"taxonomy":"product_cat","embeddable":true,"href":"https:\/\/esquell.eu\/de\/wp-json\/wp\/v2\/product_cat?post=31784"},{"taxonomy":"product_tag","embeddable":true,"href":"https:\/\/esquell.eu\/de\/wp-json\/wp\/v2\/product_tag?post=31784"}],"curies":[{"name":"wp","href":"https:\/\/api.w.org\/{rel}","templated":true}]}}