{"id":31782,"date":"2026-04-10T09:57:31","date_gmt":"2026-04-10T09:57:31","guid":{"rendered":"https:\/\/esquell.eu\/product\/silikonform-mit-mini-fleur-de-lis-schluessel-krone-und-anderen-ornamenten\/"},"modified":"2026-04-10T09:57:31","modified_gmt":"2026-04-10T09:57:31","slug":"silikonform-mit-mini-fleur-de-lis-schluessel-krone-und-anderen-ornamenten","status":"publish","type":"product","link":"https:\/\/esquell.eu\/de\/produkt\/silikonform-mit-mini-fleur-de-lis-schluessel-krone-und-anderen-ornamenten\/","title":{"rendered":"Silikonform mit Mini-Fleur de lis, Schl\u00fcssel, Krone und anderen Ornamenten"},"content":{"rendered":"<p>Mini-Silikonform Fleur de lis, Schl\u00fcssel, Krone und andere Ornamente<\/p>\n<p>Ma\u00dfe gesamte Form ca. 8,5 * 8,5 cm<\/p>\n<p>F\u00fcr Ton, Epoxid, Harz usw.<\/p>\n<p>Die Gr\u00f6\u00dfen sind f\u00fcr Ringe, Ohrringe, Anh\u00e4nger usw. geeignet.<\/p>\n<p>Bei Verwendung mit Metallton:<\/p>\n<p>Spr\u00fchen Sie vor dem Gebrauch immer mit der Coolslip Anti-Haft-Formel. Dies verhindert, dass der Ton an den Formen klebt. <\/p>\n","protected":false},"excerpt":{"rendered":"<p>Mini-Silikonform Fleur de lis, Schl\u00fcssel, Krone und andere Ornamente<\/p>\n<p>Ma\u00dfe gesamte Form ca. 8,5 * 8,5 cm<\/p>\n<p>F\u00fcr Ton, Epoxid, Harz usw.<\/p>\n<p>Die Gr\u00f6\u00dfen sind f\u00fcr Ringe, Ohrringe, Anh\u00e4nger usw. geeignet.<\/p>\n<p>Bei Verwendung mit Metallton:<\/p>\n<p>Spr\u00fchen Sie vor dem Gebrauch immer mit der Coolslip Anti-Haft-Formel. Dies verhindert, dass der Ton an den Formen klebt. <\/p>\n","protected":false},"featured_media":31667,"comment_status":"closed","ping_status":"closed","template":"","meta":{"_acf_changed":false,"_seopress_robots_primary_cat":"none","_seopress_titles_title":"","_seopress_titles_desc":"","_seopress_robots_index":""},"more":[],"product_brand":[6365],"product_cat":[11955,15620],"product_tag":[22525,17208,17992,6494,18506,19141,22524,19287,22526,18500,19136,22523,7017,22528,22527,6421,6444,7557,6441,6373,10284,19703,15624,6419,8022,6490,6556],"class_list":{"0":"post-31782","1":"product","2":"type-product","3":"status-publish","4":"has-post-thumbnail","6":"product_brand-l1","7":"product_cat-neu","8":"product_cat-schimmelpilze","9":"product_tag-basemetal","10":"product_tag-basis-3","11":"product_tag-die-5","12":"product_tag-diy","13":"product_tag-engel","14":"product_tag-engel-3","15":"product_tag-engel-5","16":"product_tag-fleur","17":"product_tag-fleurdelis","18":"product_tag-flugel","19":"product_tag-flugel-3","20":"product_tag-flugel-4","21":"product_tag-fur","22":"product_tag-krone","23":"product_tag-lis","24":"product_tag-machen","25":"product_tag-metalclay","26":"product_tag-metall","27":"product_tag-metallton","28":"product_tag-mini","29":"product_tag-schimmelpilz-2","30":"product_tag-schlussel","31":"product_tag-schmetterling","32":"product_tag-schmuck","33":"product_tag-silberlehm","34":"product_tag-silberton","35":"product_tag-ton-3","37":"first","38":"instock","39":"taxable","40":"shipping-taxable","41":"purchasable","42":"product-type-simple"},"acf":[],"_links":{"self":[{"href":"https:\/\/esquell.eu\/de\/wp-json\/wp\/v2\/product\/31782","targetHints":{"allow":["GET"]}}],"collection":[{"href":"https:\/\/esquell.eu\/de\/wp-json\/wp\/v2\/product"}],"about":[{"href":"https:\/\/esquell.eu\/de\/wp-json\/wp\/v2\/types\/product"}],"replies":[{"embeddable":true,"href":"https:\/\/esquell.eu\/de\/wp-json\/wp\/v2\/comments?post=31782"}],"wp:featuredmedia":[{"embeddable":true,"href":"https:\/\/esquell.eu\/de\/wp-json\/wp\/v2\/media\/31667"}],"wp:attachment":[{"href":"https:\/\/esquell.eu\/de\/wp-json\/wp\/v2\/media?parent=31782"}],"wp:term":[{"taxonomy":"more","embeddable":true,"href":"https:\/\/esquell.eu\/de\/wp-json\/wp\/v2\/more?post=31782"},{"taxonomy":"product_brand","embeddable":true,"href":"https:\/\/esquell.eu\/de\/wp-json\/wp\/v2\/product_brand?post=31782"},{"taxonomy":"product_cat","embeddable":true,"href":"https:\/\/esquell.eu\/de\/wp-json\/wp\/v2\/product_cat?post=31782"},{"taxonomy":"product_tag","embeddable":true,"href":"https:\/\/esquell.eu\/de\/wp-json\/wp\/v2\/product_tag?post=31782"}],"curies":[{"name":"wp","href":"https:\/\/api.w.org\/{rel}","templated":true}]}}