{"id":31773,"date":"2026-04-08T11:21:21","date_gmt":"2026-04-08T11:21:21","guid":{"rendered":"https:\/\/esquell.eu\/product\/patina-leber-oder-schwefel-in-gelform\/"},"modified":"2026-04-08T11:21:21","modified_gmt":"2026-04-08T11:21:21","slug":"patina-leber-oder-schwefel-in-gelform","status":"publish","type":"product","link":"https:\/\/esquell.eu\/de\/produkt\/patina-leber-oder-schwefel-in-gelform\/","title":{"rendered":"Patina Leber oder Schwefel in Gelform"},"content":{"rendered":"<p>Cool Tools Patina Gel ist eine Patina in Gelform. Es ist nicht nur die bequemste und einfachste Art, Leber oder Schwefel zu verwenden, sondern es verliert auch nicht seine Wirkung, wenn es Licht und Luft ausgesetzt wird.<br \/>\nCool Tools Patina Gel ist sparsam im Verbrauch. Dank des praktischen Spenders verwenden Sie nur so viel, wie Sie brauchen. Sie m\u00fcssen auch nicht mehr eine ganze Packung wegwerfen, weil der Deckel nicht richtig aufgesetzt war. Patina Gel ist immer einsatzbereit, und Sie brauchen nur ein paar Tropfen.<br \/>\nCool Tools Patina Gel ist sicher. Die einzigartige chemische Zusammensetzung von Cool Tools Patina Gel macht es nicht brennbar.       <\/p>\n<p>Cool Tools Patina Gel kann so stark oder so schwach sein, wie Sie m\u00f6chten. Eine zitronengelbe Farbe ist ein guter Ausgangspunkt. Verwenden Sie mehr oder weniger, um die Intensit\u00e4t anzupassen.  <\/p>\n<p>Antike Patina: R\u00fchren Sie 1\/4 Teel\u00f6ffel Patina-Gel in ein Glas- oder Kunststoffgef\u00e4\u00df mit 180 bis 360 ml sehr hei\u00dfem (nicht kochendem) Wasser. Tauchen Sie die Objekte mit einer Pinzette in die Patinagel\u00f6sung, h\u00e4ngen Sie sie auf einen gebogenen Draht oder benutzen Sie Handschuhe. Sobald Sie die gew\u00fcnschte Farbe erreicht haben, nehmen Sie die Objekte heraus und legen sie etwa 5 Minuten lang in eine neutralisierende L\u00f6sung aus Wasser mit etwas Backpulver, sp\u00fclen sie ab, trocknen sie und bearbeiten sie.  <\/p>\n<p>Regenbogen-Patina: Mischen Sie die L\u00f6sung wie oben beschrieben, aber verwenden Sie lauwarmes Wasser anstelle von hei\u00dfem Wasser. Tauchen Sie die Objekte schnell in die L\u00f6sung und nehmen Sie sie wieder heraus. Beobachten Sie die Entwicklung der Farben. Sobald Sie die gew\u00fcnschten Farben sehen, tauchen Sie die Objekte sofort in das Neutralisierungsbad, um den Prozess zu stoppen.   <\/p>\n<p>Rainbow Patina extra klar. Folgen Sie den obigen Anweisungen f\u00fcr die Rainbow Patina, aber f\u00fcgen Sie der L\u00f6sung etwa 1 Essl\u00f6ffel Ammoniak hinzu. Das Ammoniak hellt die Farben auf und l\u00e4sst sie besser zur Geltung kommen. Neutralisieren Sie die St\u00fccke, nachdem Sie die gew\u00fcnschten Farben erzielt haben.   <\/p>\n<p>F\u00fcr eine gleichm\u00e4\u00dfige Patina sollte das Metall v\u00f6llig sauber und frei von Fingerabdr\u00fccken, Politur, Fett usw. sein.  <\/p>\n<p>Neutralisieren<br \/>\nEs ist sehr wichtig, neu eingetauchte St\u00fccke zu neutralisieren. Wenn Sie das Metall nicht neutralisieren, wird die Schwefelleber weiterhin mit dem Metall reagieren und Ihr Gegenstand muss sofort neu poliert werden. Lassen Sie die Gegenst\u00e4nde bei normalen Metallen etwa 1 bis 2 Minuten im Neutralisierungsbad liegen, bei Metallton etwas l\u00e4nger. Metallton ist por\u00f6s und die Patinal\u00f6sung kann in ihn eindringen und mehrere Minuten lang weiter reagieren.   <\/p>\n<p>Versuchen Sie nach dem Eintauchen, eine Paste aus Wasser und Backpulver zu verwenden, um die Oxidation von den hohen Teilen zu entfernen. \u00dcbrigens, stellen Sie sicher, dass Sie eine Dose Backpulver neben dem Waschbecken stehen haben, w\u00e4hrend Sie arbeiten. Geben Sie etwa einen Essl\u00f6ffel Backpulver in eine Handfl\u00e4che. F\u00fcgen Sie ein paar Tropfen Wasser hinzu und stellen Sie eine dicke Paste her. Reiben Sie die Paste mit Ihren Daumen in das Metall ein. Dies entfernt nicht nur die Oxidation von den hohen Stellen, sondern hilft auch, die oxidierende Wirkung zu neutralisieren. Sie k\u00f6nnen den Gegenstand so lassen, wie er ist, oder ihn nach Belieben polieren.      <\/p>\n<p>F\u00fcr das tiefste Schwarz ist es besser, das Objekt mehrmals einzutauchen, als es einmal f\u00fcr l\u00e4ngere Zeit zu tr\u00e4nken. Lassen Sie das Objekt in der L\u00f6sung, bis es dunkelgrau wird. Nehmen Sie es heraus und reiben Sie die unerw\u00fcnschte Oxidation mit einer Paste aus Backpulver ab. Sp\u00fclen Sie es ab und tragen Sie dann erneut eine Patina auf. Wiederholen Sie den Vorgang, bis Sie mit der schwarzen Farbe zufrieden sind.    <\/p>\n","protected":false},"excerpt":{"rendered":"<p>Cool Tools Patina Gel ist eine Patina in Gelform. Es ist nicht nur die bequemste und einfachste Art, Leber oder Schwefel zu verwenden, sondern es verliert auch nicht seine Wirkung, wenn es Licht und Luft ausgesetzt wird.<br \/>\nCool Tools Patina Gel ist sparsam im Verbrauch. Dank des praktischen Spenders verwenden Sie nur so viel, wie Sie brauchen. Sie m\u00fcssen auch nicht mehr eine ganze Packung wegwerfen, weil der Deckel nicht richtig aufgesetzt war. Patina Gel ist immer einsatzbereit, und Sie brauchen nur ein paar Tropfen.<br \/>\nCool Tools Patina Gel ist sicher. Die einzigartige chemische Zusammensetzung von Cool Tools Patina Gel macht es nicht brennbar.       <\/p>\n<p>Cool Tools Patina Gel kann so stark oder so schwach sein, wie Sie m\u00f6chten. Eine zitronengelbe Farbe ist ein guter Ausgangspunkt. Verwenden Sie mehr oder weniger, um die Intensit\u00e4t anzupassen.  <\/p>\n<p>Antike Patina: R\u00fchren Sie 1\/4 Teel\u00f6ffel Patina-Gel in ein Glas- oder Kunststoffgef\u00e4\u00df mit 180 bis 360 ml sehr hei\u00dfem (nicht kochendem) Wasser. Tauchen Sie die Gegenst\u00e4nde mit einer Pinzette in die Patinagel\u00f6sung, h\u00e4ngen Sie sie auf einen gebogenen Draht oder benutzen Sie Handschuhe. Sobald Sie die gew\u00fcnschte Farbe erreicht haben, nehmen Sie die Objekte heraus und legen sie etwa 5 Minuten lang in eine neutralisierende L\u00f6sung aus Wasser mit etwas Backpulver, sp\u00fclen sie ab, trocknen sie und bearbeiten sie.  <\/p>\n<p>Regenbogen-Patina: Mischen Sie die L\u00f6sung wie oben beschrieben, aber verwenden Sie lauwarmes Wasser anstelle von hei\u00dfem Wasser. Tauchen Sie die Objekte schnell in die L\u00f6sung und nehmen Sie sie wieder heraus. Beobachten Sie die Entwicklung der Farben. Sobald Sie die gew\u00fcnschten Farben sehen, tauchen Sie die Objekte sofort in das Neutralisierungsbad, um den Prozess zu stoppen.   <\/p>\n<p>Rainbow Patina extra klar. Folgen Sie den Anweisungen f\u00fcr die Rainbow Patina oben, f\u00fcgen Sie aber etwa 1 Essl\u00f6ffel Ammoniak zu der L\u00f6sung hinzu. Das Ammoniak hellt die Farben auf und l\u00e4sst sie besser zur Geltung kommen. Neutralisieren Sie die St\u00fccke, nachdem Sie die gew\u00fcnschten Farben erzielt haben.   <\/p>\n<p>F\u00fcr eine gleichm\u00e4\u00dfige Patina muss das Metall v\u00f6llig sauber und frei von Fingerabdr\u00fccken, Politur, Fett usw. sein.  <\/p>\n<p>Neutralisieren<br \/>\nEs ist sehr wichtig, neu eingetauchte St\u00fccke zu neutralisieren. Wenn Sie das Metall nicht neutralisieren, wird die Schwefelleber weiterhin mit dem Metall reagieren und Ihr Gegenstand muss sofort neu poliert werden. Lassen Sie die Gegenst\u00e4nde bei normalen Metallen etwa 1-2 Minuten im Neutralisierungsbad liegen, bei Metallton etwas l\u00e4nger. Metallton ist por\u00f6s und die Patinal\u00f6sung kann in ihn eindringen und mehrere Minuten lang weiter reagieren.   <\/p>\n<p>Versuchen Sie nach dem Eintauchen, eine Paste aus Wasser und Backpulver zu verwenden, um die Oxidation von den hohen Teilen zu entfernen. \u00dcbrigens, stellen Sie sicher, dass Sie eine Dose Backpulver neben dem Waschbecken stehen haben, w\u00e4hrend Sie arbeiten. Geben Sie etwa einen Essl\u00f6ffel Backpulver in eine Handfl\u00e4che. F\u00fcgen Sie ein paar Tropfen Wasser hinzu und stellen Sie eine dicke Paste her. Reiben Sie die Paste mit Ihren Daumen in das Metall ein. Dadurch wird nicht nur die Oxidation an den stark beanspruchten Stellen entfernt, sondern auch die oxidierende Wirkung neutralisiert. Sie k\u00f6nnen den Gegenstand so lassen, wie er ist, oder ihn nach Belieben polieren.      <\/p>\n<p>F\u00fcr ein tiefes Schwarz ist es besser, das Objekt mehrmals einzutauchen, als es einmal f\u00fcr lange Zeit einzuweichen. Lassen Sie das Objekt in der L\u00f6sung, bis es dunkelgrau wird. Nehmen Sie es heraus und reiben Sie die unerw\u00fcnschte Oxidation mit einer Paste aus Backpulver ab. Sp\u00fclen Sie es ab und tragen Sie dann erneut eine Patina auf. Wiederholen Sie den Vorgang, bis Sie mit der schwarzen Farbe zufrieden sind.    <\/p>\n","protected":false},"featured_media":31613,"comment_status":"closed","ping_status":"closed","template":"","meta":{"_acf_changed":false,"_seopress_robots_primary_cat":"","_seopress_titles_title":"","_seopress_titles_desc":"","_seopress_robots_index":""},"more":[],"product_brand":[6595],"product_cat":[6367,11955,7361],"product_tag":[8120,22508,6444,22511,6441,22510,11229,8116,22512,6812,6490],"class_list":{"0":"post-31773","1":"product","2":"type-product","3":"status-publish","4":"has-post-thumbnail","6":"product_brand-coole-tools","7":"product_cat-erganzende-materialien","8":"product_cat-neu","9":"product_cat-schleifen-feilen-und-polieren","10":"product_tag-antik","11":"product_tag-leber","12":"product_tag-metalclay","13":"product_tag-metalle-metalle","14":"product_tag-metallton","15":"product_tag-oder-sulphir","16":"product_tag-patina","17":"product_tag-schwarze","18":"product_tag-schwarzen","19":"product_tag-silber-3","20":"product_tag-silberton","22":"first","23":"instock","24":"taxable","25":"shipping-taxable","26":"purchasable","27":"product-type-simple"},"acf":[],"_links":{"self":[{"href":"https:\/\/esquell.eu\/de\/wp-json\/wp\/v2\/product\/31773","targetHints":{"allow":["GET"]}}],"collection":[{"href":"https:\/\/esquell.eu\/de\/wp-json\/wp\/v2\/product"}],"about":[{"href":"https:\/\/esquell.eu\/de\/wp-json\/wp\/v2\/types\/product"}],"replies":[{"embeddable":true,"href":"https:\/\/esquell.eu\/de\/wp-json\/wp\/v2\/comments?post=31773"}],"wp:featuredmedia":[{"embeddable":true,"href":"https:\/\/esquell.eu\/de\/wp-json\/wp\/v2\/media\/31613"}],"wp:attachment":[{"href":"https:\/\/esquell.eu\/de\/wp-json\/wp\/v2\/media?parent=31773"}],"wp:term":[{"taxonomy":"more","embeddable":true,"href":"https:\/\/esquell.eu\/de\/wp-json\/wp\/v2\/more?post=31773"},{"taxonomy":"product_brand","embeddable":true,"href":"https:\/\/esquell.eu\/de\/wp-json\/wp\/v2\/product_brand?post=31773"},{"taxonomy":"product_cat","embeddable":true,"href":"https:\/\/esquell.eu\/de\/wp-json\/wp\/v2\/product_cat?post=31773"},{"taxonomy":"product_tag","embeddable":true,"href":"https:\/\/esquell.eu\/de\/wp-json\/wp\/v2\/product_tag?post=31773"}],"curies":[{"name":"wp","href":"https:\/\/api.w.org\/{rel}","templated":true}]}}