{"id":31771,"date":"2026-03-25T10:29:19","date_gmt":"2026-03-25T10:29:19","guid":{"rendered":"https:\/\/esquell.eu\/product\/silikon-mini-form-seestern-seesterne\/"},"modified":"2026-03-25T10:29:19","modified_gmt":"2026-03-25T10:29:19","slug":"silikon-mini-form-seestern-seesterne","status":"publish","type":"product","link":"https:\/\/esquell.eu\/de\/produkt\/silikon-mini-form-seestern-seesterne\/","title":{"rendered":"Silikon Mini-Form Seestern Seesterne"},"content":{"rendered":"<p>Silikon Mini-Form Seestern Seestern<br \/>\nGr\u00f6\u00dfe ganze Form ca. 6*6 cm,<\/p>\n<p>F\u00fcr Ton, Epoxid, Harz usw.<\/p>\n<p>Die Gr\u00f6\u00dfen der Bl\u00e4tter sind f\u00fcr Ringe, Ohrringe, Anh\u00e4nger usw. geeignet.<\/p>\n<p>Bei Verwendung mit Metallton:<\/p>\n<p>Spr\u00fchen Sie vor dem Gebrauch immer mit der Coolslip Anti-Haft-Formel. Dies verhindert, dass der Ton an den Formen klebt. <\/p>\n","protected":false},"excerpt":{"rendered":"<p>Silikon Mini-Form Seestern Seestern<br \/>\nGr\u00f6\u00dfe ganze Form ca. 6*6 cm,<\/p>\n<p>F\u00fcr Ton, Epoxid, Harz usw.<\/p>\n<p>Die Gr\u00f6\u00dfen der Bl\u00e4tter sind f\u00fcr Ringe, Ohrringe, Anh\u00e4nger usw. geeignet.<\/p>\n<p>Bei Verwendung mit Metallton:<\/p>\n<p>Spr\u00fchen Sie vor dem Gebrauch immer mit der Coolslip Anti-Haft-Formel. Dies verhindert, dass der Ton an den Formen klebt. <\/p>\n","protected":false},"featured_media":31433,"comment_status":"closed","ping_status":"closed","template":"","meta":{"_acf_changed":false,"_seopress_robots_primary_cat":"none","_seopress_titles_title":"","_seopress_titles_desc":"","_seopress_robots_index":""},"more":[],"product_brand":[6365],"product_cat":[11955,15620],"product_tag":[22505,7017,6421,18362,6444,6441,6373,21900,10284,6419,22509,14707,19534,22506,22507,9914],"class_list":{"0":"post-31771","1":"product","2":"type-product","3":"status-publish","4":"has-post-thumbnail","6":"product_brand-l1","7":"product_cat-neu","8":"product_cat-schimmelpilze","9":"product_tag-fisch-2","10":"product_tag-fur","11":"product_tag-machen","12":"product_tag-meer","13":"product_tag-metalclay","14":"product_tag-metallton","15":"product_tag-mini","16":"product_tag-ozean","17":"product_tag-schimmelpilz-2","18":"product_tag-schmuck","19":"product_tag-seestern-2","20":"product_tag-silikon","21":"product_tag-sterne","22":"product_tag-sterne-2","23":"product_tag-ton-diy","24":"product_tag-wasser","26":"first","27":"instock","28":"taxable","29":"shipping-taxable","30":"purchasable","31":"product-type-simple"},"acf":[],"_links":{"self":[{"href":"https:\/\/esquell.eu\/de\/wp-json\/wp\/v2\/product\/31771","targetHints":{"allow":["GET"]}}],"collection":[{"href":"https:\/\/esquell.eu\/de\/wp-json\/wp\/v2\/product"}],"about":[{"href":"https:\/\/esquell.eu\/de\/wp-json\/wp\/v2\/types\/product"}],"replies":[{"embeddable":true,"href":"https:\/\/esquell.eu\/de\/wp-json\/wp\/v2\/comments?post=31771"}],"wp:featuredmedia":[{"embeddable":true,"href":"https:\/\/esquell.eu\/de\/wp-json\/wp\/v2\/media\/31433"}],"wp:attachment":[{"href":"https:\/\/esquell.eu\/de\/wp-json\/wp\/v2\/media?parent=31771"}],"wp:term":[{"taxonomy":"more","embeddable":true,"href":"https:\/\/esquell.eu\/de\/wp-json\/wp\/v2\/more?post=31771"},{"taxonomy":"product_brand","embeddable":true,"href":"https:\/\/esquell.eu\/de\/wp-json\/wp\/v2\/product_brand?post=31771"},{"taxonomy":"product_cat","embeddable":true,"href":"https:\/\/esquell.eu\/de\/wp-json\/wp\/v2\/product_cat?post=31771"},{"taxonomy":"product_tag","embeddable":true,"href":"https:\/\/esquell.eu\/de\/wp-json\/wp\/v2\/product_tag?post=31771"}],"curies":[{"name":"wp","href":"https:\/\/api.w.org\/{rel}","templated":true}]}}