{"id":31759,"date":"2026-03-23T12:50:03","date_gmt":"2026-03-23T12:50:03","guid":{"rendered":"https:\/\/esquell.eu\/product\/silikon-mini-form-pilze-2\/"},"modified":"2026-03-23T12:50:03","modified_gmt":"2026-03-23T12:50:03","slug":"silikon-mini-form-pilze-2","status":"publish","type":"product","link":"https:\/\/esquell.eu\/de\/produkt\/silikon-mini-form-pilze-2\/","title":{"rendered":"Silikon Mini-Form Pilze 2"},"content":{"rendered":"<p>Mini-Silikonform verschiedene Pilze<\/p>\n<p>Gr\u00f6\u00dfe der ganzen Form ca. 6*6 cm,<\/p>\n<p>F\u00fcr Ton, Epoxid, Harz usw.<\/p>\n<p>Die Gr\u00f6\u00dfen der Bl\u00e4tter sind f\u00fcr Ringe, Ohrringe, Anh\u00e4nger usw. geeignet.<\/p>\n<p>Bei Verwendung mit Metallton:<\/p>\n<p>Spr\u00fchen Sie vor dem Gebrauch immer mit der Coolslip Anti-Haft-Formel. Dies verhindert, dass der Ton an den Formen klebt. <\/p>\n","protected":false},"excerpt":{"rendered":"<p>Mini-Silikonform verschiedene Pilze Gr\u00f6\u00dfe der ganzen Form ca. 6*6 cm, F\u00fcr Ton, Epoxid, Harz usw. Die Gr\u00f6\u00dfen der Bl\u00e4tter sind f\u00fcr Ringe, Ohrringe, Anh\u00e4nger usw. geeignet. Bei Verwendung mit Metallton: Spr\u00fchen Sie vor dem Gebrauch immer mit der Coolslip Anti-Haft-Formel. Dies verhindert, dass der Ton an den Formen klebt.<\/p>\n","protected":false},"featured_media":31220,"comment_status":"closed","ping_status":"closed","template":"","meta":{"_acf_changed":false,"_seopress_robots_primary_cat":"none","_seopress_titles_title":"","_seopress_titles_desc":"","_seopress_robots_index":""},"more":[],"product_brand":[6365],"product_cat":[11955,15620],"product_tag":[7696,22333,17393,17394,18415,15083,7017,18414,19576,22334,6441,22336,6373,7674,10284,22335,6490,14707,6556,6694,15628],"class_list":{"0":"post-31759","1":"product","2":"type-product","3":"status-publish","4":"has-post-thumbnail","6":"product_brand-l1","7":"product_cat-neu","8":"product_cat-schimmelpilze","9":"product_tag-blumen","10":"product_tag-blutenknospe","11":"product_tag-champignon","12":"product_tag-champignons","13":"product_tag-champignons-2","14":"product_tag-formen-2","15":"product_tag-fur","16":"product_tag-herbst","17":"product_tag-lilie","18":"product_tag-lilienknospe","19":"product_tag-metallton","20":"product_tag-min","21":"product_tag-mini","22":"product_tag-polymer-clay","23":"product_tag-schimmelpilz-2","24":"product_tag-seerosenblatt","25":"product_tag-silberton","26":"product_tag-silikon","27":"product_tag-ton-3","28":"product_tag-von","29":"product_tag-vorlage-2","31":"first","32":"instock","33":"taxable","34":"shipping-taxable","35":"purchasable","36":"product-type-simple"},"acf":[],"_links":{"self":[{"href":"https:\/\/esquell.eu\/de\/wp-json\/wp\/v2\/product\/31759","targetHints":{"allow":["GET"]}}],"collection":[{"href":"https:\/\/esquell.eu\/de\/wp-json\/wp\/v2\/product"}],"about":[{"href":"https:\/\/esquell.eu\/de\/wp-json\/wp\/v2\/types\/product"}],"replies":[{"embeddable":true,"href":"https:\/\/esquell.eu\/de\/wp-json\/wp\/v2\/comments?post=31759"}],"wp:featuredmedia":[{"embeddable":true,"href":"https:\/\/esquell.eu\/de\/wp-json\/wp\/v2\/media\/31220"}],"wp:attachment":[{"href":"https:\/\/esquell.eu\/de\/wp-json\/wp\/v2\/media?parent=31759"}],"wp:term":[{"taxonomy":"more","embeddable":true,"href":"https:\/\/esquell.eu\/de\/wp-json\/wp\/v2\/more?post=31759"},{"taxonomy":"product_brand","embeddable":true,"href":"https:\/\/esquell.eu\/de\/wp-json\/wp\/v2\/product_brand?post=31759"},{"taxonomy":"product_cat","embeddable":true,"href":"https:\/\/esquell.eu\/de\/wp-json\/wp\/v2\/product_cat?post=31759"},{"taxonomy":"product_tag","embeddable":true,"href":"https:\/\/esquell.eu\/de\/wp-json\/wp\/v2\/product_tag?post=31759"}],"curies":[{"name":"wp","href":"https:\/\/api.w.org\/{rel}","templated":true}]}}