{"id":31539,"date":"2026-04-01T12:51:41","date_gmt":"2026-04-01T12:51:41","guid":{"rendered":"https:\/\/esquell.eu\/?post_type=product&#038;p=31539"},"modified":"2026-04-01T12:55:10","modified_gmt":"2026-04-01T12:55:10","slug":"vorlage-whimsy-diamond-tmp-844-kopie","status":"publish","type":"product","link":"https:\/\/esquell.eu\/de\/produkt\/vorlage-whimsy-diamond-tmp-844-kopie\/","title":{"rendered":"Vorlage Whimsy Diamond TMP-844 (kopie)"},"content":{"rendered":"<p>Enth\u00e4lt 6 Formen.<br \/>\nDie Gr\u00f6\u00dfen reichen von 15,5 mm bis 49 mm.<\/p>\n<p>Schablone f\u00fcr die Schmuckherstellung. Transparent, daher einfach zu verwenden und leicht zu positionieren.  Verwenden Sie zum Ausschneiden einen Nadelstift. Damit erzielen Sie die besten Ergebnisse. <\/p>\n","protected":false},"excerpt":{"rendered":"<p>Um die Schablone auf Polymer-, Metall- oder Keramikton zu verwenden, legen Sie ein glattes oder strukturiertes St\u00fcck Ton auf eine Arbeitsmatte und schneiden Sie die Form mit einem Nadelstift aus. Beginnen Sie an den \u00e4u\u00dferen Ecken und schneiden Sie zu den inneren Ecken hin, um die sch\u00f6nsten Schnitte zu erzielen. Nehmen Sie die Schablone ab und entfernen Sie den \u00fcbersch\u00fcssigen Ton.  <\/p>\n<p>Diese Schablone ist auch als Schablone f\u00fcr die Herstellung von Befestigungselementen aus Blech geeignet.<\/p>\n<p>&nbsp;<\/p>\n<p>&nbsp;<\/p>\n","protected":false},"featured_media":31543,"comment_status":"closed","ping_status":"closed","template":"","meta":{"_acf_changed":false,"_seopress_robots_primary_cat":"none","_seopress_titles_title":"","_seopress_titles_desc":"","_seopress_robots_index":""},"more":[],"product_brand":[6595],"product_cat":[11955,11398],"product_tag":[6446,11978,6802,6492,6438,6677,6458,6790,6415,7250,15339,7463,7676,7451,13111,13109,6675,10107,13082,6793,7461,7953,12298,7206,7672,7680,6680,7017,7237,13084,10814,13068,6452,7259,6673,6786,11016,13160,6704,9501,6510,6679,7545,6421,6444,6441,13157,6455,6788,6891,14475,13155,13080,8786,13066,13070,9506,11512,13102,15336,8587,13106,15346,6490,13072,13148,6556,7511,15342,7240,15327,6784,12539,6449,13108,15332,9206,6814,6783,13104,8004],"class_list":{"0":"post-31539","1":"product","2":"type-product","3":"status-publish","4":"has-post-thumbnail","6":"product_brand-coole-tools","7":"product_cat-neu","8":"product_cat-schablonen-fur-die-schmuckherstellung","9":"product_tag-aida","10":"product_tag-amber","11":"product_tag-angebot","12":"product_tag-artclay","13":"product_tag-artclaysilver","14":"product_tag-belgien-2","15":"product_tag-belgien","16":"product_tag-bestellung","17":"product_tag-billig","18":"product_tag-blau-2","19":"product_tag-blech","20":"product_tag-bruhgruppe","21":"product_tag-cernit","22":"product_tag-chaton","23":"product_tag-collor","24":"product_tag-collors","25":"product_tag-craftlines","26":"product_tag-daimond","27":"product_tag-die-2","28":"product_tag-einkaufen","29":"product_tag-einstellbox","30":"product_tag-einstellung","31":"product_tag-farbe","32":"product_tag-farben","33":"product_tag-fimo","34":"product_tag-formulare","35":"product_tag-frankreich","36":"product_tag-fur","37":"product_tag-gelb-2","38":"product_tag-gem","39":"product_tag-glas-2","40":"product_tag-grosartig-2","41":"product_tag-groshandel","42":"product_tag-grun-2","43":"product_tag-japan","44":"product_tag-kaufen","45":"product_tag-kubisch","46":"product_tag-kubisch-3","47":"product_tag-loschen","48":"product_tag-loschen-2","49":"product_tag-lunette","50":"product_tag-luxemburg","51":"product_tag-luxemburg-2","52":"product_tag-machen","53":"product_tag-metalclay","54":"product_tag-metallton","55":"product_tag-mulit","56":"product_tag-niederlande","57":"product_tag-online","58":"product_tag-online-shop","59":"product_tag-paris","60":"product_tag-pyramide-2","61":"product_tag-pyramide","62":"product_tag-reichweite","63":"product_tag-rio","64":"product_tag-riogrande","65":"product_tag-rot-2","66":"product_tag-rund-2","67":"product_tag-saphir","68":"product_tag-schaltet-um","69":"product_tag-schneiden","70":"product_tag-schneiden-2","71":"product_tag-schrager-tropfen","72":"product_tag-silberton","73":"product_tag-steine","74":"product_tag-synthetisch-3","75":"product_tag-ton-3","76":"product_tag-tonschmuck","77":"product_tag-tonvorlage","78":"product_tag-transparent","79":"product_tag-umschalten","80":"product_tag-unter-2","81":"product_tag-verschluss","82":"product_tag-verteiler","83":"product_tag-viel","84":"product_tag-vorlagen-2","85":"product_tag-vorlagen","86":"product_tag-webshop","87":"product_tag-wobei","88":"product_tag-zirkon","89":"product_tag-zirkoniumdioxid-2","90":"product_shipping_class-standard","92":"first","93":"instock","94":"taxable","95":"shipping-taxable","96":"purchasable","97":"product-type-simple"},"acf":[],"_links":{"self":[{"href":"https:\/\/esquell.eu\/de\/wp-json\/wp\/v2\/product\/31539","targetHints":{"allow":["GET"]}}],"collection":[{"href":"https:\/\/esquell.eu\/de\/wp-json\/wp\/v2\/product"}],"about":[{"href":"https:\/\/esquell.eu\/de\/wp-json\/wp\/v2\/types\/product"}],"replies":[{"embeddable":true,"href":"https:\/\/esquell.eu\/de\/wp-json\/wp\/v2\/comments?post=31539"}],"wp:featuredmedia":[{"embeddable":true,"href":"https:\/\/esquell.eu\/de\/wp-json\/wp\/v2\/media\/31543"}],"wp:attachment":[{"href":"https:\/\/esquell.eu\/de\/wp-json\/wp\/v2\/media?parent=31539"}],"wp:term":[{"taxonomy":"more","embeddable":true,"href":"https:\/\/esquell.eu\/de\/wp-json\/wp\/v2\/more?post=31539"},{"taxonomy":"product_brand","embeddable":true,"href":"https:\/\/esquell.eu\/de\/wp-json\/wp\/v2\/product_brand?post=31539"},{"taxonomy":"product_cat","embeddable":true,"href":"https:\/\/esquell.eu\/de\/wp-json\/wp\/v2\/product_cat?post=31539"},{"taxonomy":"product_tag","embeddable":true,"href":"https:\/\/esquell.eu\/de\/wp-json\/wp\/v2\/product_tag?post=31539"}],"curies":[{"name":"wp","href":"https:\/\/api.w.org\/{rel}","templated":true}]}}