{"id":31456,"date":"2026-03-25T10:57:21","date_gmt":"2026-03-25T10:57:21","guid":{"rendered":"https:\/\/esquell.eu\/?post_type=product&#038;p=31456"},"modified":"2026-03-25T11:01:05","modified_gmt":"2026-03-25T11:01:05","slug":"mini-silikonform-ca-56-cm-schalen-kopie","status":"publish","type":"product","link":"https:\/\/esquell.eu\/de\/produkt\/mini-silikonform-ca-56-cm-schalen-kopie\/","title":{"rendered":"Mini-Silikonform ca. 5*6 cm Schalen (kopie)"},"content":{"rendered":"<p>Silikon-Mini-Formenschalen<\/p>\n<p>Gr\u00f6\u00dfe der ganzen Form ca. 5*6 cm,<\/p>\n<p>F\u00fcr Ton, Epoxid, Harz usw.<\/p>\n<p>Die Gr\u00f6\u00dfen der Bl\u00e4tter sind f\u00fcr Ringe, Ohrringe, Anh\u00e4nger usw. geeignet.<\/p>\n<p>Bei Verwendung mit Metallton:<\/p>\n<p>Spr\u00fchen Sie vor dem Gebrauch immer mit der Coolslip Anti-Haft-Formel. Dies verhindert, dass der Ton an den Formen klebt. <\/p>\n","protected":false},"excerpt":{"rendered":"<p>Silikon-Mini-Formenschalen<\/p>\n<p>Gr\u00f6\u00dfe der ganzen Form ca. 5*6 cm,<\/p>\n<p>F\u00fcr Ton, Epoxid, Harz usw.<\/p>\n<p>Die Gr\u00f6\u00dfen der Bl\u00e4tter sind f\u00fcr Ringe, Ohrringe, Anh\u00e4nger usw. geeignet.<\/p>\n<p>Bei Verwendung mit Metallton:<\/p>\n<p>Spr\u00fchen Sie vor dem Gebrauch immer mit der Coolslip Anti-Haft-Formel. Dies verhindert, dass der Ton an den Formen klebt. <\/p>\n","protected":false},"featured_media":31460,"comment_status":"closed","ping_status":"closed","template":"","meta":{"_acf_changed":false,"_seopress_robots_primary_cat":"none","_seopress_titles_title":"","_seopress_titles_desc":"","_seopress_robots_index":""},"more":[],"product_brand":[6365],"product_cat":[15620],"product_tag":[6684,7676,9029,7076,7672,7017,7377,8261,6421,6373,16028,8922,18372,7674,10284,6419,6490,6556,7511,15628],"class_list":{"0":"post-31456","1":"product","2":"type-product","3":"status-publish","4":"has-post-thumbnail","6":"product_brand-l1","7":"product_cat-schimmelpilze","8":"product_tag-anhanger","9":"product_tag-cernit","10":"product_tag-charme-4","11":"product_tag-charme-2","12":"product_tag-fimo","13":"product_tag-fur","14":"product_tag-klein","15":"product_tag-klein-2","16":"product_tag-machen","17":"product_tag-mini","18":"product_tag-muscheln-2","19":"product_tag-muscheln","20":"product_tag-ornamente-2","21":"product_tag-polymer-clay","22":"product_tag-schimmelpilz-2","23":"product_tag-schmuck","24":"product_tag-silberton","25":"product_tag-ton-3","26":"product_tag-tonschmuck","27":"product_tag-vorlage-2","29":"first","30":"instock","31":"taxable","32":"shipping-taxable","33":"purchasable","34":"product-type-simple"},"acf":[],"_links":{"self":[{"href":"https:\/\/esquell.eu\/de\/wp-json\/wp\/v2\/product\/31456","targetHints":{"allow":["GET"]}}],"collection":[{"href":"https:\/\/esquell.eu\/de\/wp-json\/wp\/v2\/product"}],"about":[{"href":"https:\/\/esquell.eu\/de\/wp-json\/wp\/v2\/types\/product"}],"replies":[{"embeddable":true,"href":"https:\/\/esquell.eu\/de\/wp-json\/wp\/v2\/comments?post=31456"}],"wp:featuredmedia":[{"embeddable":true,"href":"https:\/\/esquell.eu\/de\/wp-json\/wp\/v2\/media\/31460"}],"wp:attachment":[{"href":"https:\/\/esquell.eu\/de\/wp-json\/wp\/v2\/media?parent=31456"}],"wp:term":[{"taxonomy":"more","embeddable":true,"href":"https:\/\/esquell.eu\/de\/wp-json\/wp\/v2\/more?post=31456"},{"taxonomy":"product_brand","embeddable":true,"href":"https:\/\/esquell.eu\/de\/wp-json\/wp\/v2\/product_brand?post=31456"},{"taxonomy":"product_cat","embeddable":true,"href":"https:\/\/esquell.eu\/de\/wp-json\/wp\/v2\/product_cat?post=31456"},{"taxonomy":"product_tag","embeddable":true,"href":"https:\/\/esquell.eu\/de\/wp-json\/wp\/v2\/product_tag?post=31456"}],"curies":[{"name":"wp","href":"https:\/\/api.w.org\/{rel}","templated":true}]}}