{"id":31376,"date":"2026-03-23T12:39:24","date_gmt":"2026-03-23T12:39:24","guid":{"rendered":"https:\/\/esquell.eu\/product\/silikon-mini-form-lily\/"},"modified":"2026-03-23T12:39:24","modified_gmt":"2026-03-23T12:39:24","slug":"silikon-mini-form-lily","status":"publish","type":"product","link":"https:\/\/esquell.eu\/de\/produkt\/silikon-mini-form-lily\/","title":{"rendered":"Silikon-Mini-Form Lily"},"content":{"rendered":"<p>Silikon-Mini-Form Lilie, Blume, Bl\u00fctenknospe etc.<\/p>\n<p>Gr\u00f6\u00dfe der ganzen Form ca. 6*6 cm,<\/p>\n<p>F\u00fcr Ton, Epoxid, Harz usw.<\/p>\n<p>Die Gr\u00f6\u00dfen der Bl\u00e4tter sind f\u00fcr Ringe, Ohrringe, Anh\u00e4nger usw. geeignet.<\/p>\n<p>Bei Verwendung mit Metallton:<\/p>\n<p>Spr\u00fchen Sie vor dem Gebrauch immer mit der Coolslip Anti-Haft-Formel. Dies verhindert, dass der Ton an den Formen klebt. <\/p>\n","protected":false},"excerpt":{"rendered":"<p>Silikon-Mini-Form Lilie, Blume, Bl\u00fctenknospe etc. Gr\u00f6\u00dfe der ganzen Form ca. 6*6 cm, F\u00fcr Ton, Epoxid, Harz usw. Die Gr\u00f6\u00dfen der Bl\u00e4tter sind f\u00fcr Ringe, Ohrringe, Anh\u00e4nger usw. geeignet. Bei Verwendung mit Metallton: Spr\u00fchen Sie vor dem Gebrauch immer mit der Coolslip Anti-Haft-Formel. Dies verhindert, dass der Ton an den Formen klebt.<\/p>\n","protected":false},"featured_media":31218,"comment_status":"closed","ping_status":"closed","template":"","meta":{"_acf_changed":false,"_seopress_robots_primary_cat":"none","_seopress_titles_title":"","_seopress_titles_desc":"","_seopress_robots_index":""},"more":[],"product_brand":[6365],"product_cat":[11955,15620],"product_tag":[7696,22333,7017,19576,22334,6441,6373,7674,10284,22335,6490,14707,6556],"class_list":{"0":"post-31376","1":"product","2":"type-product","3":"status-publish","4":"has-post-thumbnail","6":"product_brand-l1","7":"product_cat-neu","8":"product_cat-schimmelpilze","9":"product_tag-blumen","10":"product_tag-blutenknospe","11":"product_tag-fur","12":"product_tag-lilie","13":"product_tag-lilienknospe","14":"product_tag-metallton","15":"product_tag-mini","16":"product_tag-polymer-clay","17":"product_tag-schimmelpilz-2","18":"product_tag-seerosenblatt","19":"product_tag-silberton","20":"product_tag-silikon","21":"product_tag-ton-3","23":"first","24":"instock","25":"taxable","26":"shipping-taxable","27":"purchasable","28":"product-type-simple"},"acf":[],"_links":{"self":[{"href":"https:\/\/esquell.eu\/de\/wp-json\/wp\/v2\/product\/31376","targetHints":{"allow":["GET"]}}],"collection":[{"href":"https:\/\/esquell.eu\/de\/wp-json\/wp\/v2\/product"}],"about":[{"href":"https:\/\/esquell.eu\/de\/wp-json\/wp\/v2\/types\/product"}],"replies":[{"embeddable":true,"href":"https:\/\/esquell.eu\/de\/wp-json\/wp\/v2\/comments?post=31376"}],"wp:featuredmedia":[{"embeddable":true,"href":"https:\/\/esquell.eu\/de\/wp-json\/wp\/v2\/media\/31218"}],"wp:attachment":[{"href":"https:\/\/esquell.eu\/de\/wp-json\/wp\/v2\/media?parent=31376"}],"wp:term":[{"taxonomy":"more","embeddable":true,"href":"https:\/\/esquell.eu\/de\/wp-json\/wp\/v2\/more?post=31376"},{"taxonomy":"product_brand","embeddable":true,"href":"https:\/\/esquell.eu\/de\/wp-json\/wp\/v2\/product_brand?post=31376"},{"taxonomy":"product_cat","embeddable":true,"href":"https:\/\/esquell.eu\/de\/wp-json\/wp\/v2\/product_cat?post=31376"},{"taxonomy":"product_tag","embeddable":true,"href":"https:\/\/esquell.eu\/de\/wp-json\/wp\/v2\/product_tag?post=31376"}],"curies":[{"name":"wp","href":"https:\/\/api.w.org\/{rel}","templated":true}]}}