{"id":31373,"date":"2026-03-23T12:56:47","date_gmt":"2026-03-23T12:56:47","guid":{"rendered":"https:\/\/esquell.eu\/product\/silikonform-grosses-dekoratives-blatt\/"},"modified":"2026-03-23T12:56:47","modified_gmt":"2026-03-23T12:56:47","slug":"silikonform-grosses-dekoratives-blatt","status":"publish","type":"product","link":"https:\/\/esquell.eu\/de\/produkt\/silikonform-grosses-dekoratives-blatt\/","title":{"rendered":"Silikonform gro\u00dfes dekoratives Blatt"},"content":{"rendered":"<p>Silikonform gro\u00dfes Blatt<\/p>\n<p>Gr\u00f6\u00dfe der ganzen Form ca. 6*8 cm,<\/p>\n<p>F\u00fcr Ton, Epoxid, Harz usw.<\/p>\n<p>Besonders geeignet f\u00fcr Polymer Clay, Bronze und Kupfer Clay<br \/>\nAufgrund der Gr\u00f6\u00dfe weniger geeignet f\u00fcr Silber Clay.  <\/p>\n<p>Bei Verwendung mit Metallton:<\/p>\n<p>Spr\u00fchen Sie vor dem Gebrauch immer mit der Coolslip Anti-Haft-Formel. Dies verhindert, dass der Ton an den Formen klebt. <\/p>\n","protected":false},"excerpt":{"rendered":"<p>Silikonform gro\u00dfes Blatt Gr\u00f6\u00dfe der ganzen Form ca. 6*8 cm, F\u00fcr Ton, Epoxid, Harz usw. Besonders geeignet f\u00fcr Polymer Clay, Bronze und Kupfer Clay Aufgrund der Gr\u00f6\u00dfe weniger geeignet f\u00fcr Silber Clay. Bei Verwendung mit Metallton: Spr\u00fchen Sie vor dem Gebrauch immer mit der Coolslip Anti-Haft-Formel. Dies verhindert, dass der Ton an den Formen klebt.<\/p>\n","protected":false},"featured_media":31222,"comment_status":"closed","ping_status":"closed","template":"","meta":{"_acf_changed":false,"_seopress_robots_primary_cat":"none","_seopress_titles_title":"","_seopress_titles_desc":"","_seopress_robots_index":""},"more":[],"product_brand":[6365],"product_cat":[11955,15620],"product_tag":[7667,8634,7696,22333,9294,8949,17393,18415,17394,15083,7017,9663,18414,18719,19576,22334,6441,22336,6373,7674,10284,22335,6490,14707,6556,6694,15628],"class_list":{"0":"post-31373","1":"product","2":"type-product","3":"status-publish","4":"has-post-thumbnail","6":"product_brand-l1","7":"product_cat-neu","8":"product_cat-schimmelpilze","9":"product_tag-blatt","10":"product_tag-blatter-2","11":"product_tag-blumen","12":"product_tag-blutenknospe","13":"product_tag-brooche","14":"product_tag-brosche","15":"product_tag-champignon","16":"product_tag-champignons-2","17":"product_tag-champignons","18":"product_tag-formen-2","19":"product_tag-fur","20":"product_tag-grosartig","21":"product_tag-herbst","22":"product_tag-herbstblatt","23":"product_tag-lilie","24":"product_tag-lilienknospe","25":"product_tag-metallton","26":"product_tag-min","27":"product_tag-mini","28":"product_tag-polymer-clay","29":"product_tag-schimmelpilz-2","30":"product_tag-seerosenblatt","31":"product_tag-silberton","32":"product_tag-silikon","33":"product_tag-ton-3","34":"product_tag-von","35":"product_tag-vorlage-2","37":"first","38":"instock","39":"taxable","40":"shipping-taxable","41":"purchasable","42":"product-type-simple"},"acf":[],"_links":{"self":[{"href":"https:\/\/esquell.eu\/de\/wp-json\/wp\/v2\/product\/31373","targetHints":{"allow":["GET"]}}],"collection":[{"href":"https:\/\/esquell.eu\/de\/wp-json\/wp\/v2\/product"}],"about":[{"href":"https:\/\/esquell.eu\/de\/wp-json\/wp\/v2\/types\/product"}],"replies":[{"embeddable":true,"href":"https:\/\/esquell.eu\/de\/wp-json\/wp\/v2\/comments?post=31373"}],"wp:featuredmedia":[{"embeddable":true,"href":"https:\/\/esquell.eu\/de\/wp-json\/wp\/v2\/media\/31222"}],"wp:attachment":[{"href":"https:\/\/esquell.eu\/de\/wp-json\/wp\/v2\/media?parent=31373"}],"wp:term":[{"taxonomy":"more","embeddable":true,"href":"https:\/\/esquell.eu\/de\/wp-json\/wp\/v2\/more?post=31373"},{"taxonomy":"product_brand","embeddable":true,"href":"https:\/\/esquell.eu\/de\/wp-json\/wp\/v2\/product_brand?post=31373"},{"taxonomy":"product_cat","embeddable":true,"href":"https:\/\/esquell.eu\/de\/wp-json\/wp\/v2\/product_cat?post=31373"},{"taxonomy":"product_tag","embeddable":true,"href":"https:\/\/esquell.eu\/de\/wp-json\/wp\/v2\/product_tag?post=31373"}],"curies":[{"name":"wp","href":"https:\/\/api.w.org\/{rel}","templated":true}]}}