{"id":31363,"date":"2026-03-12T20:31:14","date_gmt":"2026-03-12T20:31:14","guid":{"rendered":"https:\/\/esquell.eu\/product\/artclaysilver-original-limited-edition-canvas-tas-kostenlos-bei-bestellungen-ab-e150\/"},"modified":"2026-03-12T20:31:14","modified_gmt":"2026-03-12T20:31:14","slug":"artclaysilver-original-limited-edition-canvas-tas-kostenlos-bei-bestellungen-ab-e150","status":"publish","type":"product","link":"https:\/\/esquell.eu\/de\/produkt\/artclaysilver-original-limited-edition-canvas-tas-kostenlos-bei-bestellungen-ab-e150\/","title":{"rendered":"ArtClaySilver ORIGINAL LIMITED EDITION CANVAS TAS KOSTENLOS BEI BESTELLUNGEN AB \u20ac150"},"content":{"rendered":"<p>Ger\u00e4umige, quadratische Tragetasche mit zwei Griffen. Praktische Aufteilung mit mehreren F\u00e4chern und Rei\u00dfverschl\u00fcssen. Robuste Canvas-Tasche. Vielseitige, strapazierf\u00e4hige und modische Tasche Praktisch f\u00fcr die Werkstatt, aber auch zum Einkaufen, f\u00fcr die Arbeit, die Schule oder die Freizeit.     <\/p>\n<p>Kostenlos, wenn Sie mindestens \u20ac 150 ausgeben<\/p>\n<p>Farben, Rosa, gr\u00fcn, blau, gelb, schwarz<\/p>\n<p>(Bitte geben Sie Ihre Farbw\u00fcnsche im Kommentarfeld an, soweit die Farbe verf\u00fcgbar ist, werden wir diese ber\u00fccksichtigen)  <\/p>\n","protected":false},"excerpt":{"rendered":"<p>Ger\u00e4umige, quadratische Tragetasche mit zwei Griffen. Praktische Aufteilung mit mehreren F\u00e4chern und Rei\u00dfverschl\u00fcssen. Robuste Canvas-Tasche. Vielseitige, strapazierf\u00e4hige und modische Tasche Praktisch f\u00fcr die Werkstatt, aber auch zum Einkaufen, f\u00fcr die Arbeit, die Schule oder die Freizeit. Kostenlos, wenn Sie mindestens \u20ac 150 ausgeben Farben, Rosa, gr\u00fcn, blau, gelb, schwarz (Bitte geben Sie Ihre Farbw\u00fcnsche im&#8230;<\/p>\n","protected":false},"featured_media":31099,"comment_status":"closed","ping_status":"closed","template":"","meta":{"_acf_changed":false,"_seopress_robots_primary_cat":"none","_seopress_titles_title":"","_seopress_titles_desc":"","_seopress_robots_index":""},"more":[],"product_brand":[],"product_cat":[6367,6596],"product_tag":[],"class_list":{"0":"post-31363","1":"product","2":"type-product","3":"status-publish","4":"has-post-thumbnail","6":"product_cat-erganzende-materialien","7":"product_cat-grundlegende-werkzeuge","9":"first","10":"instock","11":"taxable","12":"shipping-taxable","13":"purchasable","14":"product-type-simple"},"acf":[],"_links":{"self":[{"href":"https:\/\/esquell.eu\/de\/wp-json\/wp\/v2\/product\/31363","targetHints":{"allow":["GET"]}}],"collection":[{"href":"https:\/\/esquell.eu\/de\/wp-json\/wp\/v2\/product"}],"about":[{"href":"https:\/\/esquell.eu\/de\/wp-json\/wp\/v2\/types\/product"}],"replies":[{"embeddable":true,"href":"https:\/\/esquell.eu\/de\/wp-json\/wp\/v2\/comments?post=31363"}],"wp:featuredmedia":[{"embeddable":true,"href":"https:\/\/esquell.eu\/de\/wp-json\/wp\/v2\/media\/31099"}],"wp:attachment":[{"href":"https:\/\/esquell.eu\/de\/wp-json\/wp\/v2\/media?parent=31363"}],"wp:term":[{"taxonomy":"more","embeddable":true,"href":"https:\/\/esquell.eu\/de\/wp-json\/wp\/v2\/more?post=31363"},{"taxonomy":"product_brand","embeddable":true,"href":"https:\/\/esquell.eu\/de\/wp-json\/wp\/v2\/product_brand?post=31363"},{"taxonomy":"product_cat","embeddable":true,"href":"https:\/\/esquell.eu\/de\/wp-json\/wp\/v2\/product_cat?post=31363"},{"taxonomy":"product_tag","embeddable":true,"href":"https:\/\/esquell.eu\/de\/wp-json\/wp\/v2\/product_tag?post=31363"}],"curies":[{"name":"wp","href":"https:\/\/api.w.org\/{rel}","templated":true}]}}