{"id":31358,"date":"2026-03-14T12:09:45","date_gmt":"2026-03-14T12:09:45","guid":{"rendered":"https:\/\/esquell.eu\/product\/wolf-clay-zum-loeten\/"},"modified":"2026-03-14T12:09:45","modified_gmt":"2026-03-14T12:09:45","slug":"wolf-clay-zum-loeten","status":"publish","type":"product","link":"https:\/\/esquell.eu\/de\/produkt\/wolf-clay-zum-loeten\/","title":{"rendered":"Wolf Clay zum L\u00f6ten"},"content":{"rendered":"<p>Diese Knete von Wolf Tools h\u00e4lt Ihre Metallwerkst\u00fccke beim L\u00f6ten sicher fest.<br \/>\nDer Ton quillt nicht auf, verformt sich nicht und brennt nicht. Er l\u00e4sst sich leicht mit Wasser mischen und wiederverwenden.<br \/>\nWolfston enth\u00e4lt weder Asbest noch potenziell sch\u00e4dliche Stoffe.<br \/>\nKann mehrmals wiederverwendet werden. Inhalt 170 Gramm<br \/>\nHinweis: nicht in Kombination mit Platin verwenden. <\/p>\n","protected":false},"excerpt":{"rendered":"<p>Diese Knete von Wolf Tools h\u00e4lt Ihre Metallwerkst\u00fccke beim L\u00f6ten sicher fest. Der Ton quillt nicht auf, verformt sich nicht und brennt nicht. Er l\u00e4sst sich leicht mit Wasser mischen und wiederverwenden. Wolfston enth\u00e4lt weder Asbest noch potenziell sch\u00e4dliche Stoffe. Kann mehrmals wiederverwendet werden. Inhalt 170 Gramm Hinweis: nicht in Kombination mit Platin verwenden.<\/p>\n","protected":false},"featured_media":31128,"comment_status":"closed","ping_status":"closed","template":"","meta":{"_acf_changed":false,"_seopress_robots_primary_cat":"none","_seopress_titles_title":"","_seopress_titles_desc":"","_seopress_robots_index":""},"more":[],"product_brand":[6595],"product_cat":[9857,11955],"product_tag":[22313,7017,22314,18532,13074,8135,11828,15514,22315,6419,6556,11703,11326,22312,22311],"class_list":{"0":"post-31358","1":"product","2":"type-product","3":"status-publish","4":"has-post-thumbnail","6":"product_brand-coole-tools","7":"product_cat-loten","8":"product_cat-neu","9":"product_tag-coay","10":"product_tag-fur","11":"product_tag-hitzebestandig-5","12":"product_tag-hitzebestandig-3","13":"product_tag-hitzebestandig","14":"product_tag-loten","15":"product_tag-loten-3","16":"product_tag-resistent-3","17":"product_tag-schild","18":"product_tag-schmuck","19":"product_tag-ton-3","20":"product_tag-warme-2","21":"product_tag-warme","22":"product_tag-wolf","23":"product_tag-wolfslehm","25":"first","26":"instock","27":"taxable","28":"shipping-taxable","29":"purchasable","30":"product-type-simple"},"acf":[],"_links":{"self":[{"href":"https:\/\/esquell.eu\/de\/wp-json\/wp\/v2\/product\/31358","targetHints":{"allow":["GET"]}}],"collection":[{"href":"https:\/\/esquell.eu\/de\/wp-json\/wp\/v2\/product"}],"about":[{"href":"https:\/\/esquell.eu\/de\/wp-json\/wp\/v2\/types\/product"}],"replies":[{"embeddable":true,"href":"https:\/\/esquell.eu\/de\/wp-json\/wp\/v2\/comments?post=31358"}],"wp:featuredmedia":[{"embeddable":true,"href":"https:\/\/esquell.eu\/de\/wp-json\/wp\/v2\/media\/31128"}],"wp:attachment":[{"href":"https:\/\/esquell.eu\/de\/wp-json\/wp\/v2\/media?parent=31358"}],"wp:term":[{"taxonomy":"more","embeddable":true,"href":"https:\/\/esquell.eu\/de\/wp-json\/wp\/v2\/more?post=31358"},{"taxonomy":"product_brand","embeddable":true,"href":"https:\/\/esquell.eu\/de\/wp-json\/wp\/v2\/product_brand?post=31358"},{"taxonomy":"product_cat","embeddable":true,"href":"https:\/\/esquell.eu\/de\/wp-json\/wp\/v2\/product_cat?post=31358"},{"taxonomy":"product_tag","embeddable":true,"href":"https:\/\/esquell.eu\/de\/wp-json\/wp\/v2\/product_tag?post=31358"}],"curies":[{"name":"wp","href":"https:\/\/api.w.org\/{rel}","templated":true}]}}