{"id":31338,"date":"2026-03-09T14:01:45","date_gmt":"2026-03-09T14:01:45","guid":{"rendered":"https:\/\/esquell.eu\/product\/better-bond-metall-ton-kleber-fuer-starke-verbindungen\/"},"modified":"2026-03-09T14:01:45","modified_gmt":"2026-03-09T14:01:45","slug":"better-bond-metall-ton-kleber-fuer-starke-verbindungen","status":"publish","type":"product","link":"https:\/\/esquell.eu\/de\/produkt\/better-bond-metall-ton-kleber-fuer-starke-verbindungen\/","title":{"rendered":"Better Bond Metall-Ton-Kleber. F\u00fcr starke Verbindungen"},"content":{"rendered":"<p>Bessere Bindung &#8211; 20 ml<\/p>\n<p>Better Bond ist ein speziell formulierter, rein nat\u00fcrlicher Klebstoff, der f\u00fcr alle Arten von Metallton geeignet ist. Im Gegensatz zu herk\u00f6mmlichen Klebern ist dieser Kleber so konzipiert, dass er w\u00e4hrend des Brennens vollst\u00e4ndig verbrennt und so eine starke, saubere Verbindung von Metall zu Metall schafft. <\/p>\n<p>Universell einsetzbar &#8211; Geeignet f\u00fcr Silber, Kupfer, Bronze und andere Metalltone.<\/p>\n<p>Better Bond funktioniert genau wie Klebstoff. Geben Sie einen Tropfen auf Ihr St\u00fcck und befestigen Sie Ihr zweites St\u00fcck. Gehen Sie sparsam damit um, denn es klebt schnell. \u00dcben Sie einige Sekunden lang leichten Druck aus, um eine gute Verbindung zu gew\u00e4hrleisten. Better Bond kann sowohl in der Tonphase als auch auf gebrannten St\u00fccken mit frischem Ton verwendet werden.      <\/p>\n<p>Jede Better Bond Flasche wird mit einer Pipette und einer Pr\u00e4zisionsspitze geliefert. Um die Pr\u00e4zisionsspitze zu verwenden, nehmen Sie den Einsatz vom Tropfer ab. Achten Sie dabei darauf, den Verschluss oder die Flasche nicht zu besch\u00e4digen. Entfernen Sie das wei\u00dfe Band (das sich an der Pr\u00e4zisionsspitze befindet) und setzen Sie den Gummiring auf die Flasche, unter die Stelle, an der die Pr\u00e4zisionskappe sitzen wird. Schrauben Sie die Pr\u00e4zisionsspitze auf die Flasche.   <\/p>\n<p>Warum Better Bond?<\/p>\n<p>  Starke, saubere Verbindungen: formuliert, um solide Verbindungen zwischen Metall-Lehm-Komponenten zu unterst\u00fctzen.<br \/>\n  Einfach in der Anwendung: nur ein Tropfen zwischen die Teile &#8211; keine komplizierte Vorbereitung oder Aush\u00e4rtung erforderlich.<br \/>\n  Studio-getestet: entwickelt von einem zertifizierten Metalclay-K\u00fcnstler durch rigoroses Experimentieren und Verfeinerung.<br \/>\n  Vielseitig: funktioniert hervorragend mit allen Marken von Metalclay<\/p>\n<p>Anweisungen zur Verwendung:<\/p>\n<p>F\u00fcr ungebrannten Metallton<\/p>\n<p>  Tragen Sie eine kleine Menge von Better Bond auf eine Oberfl\u00e4che auf.<br \/>\n  Dr\u00fccken Sie die St\u00fccke sanft zusammen.<br \/>\n  Vor dem Backen trocknen lassen.<\/p>\n<p>F\u00fcr ungebrannte auf gebrannte Metallbl\u00f6cke<\/p>\n<p>  Rauen Sie das gebackene St\u00fcck nur an der Verbindungsstelle auf.<br \/>\n  Tragen Sie Better Bond sowohl auf das gebackene St\u00fcck als auch auf das ungebackene St\u00fcck auf.<br \/>\n  Nehmen Sie eine kleine Menge frischen Ton, legen Sie ihn zwischen Ihre 2 St\u00fccke und f\u00fcgen Sie sie zusammen.<\/p>\n<p>F\u00fcr gebacken bis gebraten<\/p>\n<p>  Schruppen Sie beide Teile im Bereich der Fuge.<br \/>\n  F\u00fcgen Sie Better Bond zu beiden Teilen hinzu.<br \/>\n  Nehmen Sie eine kleine Menge frischen Ton, legen Sie ihn zwischen Ihre 2 St\u00fccke und f\u00fcgen Sie sie zusammen.<\/p>\n","protected":false},"excerpt":{"rendered":"<p>Bessere Bindung &#8211; 20 ml Better Bond ist ein speziell formulierter, rein nat\u00fcrlicher Klebstoff, der f\u00fcr alle Arten von Metallton geeignet ist. Im Gegensatz zu herk\u00f6mmlichen Klebern ist dieser Kleber so konzipiert, dass er w\u00e4hrend des Brennens vollst\u00e4ndig verbrennt und so eine starke, saubere Verbindung von Metall zu Metall schafft. Universell einsetzbar &#8211; Geeignet f\u00fcr&#8230;<\/p>\n","protected":false},"featured_media":31059,"comment_status":"closed","ping_status":"closed","template":"","meta":{"_acf_changed":false,"_seopress_robots_primary_cat":"none","_seopress_titles_title":"","_seopress_titles_desc":"","_seopress_robots_index":""},"more":[],"product_brand":[6595,13848],"product_cat":[6367,6596,11955],"product_tag":[],"class_list":{"0":"post-31338","1":"product","2":"type-product","3":"status-publish","4":"has-post-thumbnail","6":"product_brand-coole-tools","7":"product_brand-vanesch","8":"product_cat-erganzende-materialien","9":"product_cat-grundlegende-werkzeuge","10":"product_cat-neu","12":"first","13":"instock","14":"taxable","15":"shipping-taxable","16":"purchasable","17":"product-type-simple"},"acf":[],"_links":{"self":[{"href":"https:\/\/esquell.eu\/de\/wp-json\/wp\/v2\/product\/31338","targetHints":{"allow":["GET"]}}],"collection":[{"href":"https:\/\/esquell.eu\/de\/wp-json\/wp\/v2\/product"}],"about":[{"href":"https:\/\/esquell.eu\/de\/wp-json\/wp\/v2\/types\/product"}],"replies":[{"embeddable":true,"href":"https:\/\/esquell.eu\/de\/wp-json\/wp\/v2\/comments?post=31338"}],"wp:featuredmedia":[{"embeddable":true,"href":"https:\/\/esquell.eu\/de\/wp-json\/wp\/v2\/media\/31059"}],"wp:attachment":[{"href":"https:\/\/esquell.eu\/de\/wp-json\/wp\/v2\/media?parent=31338"}],"wp:term":[{"taxonomy":"more","embeddable":true,"href":"https:\/\/esquell.eu\/de\/wp-json\/wp\/v2\/more?post=31338"},{"taxonomy":"product_brand","embeddable":true,"href":"https:\/\/esquell.eu\/de\/wp-json\/wp\/v2\/product_brand?post=31338"},{"taxonomy":"product_cat","embeddable":true,"href":"https:\/\/esquell.eu\/de\/wp-json\/wp\/v2\/product_cat?post=31338"},{"taxonomy":"product_tag","embeddable":true,"href":"https:\/\/esquell.eu\/de\/wp-json\/wp\/v2\/product_tag?post=31338"}],"curies":[{"name":"wp","href":"https:\/\/api.w.org\/{rel}","templated":true}]}}