{"id":31061,"date":"2026-03-09T14:12:55","date_gmt":"2026-03-09T14:12:55","guid":{"rendered":"https:\/\/esquell.eu\/?post_type=product&#038;p=31061"},"modified":"2026-03-23T19:57:30","modified_gmt":"2026-03-23T19:57:30","slug":"galeriedraht-befestigungsdraht-messing-10-cm-kopie","status":"publish","type":"product","link":"https:\/\/esquell.eu\/de\/produkt\/galeriedraht-befestigungsdraht-messing-10-cm-kopie\/","title":{"rendered":"Galerie Draht, gemustertes Z\u00e4pfchen Kupfer 10cm 4mm hoch"},"content":{"rendered":"<p>Dieser Kupfer-Fassungsdraht \/ L\u00fcnettendraht kann mit Kupfer-Ton gebrannt werden<br \/>\nKann auch mit Niedertemperatur-Silberlot oder Kupfer-L\u00f6tpaste gel\u00f6tet werden<br \/>\nL\u00e4nge 10 cm<br \/>\nH\u00f6he 4 mm<\/p>\n","protected":false},"excerpt":{"rendered":"<p>Galeriedraht, Fassungsdraht 925 Silber Leaf<\/p>\n<p>Geeignet zum Backen mit Silberton<\/p>\n<p>&nbsp;<\/p>\n<p>L\u00e4nge 10 cm<\/p>\n<p>H\u00f6he 5mm<\/p>\n<p>&nbsp;<\/p>\n<p>Die bestellte L\u00e4nge wird, soweit m\u00f6glich, in 1 L\u00e4nge geliefert.<br \/>\nWenn Sie wirklich 1 L\u00e4nge ben\u00f6tigen, geben Sie dies bitte bei der Bestellung im Kommentarfeld an.<\/p>\n<p>&nbsp;<\/p>\n<p>Nicht genug vorr\u00e4tig? Schicken Sie eine E-Mail an info@esquell, wenn m\u00f6glich, bestellen wir es f\u00fcr Sie. <\/p>\n<p>&nbsp;<\/p>\n","protected":false},"featured_media":31065,"comment_status":"closed","ping_status":"closed","template":"","meta":{"_acf_changed":false,"_seopress_robots_primary_cat":"none","_seopress_titles_title":"","_seopress_titles_desc":"","_seopress_robots_index":""},"more":[],"product_brand":[6595],"product_cat":[12388,11955],"product_tag":[6488,6506,12432,6492,6699,6438,7280,7543,12436,7883,6675,6494,8508,12422,12296,7953,15061,12428,22310,12462,12430,16650,16651,6673,6786,7131,8019,8394,12405,14378,6510,12438,6421,6444,6441,7317,8001,6806,22309,6417,6490,6784,6814,6783,12434],"class_list":{"0":"post-31061","1":"product","2":"type-product","3":"status-publish","4":"has-post-thumbnail","6":"product_brand-coole-tools","7":"product_cat-kupfer-bronze-messing-rostfreier-stahl","8":"product_cat-neu","9":"product_tag-6488","10":"product_tag-6506","11":"product_tag-anmutig","12":"product_tag-artclay","13":"product_tag-artclayacademy","14":"product_tag-artclaysilver","15":"product_tag-ausbilder","16":"product_tag-ausbilder-2","17":"product_tag-ausbilder-4","18":"product_tag-cabochons","19":"product_tag-craftlines","20":"product_tag-diy","21":"product_tag-draht","22":"product_tag-draht-2","23":"product_tag-einstelldraht","24":"product_tag-einstellung","25":"product_tag-erleichterung","26":"product_tag-fantasie","27":"product_tag-fur-siedlungen","28":"product_tag-galerie","29":"product_tag-galerie-thread","30":"product_tag-gemustert","31":"product_tag-gemusterter-draht","32":"product_tag-japan","33":"product_tag-kaufen","34":"product_tag-kupfer","35":"product_tag-kupfer-2","36":"product_tag-kupfer-3","37":"product_tag-kupferdraht","38":"product_tag-kupferdraht-2","39":"product_tag-lunette","40":"product_tag-lunettendraht","41":"product_tag-machen","42":"product_tag-metalclay","43":"product_tag-metallton","44":"product_tag-naturstein","45":"product_tag-pmc","46":"product_tag-rabatt","47":"product_tag-siedlungen","48":"product_tag-silber","49":"product_tag-silberton","50":"product_tag-unter-2","51":"product_tag-webshop","52":"product_tag-wobei","53":"product_tag-zertifiziert-zertifiziert","54":"product_shipping_class-standard","56":"first","57":"instock","58":"taxable","59":"shipping-taxable","60":"purchasable","61":"product-type-simple"},"acf":[],"_links":{"self":[{"href":"https:\/\/esquell.eu\/de\/wp-json\/wp\/v2\/product\/31061","targetHints":{"allow":["GET"]}}],"collection":[{"href":"https:\/\/esquell.eu\/de\/wp-json\/wp\/v2\/product"}],"about":[{"href":"https:\/\/esquell.eu\/de\/wp-json\/wp\/v2\/types\/product"}],"replies":[{"embeddable":true,"href":"https:\/\/esquell.eu\/de\/wp-json\/wp\/v2\/comments?post=31061"}],"wp:featuredmedia":[{"embeddable":true,"href":"https:\/\/esquell.eu\/de\/wp-json\/wp\/v2\/media\/31065"}],"wp:attachment":[{"href":"https:\/\/esquell.eu\/de\/wp-json\/wp\/v2\/media?parent=31061"}],"wp:term":[{"taxonomy":"more","embeddable":true,"href":"https:\/\/esquell.eu\/de\/wp-json\/wp\/v2\/more?post=31061"},{"taxonomy":"product_brand","embeddable":true,"href":"https:\/\/esquell.eu\/de\/wp-json\/wp\/v2\/product_brand?post=31061"},{"taxonomy":"product_cat","embeddable":true,"href":"https:\/\/esquell.eu\/de\/wp-json\/wp\/v2\/product_cat?post=31061"},{"taxonomy":"product_tag","embeddable":true,"href":"https:\/\/esquell.eu\/de\/wp-json\/wp\/v2\/product_tag?post=31061"}],"curies":[{"name":"wp","href":"https:\/\/api.w.org\/{rel}","templated":true}]}}