{"id":30929,"date":"2026-02-28T09:31:10","date_gmt":"2026-02-28T09:31:10","guid":{"rendered":"https:\/\/esquell.eu\/?post_type=product&#038;p=30929"},"modified":"2026-03-23T19:56:32","modified_gmt":"2026-03-23T19:56:32","slug":"lot-und-bake-off-set-loten-von-schmuck-und-brennen-von-silberton-kopie","status":"publish","type":"product","link":"https:\/\/esquell.eu\/de\/produkt\/lot-und-bake-off-set-loten-von-schmuck-und-brennen-von-silberton-kopie\/","title":{"rendered":"Basis-Backset. f\u00fcr Silberton \/ Metallton"},"content":{"rendered":"<p>Set zum Brennen von Schmuck aus Silberton und einigen anderen Arten von Metallton.<\/p>\n<ul>\n<li>Taschenlampe \/ Mikrotorchel \/ manueller Gasbrenner<\/li>\n<li>L\u00f6tblock Vermiculit<\/li>\n<li>Hitzebest\u00e4ndige selbstschlie\u00dfende\/autolockende Pinzette<\/li>\n<\/ul>\n<p>* 999er Silberton kann immer mit einer Fackel gebrannt werden,<\/p>\n<p>*950 Silberton kann nicht mit dem Brenner gebrannt werden.<\/p>\n<p>* Einige Arten von Bronze und Kupferton k\u00f6nnen mit dem Brenner (manueller Gasbrenner) gebrannt werden, aber nicht alle. Lesen Sie daher immer sorgf\u00e4ltig die dem Produkt beiliegende Anleitung. <\/p>\n","protected":false},"excerpt":{"rendered":"<p>Set zum L\u00f6ten von Silberschmuck und Brennen von Silberton.<\/p>\n<ul>\n<li>Taschenlampe \/ Mikrotorchel \/ manueller Gasbrenner<\/li>\n<li>L\u00f6tblock Vermiculit<\/li>\n<li>Holzkohleblock f\u00fcr W\u00e4rmespeicherung<\/li>\n<li>Hitzebest\u00e4ndige selbstschlie\u00dfende L\u00f6tpinzette<\/li>\n<li>Silberlotpaste 650 \/ 8 gr (Silberlot und Flussmittel in einem) Diese Lotpaste schmilzt bei einer Temperatur von 650\u00b0C<\/li>\n<li>Gitter zum Backen<\/li>\n<li>Entkalkungsk\u00e4fig<\/li>\n<\/ul>\n<p>&nbsp;<\/p>\n<p>Manuelles L\u00f6ten mit Silberlotpaste<\/p>\n<p>&nbsp;<\/p>\n","protected":false},"featured_media":30935,"comment_status":"closed","ping_status":"closed","template":"","meta":{"_acf_changed":false,"_seopress_robots_primary_cat":"none","_seopress_titles_title":"","_seopress_titles_desc":"","_seopress_robots_index":""},"more":[],"product_brand":[13679,6917,13524],"product_cat":[9853,6367,6596,9857,11955,7918],"product_tag":[6488,6506,9087,20905,11321,6802,8229,6492,6438,20895,13596,22302,6458,6790,6415,11722,6840,10917,6494,6826,8905,7747,6895,6909,9095,6842,11896,6824,20899,11874,13935,20900,20902,20901,6830,20893,6822,11717,6836,11864,11866,6897,6907,9184,6786,6885,6498,20898,7019,6844,20892,11894,8135,13817,6421,6441,20890,11720,6771,6455,6832,6788,6891,6828,7524,8510,11889,20897,7992,6419,6899,20894,20896,22299,6889,6417,6671,6812,11714,7086,6490,11711,6834,6781,6500,6893,6784,6795,13666,20891,11836,6814,6690,7441,6783,6838],"class_list":{"0":"post-30929","1":"product","2":"type-product","3":"status-publish","4":"has-post-thumbnail","6":"product_brand-diender","7":"product_brand-hh","8":"product_brand-wiegman","9":"product_cat-bake-off","10":"product_cat-erganzende-materialien","11":"product_cat-grundlegende-werkzeuge","12":"product_cat-loten","13":"product_cat-neu","14":"product_cat-starter-pakete","15":"product_tag-6488","16":"product_tag-6506","17":"product_tag-abbacken","18":"product_tag-abgrenzungskafig","19":"product_tag-abschuss","20":"product_tag-angebot","21":"product_tag-art-clay-silber","22":"product_tag-artclay","23":"product_tag-artclaysilver","24":"product_tag-autolock","25":"product_tag-backgitter","26":"product_tag-backset","27":"product_tag-belgien","28":"product_tag-bestellung","29":"product_tag-billig","30":"product_tag-boraxin","31":"product_tag-brabant","32":"product_tag-butangas","33":"product_tag-diy","34":"product_tag-drenthe","35":"product_tag-einsteigerpaket","36":"product_tag-einstellen","37":"product_tag-es","38":"product_tag-facebook","39":"product_tag-fackel","40":"product_tag-flevoland","41":"product_tag-flux-2","42":"product_tag-friesland","43":"product_tag-fuhren","44":"product_tag-gasbrenner","45":"product_tag-gasherd","46":"product_tag-gaslotbrenner","47":"product_tag-gasloten","48":"product_tag-gaslotmaschine","49":"product_tag-gelderland","50":"product_tag-goedoop","51":"product_tag-groningen","52":"product_tag-hart","53":"product_tag-holland","54":"product_tag-holzkohle","55":"product_tag-holzkohlenblock","56":"product_tag-ihr","57":"product_tag-instagram","58":"product_tag-internet","59":"product_tag-kaufen","60":"product_tag-kaufen-2","61":"product_tag-kunst","62":"product_tag-leitfaden","63":"product_tag-liefert","64":"product_tag-limburg","65":"product_tag-lotblock","66":"product_tag-lotbrenner","67":"product_tag-loten","68":"product_tag-lotpinzette","69":"product_tag-machen","70":"product_tag-metallton","71":"product_tag-mikrotorchel","72":"product_tag-mittel","73":"product_tag-neu","74":"product_tag-niederlande","75":"product_tag-norden","76":"product_tag-online","77":"product_tag-online-shop","78":"product_tag-overijssel","79":"product_tag-perlen-2","80":"product_tag-perlenladen","81":"product_tag-pinzette","82":"product_tag-pinzette-2","83":"product_tag-professionell","84":"product_tag-schmuck","85":"product_tag-selbst","86":"product_tag-selbst-verbrennen","87":"product_tag-selbstschliesend","88":"product_tag-selbstschliesend-2","89":"product_tag-shop","90":"product_tag-silber","91":"product_tag-silber-2","92":"product_tag-silber-3","93":"product_tag-silberlot","94":"product_tag-silberschmiede","95":"product_tag-silberton","96":"product_tag-soft","97":"product_tag-sud","98":"product_tag-teile","99":"product_tag-ton-2","100":"product_tag-tun","101":"product_tag-unter-2","102":"product_tag-utrecht","103":"product_tag-vermiculit","104":"product_tag-vermiculit-block","105":"product_tag-warme-3","106":"product_tag-webshop","107":"product_tag-werkstatten","108":"product_tag-werkzeug-2","109":"product_tag-wobei","110":"product_tag-zeeland","111":"product_shipping_class-standard","113":"first","114":"instock","115":"sale","116":"taxable","117":"shipping-taxable","118":"purchasable","119":"product-type-simple"},"acf":[],"_links":{"self":[{"href":"https:\/\/esquell.eu\/de\/wp-json\/wp\/v2\/product\/30929","targetHints":{"allow":["GET"]}}],"collection":[{"href":"https:\/\/esquell.eu\/de\/wp-json\/wp\/v2\/product"}],"about":[{"href":"https:\/\/esquell.eu\/de\/wp-json\/wp\/v2\/types\/product"}],"replies":[{"embeddable":true,"href":"https:\/\/esquell.eu\/de\/wp-json\/wp\/v2\/comments?post=30929"}],"wp:featuredmedia":[{"embeddable":true,"href":"https:\/\/esquell.eu\/de\/wp-json\/wp\/v2\/media\/30935"}],"wp:attachment":[{"href":"https:\/\/esquell.eu\/de\/wp-json\/wp\/v2\/media?parent=30929"}],"wp:term":[{"taxonomy":"more","embeddable":true,"href":"https:\/\/esquell.eu\/de\/wp-json\/wp\/v2\/more?post=30929"},{"taxonomy":"product_brand","embeddable":true,"href":"https:\/\/esquell.eu\/de\/wp-json\/wp\/v2\/product_brand?post=30929"},{"taxonomy":"product_cat","embeddable":true,"href":"https:\/\/esquell.eu\/de\/wp-json\/wp\/v2\/product_cat?post=30929"},{"taxonomy":"product_tag","embeddable":true,"href":"https:\/\/esquell.eu\/de\/wp-json\/wp\/v2\/product_tag?post=30929"}],"curies":[{"name":"wp","href":"https:\/\/api.w.org\/{rel}","templated":true}]}}