{"id":30820,"date":"2026-02-19T11:08:35","date_gmt":"2026-02-19T11:08:35","guid":{"rendered":"https:\/\/esquell.eu\/?post_type=product&#038;p=30820"},"modified":"2026-03-23T19:56:21","modified_gmt":"2026-03-23T19:56:21","slug":"prometheus-kupfer-ton-verpackung-von-200-gramm-kopie","status":"publish","type":"product","link":"https:\/\/esquell.eu\/de\/produkt\/prometheus-kupfer-ton-verpackung-von-200-gramm-kopie\/","title":{"rendered":"Prometheus Kupfer Ton. Verpackung von 50 Gramm"},"content":{"rendered":"<p>Packung mit 100 Gramm Prometheus Kupfer Ton.<\/p>\n<p>Prometheus Kupferknete kann bei Zimmertemperatur gelagert werden und trocknet langsam, so dass Sie die Knete l\u00e4nger kneten und formen k\u00f6nnen. Viele Eigenschaften sind \u00e4hnlich wie bei Silberton. <\/p>\n<p>Pr\u00fcfen Sie die <strong><u>Wissensdatenbank <\/u><\/strong>f\u00fcr die Arbeitsmethode f\u00fcr Kupferton<\/p>\n","protected":false},"excerpt":{"rendered":"<p>Packung mit 200 Gramm Prometheus Kupfer-Ton.<\/p>\n<p>Prometheus Kupferknete kann bei Zimmertemperatur gelagert werden und trocknet langsam, so dass Sie die Knete l\u00e4nger kneten und formen k\u00f6nnen. Viele Eigenschaften sind \u00e4hnlich wie bei Silberton. <\/p>\n<p>&nbsp;<\/p>\n<p>Pr\u00fcfen Sie die <strong><u><a href=\"https:\/\/www.esquell.nl\/c\/kennisbank\/koperklei-copper-clay-art-clay-copper\">Wissensdatenbank<\/a> <\/u><\/strong>f\u00fcr die Arbeitsmethode f\u00fcr Kupferton<\/p>\n","protected":false},"featured_media":30824,"comment_status":"closed","ping_status":"closed","template":"","meta":{"_acf_changed":false,"_seopress_robots_primary_cat":"none","_seopress_titles_title":"","_seopress_titles_desc":"","_seopress_robots_index":""},"more":[],"product_brand":[6518],"product_cat":[7130],"product_tag":[6993,22294,22292,6492,7135,22295,6800,6498,7131,8394,6905,7137,6441,7133,7062,7060,6500,6694],"class_list":{"0":"post-30820","1":"product","2":"type-product","3":"status-publish","4":"has-post-thumbnail","6":"product_brand-prometheus","7":"product_cat-kupferton","8":"product_tag-6993","9":"product_tag-50-g","10":"product_tag-50gramm","11":"product_tag-artclay","12":"product_tag-artclaycopper","13":"product_tag-gr","14":"product_tag-gramm","15":"product_tag-kunst","16":"product_tag-kupfer","17":"product_tag-kupfer-3","18":"product_tag-kupferton","19":"product_tag-kupferton-2","20":"product_tag-metallton","21":"product_tag-prometheus","22":"product_tag-spritze","23":"product_tag-spritzton","24":"product_tag-ton-2","25":"product_tag-von","26":"product_shipping_class-standard","28":"first","29":"instock","30":"taxable","31":"shipping-taxable","32":"purchasable","33":"product-type-simple"},"acf":[],"_links":{"self":[{"href":"https:\/\/esquell.eu\/de\/wp-json\/wp\/v2\/product\/30820","targetHints":{"allow":["GET"]}}],"collection":[{"href":"https:\/\/esquell.eu\/de\/wp-json\/wp\/v2\/product"}],"about":[{"href":"https:\/\/esquell.eu\/de\/wp-json\/wp\/v2\/types\/product"}],"replies":[{"embeddable":true,"href":"https:\/\/esquell.eu\/de\/wp-json\/wp\/v2\/comments?post=30820"}],"wp:featuredmedia":[{"embeddable":true,"href":"https:\/\/esquell.eu\/de\/wp-json\/wp\/v2\/media\/30824"}],"wp:attachment":[{"href":"https:\/\/esquell.eu\/de\/wp-json\/wp\/v2\/media?parent=30820"}],"wp:term":[{"taxonomy":"more","embeddable":true,"href":"https:\/\/esquell.eu\/de\/wp-json\/wp\/v2\/more?post=30820"},{"taxonomy":"product_brand","embeddable":true,"href":"https:\/\/esquell.eu\/de\/wp-json\/wp\/v2\/product_brand?post=30820"},{"taxonomy":"product_cat","embeddable":true,"href":"https:\/\/esquell.eu\/de\/wp-json\/wp\/v2\/product_cat?post=30820"},{"taxonomy":"product_tag","embeddable":true,"href":"https:\/\/esquell.eu\/de\/wp-json\/wp\/v2\/product_tag?post=30820"}],"curies":[{"name":"wp","href":"https:\/\/api.w.org\/{rel}","templated":true}]}}