{"id":30812,"date":"2026-02-19T11:02:25","date_gmt":"2026-02-19T11:02:25","guid":{"rendered":"https:\/\/esquell.eu\/?post_type=product&#038;p=30812"},"modified":"2026-03-23T19:56:05","modified_gmt":"2026-03-23T19:56:05","slug":"prometheus-weise-bronze-tonerde-10-g-spruhpaste-3-mundvoll-kopie","status":"publish","type":"product","link":"https:\/\/esquell.eu\/de\/produkt\/prometheus-weise-bronze-tonerde-10-g-spruhpaste-3-mundvoll-kopie\/","title":{"rendered":"Prometheus Sterling Wei\u00dfe Bronze Tonerde 10 g Spr\u00fchpaste &#8211; 3 Mundvoll"},"content":{"rendered":"<p>Prometheus Sterling Wei\u00dfe Bronze Tonerde 10 g Spr\u00fchpaste &#8211; 3 Mundvoll<\/p>\n<p>Prometheus Sterling White Bronze Clay Spr\u00fchpaste ist eine fl\u00fcssige Paste und wird mit 3 D\u00fcsen geliefert. Prometheus WhiteBronze Clay kann bei Raumtemperatur gelagert werden und trocknet langsam. Viele Eigenschaften entsprechen denen von Silberton. Die Packung enth\u00e4lt 10 Gramm der Spr\u00fchpaste.   <\/p>\n<p>Kann verwendet werden, um feine Linien zu zeichnen und zarte Muster f\u00fcr durchbrochene St\u00fccke zu schaffen. Wie bei der Paste k\u00f6nnen Sie sie auf dem Ton anbringen, Risse usw. im Ton ausbessern und Muster und Texturen auftragen.  <\/p>\n<p>Es gibt drei verschiedene D\u00fcsen, die Sie auf die Spritze stecken k\u00f6nnen.<br \/>\nDie D\u00fcsen k\u00f6nnen auch auf eine noch gr\u00f6\u00dfere \u00d6ffnung getrimmt werden oder so, dass ein verformter Faden herauskommt.<\/p>\n<p>Legen Sie die Spr\u00fchpaste mit D\u00fcse immer in eine Sch\u00fcssel mit Wasser, wenn Sie nicht damit arbeiten. Dadurch wird verhindert, dass die Paste in der D\u00fcse austrocknet.<strong><br \/>\n<\/strong><\/p>\n","protected":false},"excerpt":{"rendered":"<p>Prometheus Sterling Wei\u00dfe Bronze Tonerde 10 g Spr\u00fchpaste &#8211; 3 Mundvoll<\/p>\n<p>Prometheus Sterling White Bronze Clay Spr\u00fchpaste ist eine fl\u00fcssige Paste und wird mit 3 D\u00fcsen geliefert. Prometheus WhiteBronze Clay kann bei Raumtemperatur gelagert werden und trocknet langsam. Viele Eigenschaften entsprechen denen von Silberton. Die Packung enth\u00e4lt 10 Gramm der Spr\u00fchpaste.   <\/p>\n<p>Kann verwendet werden, um feine Linien zu zeichnen und zarte Muster f\u00fcr durchbrochene St\u00fccke zu schaffen. Wie bei der Paste k\u00f6nnen Sie sie auf dem Ton anbringen, Risse usw. im Ton ausbessern und Muster und Texturen auftragen.  <\/p>\n<p>Es gibt drei verschiedene D\u00fcsen, die Sie auf die Spritze stecken k\u00f6nnen.<br \/>\nDie D\u00fcsen k\u00f6nnen auch auf eine noch gr\u00f6\u00dfere \u00d6ffnung getrimmt werden oder so, dass ein verformter Faden herauskommt.<\/p>\n<p>Legen Sie die Spr\u00fchpaste mit D\u00fcse immer in eine Sch\u00fcssel mit Wasser, wenn Sie nicht damit arbeiten. Dadurch wird verhindert, dass die Paste in der D\u00fcse austrocknet.<\/p>\n<p>&nbsp;<\/p>\n<p>Es gibt drei verschiedene D\u00fcsen, die Sie auf die Spritze stecken k\u00f6nnen.<br \/>\nDie D\u00fcsen k\u00f6nnen auch auf eine noch gr\u00f6\u00dfere \u00d6ffnung getrimmt werden oder so, dass ein verformter Faden herauskommt.<\/p>\n<p>Legen Sie die Spr\u00fchpaste mit D\u00fcse immer in eine Sch\u00fcssel mit Wasser, wenn Sie nicht damit arbeiten. Dadurch wird verhindert, dass die Paste in der D\u00fcse austrocknet.<strong><br \/>\n<\/strong><\/p>\n<p>&nbsp;<\/p>\n","protected":false},"featured_media":30816,"comment_status":"closed","ping_status":"closed","template":"","meta":{"_acf_changed":false,"_seopress_robots_primary_cat":"none","_seopress_titles_title":"","_seopress_titles_desc":"","_seopress_robots_index":""},"more":[],"product_brand":[6518],"product_cat":[6519],"product_tag":[7387,6903,7392,8965,6494,7390,6421,7133,6419,7389,6558,6490,7062,7060,6920,6500,6556,6555,7211],"class_list":{"0":"post-30812","1":"product","2":"type-product","3":"status-publish","4":"has-post-thumbnail","6":"product_brand-prometheus","7":"product_cat-bronze-ton","8":"product_tag-bronze","9":"product_tag-bronze-ton","10":"product_tag-bronzeclay","11":"product_tag-bronzeschmuck","12":"product_tag-diy","13":"product_tag-feuer","14":"product_tag-machen","15":"product_tag-prometheus","16":"product_tag-schmuck","17":"product_tag-schnell-niedrig","18":"product_tag-sie-selbst","19":"product_tag-silberton","20":"product_tag-spritze","21":"product_tag-spritzton","22":"product_tag-sterling","23":"product_tag-ton-2","24":"product_tag-ton-3","25":"product_tag-weis","26":"product_tag-weis-3","27":"product_shipping_class-standard","29":"first","30":"instock","31":"taxable","32":"shipping-taxable","33":"purchasable","34":"product-type-simple"},"acf":[],"_links":{"self":[{"href":"https:\/\/esquell.eu\/de\/wp-json\/wp\/v2\/product\/30812","targetHints":{"allow":["GET"]}}],"collection":[{"href":"https:\/\/esquell.eu\/de\/wp-json\/wp\/v2\/product"}],"about":[{"href":"https:\/\/esquell.eu\/de\/wp-json\/wp\/v2\/types\/product"}],"replies":[{"embeddable":true,"href":"https:\/\/esquell.eu\/de\/wp-json\/wp\/v2\/comments?post=30812"}],"wp:featuredmedia":[{"embeddable":true,"href":"https:\/\/esquell.eu\/de\/wp-json\/wp\/v2\/media\/30816"}],"wp:attachment":[{"href":"https:\/\/esquell.eu\/de\/wp-json\/wp\/v2\/media?parent=30812"}],"wp:term":[{"taxonomy":"more","embeddable":true,"href":"https:\/\/esquell.eu\/de\/wp-json\/wp\/v2\/more?post=30812"},{"taxonomy":"product_brand","embeddable":true,"href":"https:\/\/esquell.eu\/de\/wp-json\/wp\/v2\/product_brand?post=30812"},{"taxonomy":"product_cat","embeddable":true,"href":"https:\/\/esquell.eu\/de\/wp-json\/wp\/v2\/product_cat?post=30812"},{"taxonomy":"product_tag","embeddable":true,"href":"https:\/\/esquell.eu\/de\/wp-json\/wp\/v2\/product_tag?post=30812"}],"curies":[{"name":"wp","href":"https:\/\/api.w.org\/{rel}","templated":true}]}}