{"id":30759,"date":"2026-02-17T14:35:45","date_gmt":"2026-02-17T14:35:45","guid":{"rendered":"https:\/\/esquell.eu\/?post_type=product&#038;p=30759"},"modified":"2026-03-23T19:55:28","modified_gmt":"2026-03-23T19:55:28","slug":"ohrhaken-hohe-34-mm-oval-mit-anhangender-ose-925-silber-kopie-2","status":"publish","type":"product","link":"https:\/\/esquell.eu\/de\/produkt\/ohrhaken-hohe-34-mm-oval-mit-anhangender-ose-925-silber-kopie-2\/","title":{"rendered":"Ohrhaken, H\u00f6he 40 mm. Oval mit anh\u00e4ngender \u00d6se. 925 Silber. Flache Vorderseite"},"content":{"rendered":"<p>Ohrringhaken, oval mit \u00d6se<br \/>\nVorderseite flach geschlagen, Draht 0,8mm<br \/>\nL\u00e4nge ca. 40mm, Oberfl\u00e4che gl\u00e4nzend<br \/>\nSollid 925 Silber.<\/p>\n<p>Juwelierqualit\u00e4t<br \/>\nMit Anh\u00e4nger\u00f6se.<br \/>\nHochglanzpoliert.<\/p>\n<p>Auf Wunsch k\u00f6nnen die Silikonstopper als Backstopper verwendet werden.<\/p>\n","protected":false},"excerpt":{"rendered":"<div class=\"product-addition-content\">\n<p>Ohrringhaken, oval mit \u00d6se<br \/>\nVorderseite flach geschlagen, Draht 0,8mm<br \/>\nL\u00e4nge ca. 40mm, Oberfl\u00e4che gl\u00e4nzend<br \/>\nSollid 925 Silber.<\/p>\n<p>Juweliersqualit\u00e4t<br \/>\nMit Anh\u00e4nger\u00f6se.<br \/>\nHochglanzpoliert.<\/p>\n<p>&nbsp;<\/p>\n<\/div>\n","protected":false},"featured_media":30763,"comment_status":"closed","ping_status":"closed","template":"","meta":{"_acf_changed":false,"_seopress_robots_primary_cat":"none","_seopress_titles_title":"","_seopress_titles_desc":"","_seopress_robots_index":""},"more":[],"product_brand":[6992],"product_cat":[11955,12066],"product_tag":[11878,7078,10696,7080,10699,12116,10701,22271,8609,12103,12113,6942,6948,8375,6817,6799,12130,6797,6944,12230,7812,6458,12137,9618,6790,6415,6929,8514,7810,7804,7807,8471,7128,10748,6494,12095,8502,7799,6793,12080,12238,6895,12091,12234,7349,6822,12073,9663,11312,6452,9678,6946,22269,8487,12150,8516,12078,6897,6786,6885,12083,6804,8504,6932,6950,8498,7801,6421,7800,10628,12168,6455,7797,12122,12233,15472,12236,9288,12131,12228,22268,12240,12087,8637,6682,7931,22266,12231,12232,9200,9291,7959,12099,6788,6891,11175,12169,12239,11421,12070,10486,10506,6928,12125,12165,12235,12128,11059,12120,6899,9692,7509,6901,7354,7352,9677,7445,10492,12107,12170,12229,12067,8379,9672,8547,6893,6784,7811,6795,8483,10715,6814,10105,6783,12110,7796],"class_list":{"0":"post-30759","1":"product","2":"type-product","3":"status-publish","4":"has-post-thumbnail","6":"product_brand-ayu","7":"product_cat-neu","8":"product_cat-ohrring-teile-925","9":"product_tag-11878","10":"product_tag-7078","11":"product_tag-10696","12":"product_tag-7080","13":"product_tag-10699","14":"product_tag-30-2","15":"product_tag-10701","16":"product_tag-4cm-40mm","17":"product_tag-8609","18":"product_tag-12103","19":"product_tag-12113","20":"product_tag-alkmaar","21":"product_tag-almere","22":"product_tag-ameland","23":"product_tag-amsterdam","24":"product_tag-apeldoorn","25":"product_tag-appelscha","26":"product_tag-arnheim","27":"product_tag-assen","28":"product_tag-backstoppers","29":"product_tag-beilen","30":"product_tag-belgien","31":"product_tag-bellingwolde","32":"product_tag-beste","33":"product_tag-bestellung","34":"product_tag-billig","35":"product_tag-blei","36":"product_tag-blick","37":"product_tag-coevorden","38":"product_tag-delft","39":"product_tag-delftzijl","40":"product_tag-den-bosch","41":"product_tag-den-haag","42":"product_tag-den-helder","43":"product_tag-diy","44":"product_tag-doetichem-2","45":"product_tag-dronten","46":"product_tag-eindhoven","47":"product_tag-einkaufen","48":"product_tag-elburg","49":"product_tag-epoxid-ohrringe","50":"product_tag-es","51":"product_tag-gestut-2","52":"product_tag-glas-ohrringe","53":"product_tag-goldschmied","54":"product_tag-groningen","55":"product_tag-gros","56":"product_tag-grosartig","57":"product_tag-grose","58":"product_tag-groshandel","59":"product_tag-hardenberg","60":"product_tag-heerenveen","61":"product_tag-hoch-2","62":"product_tag-hoogeveen","63":"product_tag-hoogezand","64":"product_tag-horn","65":"product_tag-hypoallergen","66":"product_tag-ihr","67":"product_tag-kaufen","68":"product_tag-kaufen-2","69":"product_tag-kostenlos-2","70":"product_tag-kostenlos","71":"product_tag-lager","72":"product_tag-leeuwarden","73":"product_tag-lelystad","74":"product_tag-lemmer","75":"product_tag-maastricht","76":"product_tag-machen","77":"product_tag-middelburg","78":"product_tag-mm","79":"product_tag-nes","80":"product_tag-niederlande","81":"product_tag-nijmegen","82":"product_tag-ohr","83":"product_tag-ohrclip","84":"product_tag-ohrclip-2","85":"product_tag-ohrclips","86":"product_tag-ohrhaken","87":"product_tag-ohrhaken-3","88":"product_tag-ohrhaken-4","89":"product_tag-ohrhaken-ohrringhaken","90":"product_tag-ohrring-anstecknadel","91":"product_tag-ohrring-ohrstecker-2","92":"product_tag-ohrringe-3","93":"product_tag-ohrringe","94":"product_tag-ohrringe-2","95":"product_tag-ohrringhaken-3","96":"product_tag-ohrringruckseiten","97":"product_tag-ohrringteile","98":"product_tag-ohrstecker-3","99":"product_tag-ohrstecker-4","100":"product_tag-ohrstecker","101":"product_tag-ommen-2","102":"product_tag-online","103":"product_tag-online-shop","104":"product_tag-perlenohrringe","105":"product_tag-poucette","106":"product_tag-poucettes","107":"product_tag-rost","108":"product_tag-rostfrei-2","109":"product_tag-rostfreier-stahl-3","110":"product_tag-rostfreier-stahl-4","111":"product_tag-rotterdam","112":"product_tag-ruckseiten","113":"product_tag-sappermeer","114":"product_tag-schimpft","115":"product_tag-schmetterlinge-2","116":"product_tag-schmieden","117":"product_tag-schmuckqualitat","118":"product_tag-selbst","119":"product_tag-selbstgemachte-ohrringe","120":"product_tag-senden","121":"product_tag-sie-selbst-2","122":"product_tag-silberschmied","123":"product_tag-silberschmiede-2","124":"product_tag-sperren","125":"product_tag-stahl","126":"product_tag-stehlen","127":"product_tag-stift","128":"product_tag-stopsel","129":"product_tag-taste","130":"product_tag-terneuzen","131":"product_tag-texel","132":"product_tag-tiel","133":"product_tag-ton-ohrringe","134":"product_tag-tun","135":"product_tag-unter-2","136":"product_tag-urk","137":"product_tag-utrecht","138":"product_tag-venlo","139":"product_tag-vollenhove","140":"product_tag-webshop","141":"product_tag-winschoten","142":"product_tag-wobei","143":"product_tag-zuruck-2","144":"product_tag-zwolle","145":"product_shipping_class-standard","147":"first","148":"instock","149":"taxable","150":"shipping-taxable","151":"purchasable","152":"product-type-simple"},"acf":[],"_links":{"self":[{"href":"https:\/\/esquell.eu\/de\/wp-json\/wp\/v2\/product\/30759","targetHints":{"allow":["GET"]}}],"collection":[{"href":"https:\/\/esquell.eu\/de\/wp-json\/wp\/v2\/product"}],"about":[{"href":"https:\/\/esquell.eu\/de\/wp-json\/wp\/v2\/types\/product"}],"replies":[{"embeddable":true,"href":"https:\/\/esquell.eu\/de\/wp-json\/wp\/v2\/comments?post=30759"}],"wp:featuredmedia":[{"embeddable":true,"href":"https:\/\/esquell.eu\/de\/wp-json\/wp\/v2\/media\/30763"}],"wp:attachment":[{"href":"https:\/\/esquell.eu\/de\/wp-json\/wp\/v2\/media?parent=30759"}],"wp:term":[{"taxonomy":"more","embeddable":true,"href":"https:\/\/esquell.eu\/de\/wp-json\/wp\/v2\/more?post=30759"},{"taxonomy":"product_brand","embeddable":true,"href":"https:\/\/esquell.eu\/de\/wp-json\/wp\/v2\/product_brand?post=30759"},{"taxonomy":"product_cat","embeddable":true,"href":"https:\/\/esquell.eu\/de\/wp-json\/wp\/v2\/product_cat?post=30759"},{"taxonomy":"product_tag","embeddable":true,"href":"https:\/\/esquell.eu\/de\/wp-json\/wp\/v2\/product_tag?post=30759"}],"curies":[{"name":"wp","href":"https:\/\/api.w.org\/{rel}","templated":true}]}}