{"id":30681,"date":"2026-02-16T13:27:25","date_gmt":"2026-02-16T13:27:25","guid":{"rendered":"https:\/\/esquell.eu\/?post_type=product&#038;p=30681"},"modified":"2026-03-23T19:53:59","modified_gmt":"2026-03-23T19:53:59","slug":"silberanhanger-ose-bugel-925-silber-11mm-kopie","status":"publish","type":"product","link":"https:\/\/esquell.eu\/de\/produkt\/silberanhanger-ose-bugel-925-silber-11mm-kopie\/","title":{"rendered":"Silberne Schraub\u00f6sen Durchmesser Auge 3mm pro 10 St\u00fcck"},"content":{"rendered":"<p>Silberne Schraub\u00f6se<\/p>\n<p>\u00d6sendurchmesser 3mm<\/p>\n<p>925 Sterlingsilber<\/p>\n","protected":false},"excerpt":{"rendered":"<p><strong>Beim Kauf mehrerer St\u00fccke extra g\u00fcnstig<\/strong><\/p>\n<p><strong> <\/strong> <\/p>\n<p> Silberanh\u00e4nger Auge, B\u00fcgel, 925 Silber 11mm<\/p>\n<p>Hasenohren<\/p>\n<p>&nbsp;<\/p>\n<p>&nbsp;<\/p>\n","protected":false},"featured_media":30685,"comment_status":"closed","ping_status":"closed","template":"","meta":{"_acf_changed":false,"_seopress_robots_primary_cat":"none","_seopress_titles_title":"","_seopress_titles_desc":"","_seopress_robots_index":""},"more":[],"product_brand":[6703],"product_cat":[12313],"product_tag":[6488,14361,6506,7058,6924,17003,14366,14362,6921,6494,13759,7017,7349,11399,7171,14364,6693,9802,14327,12316,14359,14365,6421,14367,7178,17001,12314,12518,9425,6432,7023,6424,6926,16999,11059,6419,11619,7539,7541,11957,12521,9417,6889,6812,6671,6417,9790,6996,6920,14368,14360,6814,7441,6429],"class_list":{"0":"post-30681","1":"product","2":"type-product","3":"status-publish","4":"has-post-thumbnail","6":"product_brand-bm","7":"product_cat-anhangerosen-bugel-und-schraubosen","8":"product_tag-6488","9":"product_tag-14361","10":"product_tag-6506","11":"product_tag-anhanger-3","12":"product_tag-anhanger-2","13":"product_tag-argantum","14":"product_tag-bewegen","15":"product_tag-bohren-2","16":"product_tag-charme","17":"product_tag-diy","18":"product_tag-entwurfe","19":"product_tag-fur","20":"product_tag-goldschmied","21":"product_tag-gummi-2","22":"product_tag-gut-2","23":"product_tag-hakenauge","24":"product_tag-halskette","25":"product_tag-kann","26":"product_tag-kaution-2","27":"product_tag-kaution","28":"product_tag-kaution-3","29":"product_tag-kaution-innen","30":"product_tag-machen","31":"product_tag-mehr","32":"product_tag-nicht","33":"product_tag-oreilles","34":"product_tag-pendelauge","35":"product_tag-pendelauge-2","36":"product_tag-perle","37":"product_tag-real","38":"product_tag-rein-3","39":"product_tag-rein","40":"product_tag-rein-2","41":"product_tag-schmetterlingsraupen","42":"product_tag-schmieden","43":"product_tag-schmuck","44":"product_tag-schmuckherstellung-3","45":"product_tag-schmuckteile","46":"product_tag-schmuckzubehor","47":"product_tag-schmuckzubehor-4","48":"product_tag-schraubose","49":"product_tag-selbstgemachter-schmuck","50":"product_tag-shop","51":"product_tag-silber-3","52":"product_tag-silber-2","53":"product_tag-silber","54":"product_tag-silberschmied-2","55":"product_tag-sollid","56":"product_tag-sterling","57":"product_tag-stoppwulst","58":"product_tag-stopsel-2","59":"product_tag-webshop","60":"product_tag-werkzeug-2","61":"product_tag-wirklich","62":"product_shipping_class-standard","64":"first","65":"outofstock","66":"taxable","67":"shipping-taxable","68":"purchasable","69":"product-type-simple"},"acf":[],"_links":{"self":[{"href":"https:\/\/esquell.eu\/de\/wp-json\/wp\/v2\/product\/30681","targetHints":{"allow":["GET"]}}],"collection":[{"href":"https:\/\/esquell.eu\/de\/wp-json\/wp\/v2\/product"}],"about":[{"href":"https:\/\/esquell.eu\/de\/wp-json\/wp\/v2\/types\/product"}],"replies":[{"embeddable":true,"href":"https:\/\/esquell.eu\/de\/wp-json\/wp\/v2\/comments?post=30681"}],"wp:featuredmedia":[{"embeddable":true,"href":"https:\/\/esquell.eu\/de\/wp-json\/wp\/v2\/media\/30685"}],"wp:attachment":[{"href":"https:\/\/esquell.eu\/de\/wp-json\/wp\/v2\/media?parent=30681"}],"wp:term":[{"taxonomy":"more","embeddable":true,"href":"https:\/\/esquell.eu\/de\/wp-json\/wp\/v2\/more?post=30681"},{"taxonomy":"product_brand","embeddable":true,"href":"https:\/\/esquell.eu\/de\/wp-json\/wp\/v2\/product_brand?post=30681"},{"taxonomy":"product_cat","embeddable":true,"href":"https:\/\/esquell.eu\/de\/wp-json\/wp\/v2\/product_cat?post=30681"},{"taxonomy":"product_tag","embeddable":true,"href":"https:\/\/esquell.eu\/de\/wp-json\/wp\/v2\/product_tag?post=30681"}],"curies":[{"name":"wp","href":"https:\/\/api.w.org\/{rel}","templated":true}]}}