{"id":30605,"date":"2026-02-13T08:40:39","date_gmt":"2026-02-13T08:40:39","guid":{"rendered":"https:\/\/esquell.eu\/?post_type=product&#038;p=30605"},"modified":"2026-02-14T10:02:48","modified_gmt":"2026-02-14T10:02:48","slug":"stanzformen-fur-tonschmuck-6er-set-herz-kopie","status":"publish","type":"product","link":"https:\/\/esquell.eu\/de\/produkt\/stanzformen-fur-tonschmuck-6er-set-herz-kopie\/","title":{"rendered":"Stanzformen f\u00fcr Tonschmuck Set mit 6 Herzen in freier Form"},"content":{"rendered":"<p>Satz mit 6 St\u00fcck<\/p>\n<p>Abmessung H\u00f6he<\/p>\n<p>Kleinste ca. 1,2 cm<\/p>\n<p>Gr\u00f6\u00dfte ca. 3,8 cm<\/p>\n<p>Kreieren Sie m\u00fchelos einzigartige und moderne Formen aus Ton mit diesem hochwertigen Set von organisch geformten Tonausstechern. Ideal f\u00fcr Silber-, Kupfer- und Bronzeton und andere Arten von Ton. Auch f\u00fcr Keramik und Polymer Clay geeignet. <\/p>\n<p>Sie variieren in der Gr\u00f6\u00dfe von klein bis gro\u00df und eignen sich perfekt f\u00fcr Ohrringe, Anh\u00e4nger, Glieder und dekorative Elemente.<\/p>\n<p>F\u00fcr den h\u00e4ufigen Gebrauch. Hergestellt aus hochwertigem Kunststoff. Beh\u00e4lt seine Form  <\/p>\n<p>Der Vorteil gegen\u00fcber dem Nadelstift ist, dass Sie damit enge Schnittkanten erhalten, ohne auszufransen. Und genau zu duplizieren, was z.B. f\u00fcr Ohrringe praktisch ist. <\/p>\n<p>Kombinieren Sie die Formen miteinander, mit anderen Formen aus anderen Ausschneideb\u00f6gen.<\/p>\n<p>Kombinieren Sie mit Strukturmatten und Stempeln f\u00fcr Muster, Textur und Relief.<\/p>\n","protected":false},"excerpt":{"rendered":"<p>Satz mit 6 St\u00fcck Abmessung H\u00f6he Kleinste ca. 1,2 cm Gr\u00f6\u00dfte ca. 3,8 cm Kreieren Sie m\u00fchelos einzigartige und moderne Formen aus Ton mit diesem hochwertigen Set von organisch geformten Tonausstechern. Ideal f\u00fcr Silber-, Kupfer- und Bronzeton und andere Arten von Ton. Auch f\u00fcr Keramik und Polymer Clay geeignet. Sie variieren in der Gr\u00f6\u00dfe von&#8230;<\/p>\n","protected":false},"featured_media":30610,"comment_status":"closed","ping_status":"closed","template":"","meta":{"_acf_changed":false,"_seopress_robots_primary_cat":"none","_seopress_titles_title":"","_seopress_titles_desc":"","_seopress_robots_index":""},"more":[],"product_brand":[6365],"product_cat":[6811,11955],"product_tag":[7758,6494,9196,7682,7752,7680,7017,22114,15759,15784,15761,16031,10386,7678,7744,7019,6421,6441,7674,8704,6419,6779,6558,6490,6500,6556,7511,7684,9591,16157,22112,22113,6694,7441],"class_list":{"0":"post-30605","1":"product","2":"type-product","3":"status-publish","4":"has-post-thumbnail","6":"product_brand-l1","7":"product_cat-ausstecher-fur-ton","8":"product_cat-neu","9":"product_tag-ausschnitt","10":"product_tag-diy","11":"product_tag-formen","12":"product_tag-formen-schneiden","13":"product_tag-formular","14":"product_tag-formulare","15":"product_tag-fur","16":"product_tag-fur-ton","17":"product_tag-herz","18":"product_tag-herz-2","19":"product_tag-herzen","20":"product_tag-herzen-2","21":"product_tag-konvex","22":"product_tag-kutter","23":"product_tag-kutter-2","24":"product_tag-liefert","25":"product_tag-machen","26":"product_tag-metallton","27":"product_tag-polymer-clay","28":"product_tag-projektion","29":"product_tag-schmuck","30":"product_tag-selbstgemacht","31":"product_tag-sie-selbst","32":"product_tag-silberton","33":"product_tag-ton-2","34":"product_tag-ton-3","35":"product_tag-tonschmuck","36":"product_tag-tonschneider","37":"product_tag-tonschneider-4","38":"product_tag-tonschneider-5","39":"product_tag-valentine","40":"product_tag-valentines","41":"product_tag-von","42":"product_tag-werkzeug-2","44":"first","45":"instock","46":"taxable","47":"shipping-taxable","48":"purchasable","49":"product-type-simple"},"acf":[],"_links":{"self":[{"href":"https:\/\/esquell.eu\/de\/wp-json\/wp\/v2\/product\/30605","targetHints":{"allow":["GET"]}}],"collection":[{"href":"https:\/\/esquell.eu\/de\/wp-json\/wp\/v2\/product"}],"about":[{"href":"https:\/\/esquell.eu\/de\/wp-json\/wp\/v2\/types\/product"}],"replies":[{"embeddable":true,"href":"https:\/\/esquell.eu\/de\/wp-json\/wp\/v2\/comments?post=30605"}],"wp:featuredmedia":[{"embeddable":true,"href":"https:\/\/esquell.eu\/de\/wp-json\/wp\/v2\/media\/30610"}],"wp:attachment":[{"href":"https:\/\/esquell.eu\/de\/wp-json\/wp\/v2\/media?parent=30605"}],"wp:term":[{"taxonomy":"more","embeddable":true,"href":"https:\/\/esquell.eu\/de\/wp-json\/wp\/v2\/more?post=30605"},{"taxonomy":"product_brand","embeddable":true,"href":"https:\/\/esquell.eu\/de\/wp-json\/wp\/v2\/product_brand?post=30605"},{"taxonomy":"product_cat","embeddable":true,"href":"https:\/\/esquell.eu\/de\/wp-json\/wp\/v2\/product_cat?post=30605"},{"taxonomy":"product_tag","embeddable":true,"href":"https:\/\/esquell.eu\/de\/wp-json\/wp\/v2\/product_tag?post=30605"}],"curies":[{"name":"wp","href":"https:\/\/api.w.org\/{rel}","templated":true}]}}