{"id":30528,"date":"2026-01-31T19:16:44","date_gmt":"2026-01-31T19:16:44","guid":{"rendered":"https:\/\/esquell.eu\/product\/anstecknadel-fuer-die-herstellung-ihrer-eigenen-broschen-mix-nickel-silber-k-1230\/"},"modified":"2026-01-31T19:16:44","modified_gmt":"2026-01-31T19:16:44","slug":"anstecknadel-fuer-die-herstellung-ihrer-eigenen-broschen-mix-nickel-silber-k-1230","status":"publish","type":"product","link":"https:\/\/esquell.eu\/de\/produkt\/anstecknadel-fuer-die-herstellung-ihrer-eigenen-broschen-mix-nickel-silber-k-1230\/","title":{"rendered":"Anstecknadel f\u00fcr die Herstellung Ihrer eigenen Broschen. Mix Nickel\/Silber (K-1230)"},"content":{"rendered":"<p>Gr\u00f6\u00dfe Durchmesser 0,9mm L\u00e4nge 120mm<br \/>\nMit extra Nickel f\u00fcr die gew\u00fcnschte H\u00e4rte f\u00fcr Broschenpins \/ Reversnadeln \/ Hutnadeln usw.<\/p>\n","protected":false},"excerpt":{"rendered":"<p>Gr\u00f6\u00dfe Durchmesser 0,9mm L\u00e4nge 120mm Mit extra Nickel f\u00fcr die gew\u00fcnschte H\u00e4rte f\u00fcr Broschenpins \/ Reversnadeln \/ Hutnadeln usw.<\/p>\n","protected":false},"featured_media":30346,"comment_status":"closed","ping_status":"closed","template":"","meta":{"_acf_changed":false,"_seopress_robots_primary_cat":"none","_seopress_titles_title":"","_seopress_titles_desc":"","_seopress_robots_index":""},"more":[],"product_brand":[6413],"product_cat":[12538,11955],"product_tag":[8949,6494,7017,22073,6421,8137,12541,12545,6558,12107],"class_list":{"0":"post-30528","1":"product","2":"type-product","3":"status-publish","4":"has-post-thumbnail","6":"product_brand-acs","7":"product_cat-broschen-nadeln-und-teile","8":"product_cat-neu","9":"product_tag-brosche","10":"product_tag-diy","11":"product_tag-fur","12":"product_tag-hutnadel","13":"product_tag-machen","14":"product_tag-metall-3","15":"product_tag-revers","16":"product_tag-reverspin","17":"product_tag-sie-selbst","18":"product_tag-stift","20":"first","21":"instock","22":"taxable","23":"shipping-taxable","24":"purchasable","25":"product-type-simple"},"acf":[],"_links":{"self":[{"href":"https:\/\/esquell.eu\/de\/wp-json\/wp\/v2\/product\/30528","targetHints":{"allow":["GET"]}}],"collection":[{"href":"https:\/\/esquell.eu\/de\/wp-json\/wp\/v2\/product"}],"about":[{"href":"https:\/\/esquell.eu\/de\/wp-json\/wp\/v2\/types\/product"}],"replies":[{"embeddable":true,"href":"https:\/\/esquell.eu\/de\/wp-json\/wp\/v2\/comments?post=30528"}],"wp:featuredmedia":[{"embeddable":true,"href":"https:\/\/esquell.eu\/de\/wp-json\/wp\/v2\/media\/30346"}],"wp:attachment":[{"href":"https:\/\/esquell.eu\/de\/wp-json\/wp\/v2\/media?parent=30528"}],"wp:term":[{"taxonomy":"more","embeddable":true,"href":"https:\/\/esquell.eu\/de\/wp-json\/wp\/v2\/more?post=30528"},{"taxonomy":"product_brand","embeddable":true,"href":"https:\/\/esquell.eu\/de\/wp-json\/wp\/v2\/product_brand?post=30528"},{"taxonomy":"product_cat","embeddable":true,"href":"https:\/\/esquell.eu\/de\/wp-json\/wp\/v2\/product_cat?post=30528"},{"taxonomy":"product_tag","embeddable":true,"href":"https:\/\/esquell.eu\/de\/wp-json\/wp\/v2\/product_tag?post=30528"}],"curies":[{"name":"wp","href":"https:\/\/api.w.org\/{rel}","templated":true}]}}