{"id":30482,"date":"2026-01-22T13:43:16","date_gmt":"2026-01-22T13:43:16","guid":{"rendered":"https:\/\/esquell.eu\/product\/mini-workshop-froehliche-blumen-creaweekend-hardenberg\/"},"modified":"2026-01-22T13:43:16","modified_gmt":"2026-01-22T13:43:16","slug":"mini-workshop-froehliche-blumen-creaweekend-hardenberg","status":"publish","type":"product","link":"https:\/\/esquell.eu\/de\/produkt\/mini-workshop-froehliche-blumen-creaweekend-hardenberg\/","title":{"rendered":"Mini-Workshop &#8220;Fr\u00f6hliche Blumen&#8221; Creaweekend Hardenberg"},"content":{"rendered":"<p>M\u00f6chten Sie Art Clay Silver w\u00e4hrend des Crea-Weekends in Hardenberg kennenlernen?<\/p>\n<p>Dann besuchen Sie den gem\u00fctlichen Mini-Workshop <strong>&#8220;Happy Flowers&#8221;<\/strong> an unserem Stand (313, 314).<\/p>\n<p>In diesem kurzen Workshop stellen Sie in wenigen einfachen Schritten Ihren eigenen Feinsilber-Anh\u00e4nger, -Anh\u00e4nger oder -Ohrringe aus Art Clay Silver her.<br \/>\nSie gehen mit einem einzigartigen Feinsilber-Schmuckst\u00fcck nach Hause<\/p>\n<p>Die Workshops finden jeden Tag statt:<br \/>\nFreitag, 6. M\u00e4rz, Samstag, 7. M\u00e4rz und Sonntag, 8. M\u00e4rz<\/p>\n<p>1.: Beginn 11:00<\/p>\n<p>2. : Beginn 13:00<\/p>\n<p>3. : Beginn 15:00<\/p>\n<p>Nachdem Sie den Workshop im Webshop gekauft haben, erhalten Sie eine Rechnung zur Best\u00e4tigung. Die Rechnung ist Ihr Nachweis f\u00fcr die Reservierung. Bringen Sie sie zum Workshop mit.  <\/p>\n<p>&nbsp;<\/p>\n","protected":false},"excerpt":{"rendered":"<p>M\u00f6chten Sie Art Clay Silver w\u00e4hrend des Crea-Weekends in Hardenberg kennenlernen? Dann besuchen Sie den gem\u00fctlichen Mini-Workshop &#8220;Happy Flowers&#8221; an unserem Stand (313, 314). In diesem kurzen Workshop stellen Sie in wenigen einfachen Schritten Ihren eigenen Feinsilber-Anh\u00e4nger, -Anh\u00e4nger oder -Ohrringe aus Art Clay Silver her. Sie gehen mit einem einzigartigen Feinsilber-Schmuckst\u00fcck nach Hause Die Workshops&#8230;<\/p>\n","protected":false},"featured_media":30485,"comment_status":"closed","ping_status":"closed","template":"","meta":{"_acf_changed":false,"_seopress_robots_primary_cat":"none","_seopress_titles_title":"","_seopress_titles_desc":"","_seopress_robots_index":""},"more":[12193],"product_brand":[],"product_cat":[11955],"product_tag":[],"class_list":{"0":"post-30482","1":"product","2":"type-product","3":"status-publish","4":"has-post-thumbnail","6":"more-ereignisse","7":"product_cat-neu","9":"first","10":"instock","11":"taxable","12":"shipping-taxable","13":"purchasable","14":"product-type-variable"},"acf":[],"_links":{"self":[{"href":"https:\/\/esquell.eu\/de\/wp-json\/wp\/v2\/product\/30482","targetHints":{"allow":["GET"]}}],"collection":[{"href":"https:\/\/esquell.eu\/de\/wp-json\/wp\/v2\/product"}],"about":[{"href":"https:\/\/esquell.eu\/de\/wp-json\/wp\/v2\/types\/product"}],"replies":[{"embeddable":true,"href":"https:\/\/esquell.eu\/de\/wp-json\/wp\/v2\/comments?post=30482"}],"wp:featuredmedia":[{"embeddable":true,"href":"https:\/\/esquell.eu\/de\/wp-json\/wp\/v2\/media\/30485"}],"wp:attachment":[{"href":"https:\/\/esquell.eu\/de\/wp-json\/wp\/v2\/media?parent=30482"}],"wp:term":[{"taxonomy":"more","embeddable":true,"href":"https:\/\/esquell.eu\/de\/wp-json\/wp\/v2\/more?post=30482"},{"taxonomy":"product_brand","embeddable":true,"href":"https:\/\/esquell.eu\/de\/wp-json\/wp\/v2\/product_brand?post=30482"},{"taxonomy":"product_cat","embeddable":true,"href":"https:\/\/esquell.eu\/de\/wp-json\/wp\/v2\/product_cat?post=30482"},{"taxonomy":"product_tag","embeddable":true,"href":"https:\/\/esquell.eu\/de\/wp-json\/wp\/v2\/product_tag?post=30482"}],"curies":[{"name":"wp","href":"https:\/\/api.w.org\/{rel}","templated":true}]}}