{"id":30451,"date":"2026-02-03T16:07:27","date_gmt":"2026-02-03T16:07:27","guid":{"rendered":"https:\/\/esquell.eu\/?post_type=product&#038;p=30451"},"modified":"2026-02-04T20:45:09","modified_gmt":"2026-02-04T20:45:09","slug":"thompson-bleifreies-emaillepulver-erbsengrun-undurchsichtig-kopie-kopie-kopie-kopie-kopie","status":"publish","type":"product","link":"https:\/\/esquell.eu\/de\/produkt\/thompson-bleifreies-emaillepulver-erbsengrun-undurchsichtig-kopie-kopie-kopie-kopie-kopie\/","title":{"rendered":"Thompson bleifreies Emaillepulver. Transparentes T\u00fcrkis"},"content":{"rendered":"<p>Inhalt ca. 15 g. Bleifreies Emaillierpulver von Thompson<\/p>\n<p>(Da es sich um bleifreie Emaille handelt, ist sie leichter als bleihaltige Emaille. 15 Gramm entsprechen dem Volumen von 20 Gramm bleihaltiger Emaille)<\/p>\n<p>Emails sind sehr feines Glaspulver. Thompson-Emails sind bleifrei. Es ist jedoch ratsam, bei der Arbeit mit diesem Emaillepulver immer einen Mundschutz zu tragen. Sorgen Sie immer f\u00fcr eine gute Bel\u00fcftung.   <\/p>\n<p>In der Realit\u00e4t kann die Farbe leicht variieren. Die endg\u00fcltige Farbe h\u00e4ngt auch vom Untergrund und der Anzahl der aufgetragenen Schichten ab.  <\/p>\n","protected":false},"excerpt":{"rendered":"<p>Inhalt ca. 15 g. Bleifreies Emaillierpulver von Thompson<\/p>\n<p>&nbsp;<\/p>\n<p>Emails sind sehr feines Glaspulver. Thompson-Emails sind bleifrei. Es ist jedoch ratsam, bei der Arbeit mit diesem Emaillepulver immer einen Mundschutz zu tragen. Sorgen Sie immer f\u00fcr eine gute Bel\u00fcftung.   <\/p>\n<p>&nbsp;<\/p>\n<p>In der Realit\u00e4t kann die Farbe leicht variieren. Die endg\u00fcltige Farbe h\u00e4ngt auch vom Untergrund und der Anzahl der aufgetragenen Schichten ab.  <\/p>\n<p>&nbsp;<\/p>\n<p>&nbsp;<\/p>\n","protected":false},"featured_media":30455,"comment_status":"closed","ping_status":"closed","template":"","meta":{"_acf_changed":false,"_seopress_robots_primary_cat":"none","_seopress_titles_title":"","_seopress_titles_desc":"","_seopress_robots_index":""},"more":[],"product_brand":[6595,7173],"product_cat":[7174],"product_tag":[6446,7190,6492,7250,6721,9684,7214,9507,9496,8852,7197,7202,7200,7198,9499,9510,7206,7237,7216,7095,6767,7230,7195,7208,7259,7262,6673,7204,7222,7256,9683,9503,7253,9501,6704,9505,7178,9682,9508,7218,7193,6926,7023,6424,7226,7220,7212,9506,7182,7246,6812,7240,9498,9509,7243,7234,7211,7185],"class_list":{"0":"post-30451","1":"product","2":"type-product","3":"status-publish","4":"has-post-thumbnail","6":"product_brand-coole-tools","7":"product_brand-rio","8":"product_cat-thompson-emaille-pulver","9":"product_tag-aida","10":"product_tag-art-clay","11":"product_tag-artclay","12":"product_tag-blau-2","13":"product_tag-blau","14":"product_tag-bleifrei","15":"product_tag-emaille-2","16":"product_tag-emaille-5","17":"product_tag-emaille-4","18":"product_tag-emaille-3","19":"product_tag-emaille","20":"product_tag-emaillen","21":"product_tag-emaillieren","22":"product_tag-emal","23":"product_tag-emarald","24":"product_tag-fairy","25":"product_tag-farben","26":"product_tag-gelb-2","27":"product_tag-gelb","28":"product_tag-gold-2","29":"product_tag-gold","30":"product_tag-grau-2","31":"product_tag-grau","32":"product_tag-grun","33":"product_tag-grun-2","34":"product_tag-himmel","35":"product_tag-japan","36":"product_tag-japanisch","37":"product_tag-japanisch-2","38":"product_tag-kalk","39":"product_tag-kirsche","40":"product_tag-kobalt","41":"product_tag-lila","42":"product_tag-loschen-2","43":"product_tag-loschen","44":"product_tag-marine","45":"product_tag-nicht","46":"product_tag-preusisch-2","47":"product_tag-preusisch","48":"product_tag-pulver-2","49":"product_tag-pulver","50":"product_tag-rein-2","51":"product_tag-rein-3","52":"product_tag-rein","53":"product_tag-rosa","54":"product_tag-rose","55":"product_tag-rot","56":"product_tag-rot-2","57":"product_tag-schwarz","58":"product_tag-semi","59":"product_tag-silber-3","60":"product_tag-transparent","61":"product_tag-undurchsichtig-2","62":"product_tag-undurchsichtig-3","63":"product_tag-undurchsichtig","64":"product_tag-violett","65":"product_tag-weis-3","66":"product_tag-weis-2","67":"product_shipping_class-standard","69":"first","70":"instock","71":"taxable","72":"shipping-taxable","73":"purchasable","74":"product-type-simple"},"acf":[],"_links":{"self":[{"href":"https:\/\/esquell.eu\/de\/wp-json\/wp\/v2\/product\/30451","targetHints":{"allow":["GET"]}}],"collection":[{"href":"https:\/\/esquell.eu\/de\/wp-json\/wp\/v2\/product"}],"about":[{"href":"https:\/\/esquell.eu\/de\/wp-json\/wp\/v2\/types\/product"}],"replies":[{"embeddable":true,"href":"https:\/\/esquell.eu\/de\/wp-json\/wp\/v2\/comments?post=30451"}],"wp:featuredmedia":[{"embeddable":true,"href":"https:\/\/esquell.eu\/de\/wp-json\/wp\/v2\/media\/30455"}],"wp:attachment":[{"href":"https:\/\/esquell.eu\/de\/wp-json\/wp\/v2\/media?parent=30451"}],"wp:term":[{"taxonomy":"more","embeddable":true,"href":"https:\/\/esquell.eu\/de\/wp-json\/wp\/v2\/more?post=30451"},{"taxonomy":"product_brand","embeddable":true,"href":"https:\/\/esquell.eu\/de\/wp-json\/wp\/v2\/product_brand?post=30451"},{"taxonomy":"product_cat","embeddable":true,"href":"https:\/\/esquell.eu\/de\/wp-json\/wp\/v2\/product_cat?post=30451"},{"taxonomy":"product_tag","embeddable":true,"href":"https:\/\/esquell.eu\/de\/wp-json\/wp\/v2\/product_tag?post=30451"}],"curies":[{"name":"wp","href":"https:\/\/api.w.org\/{rel}","templated":true}]}}