{"id":30366,"date":"2026-02-01T20:56:49","date_gmt":"2026-02-01T20:56:49","guid":{"rendered":"https:\/\/esquell.eu\/?post_type=product&#038;p=30366"},"modified":"2026-03-05T16:32:19","modified_gmt":"2026-03-05T16:32:19","slug":"teflon-arbeitsflache-1010-cm-preisgunstig-verpackt-pro-4-blatt-kopie","status":"publish","type":"product","link":"https:\/\/esquell.eu\/de\/produkt\/teflon-arbeitsflache-1010-cm-preisgunstig-verpackt-pro-4-blatt-kopie\/","title":{"rendered":"Tuff Cards Hitzebest\u00e4ndige Karten f\u00fcr Metal Clay Projekte"},"content":{"rendered":"<p>Tuff Cards sind dicke, antihaftbeschichtete Karten, die Sie zum Herstellen, Zusammensetzen und Trocknen von Metal Clay-Projekten verwenden.<br \/>\nSie sind dicker als herk\u00f6mmliches Teflon und haben die gleiche praktische Gr\u00f6\u00dfe.<br \/>\nTuff Cards verhindern, dass die Arbeit schnell herunterf\u00e4llt, wenn Sie sie auf Ihre hei\u00dfe Metalltonplatte oder an einen anderen Ort bringen. Tuff Cards sind glatt, haben keine Textur und sind hitzebest\u00e4ndig bis zu 500 \u00b0F. <\/p>\n<p>Gr\u00f6\u00dfe 6,35 cm x 8,9 cm<\/p>\n","protected":false},"excerpt":{"rendered":"<p>Hitzebest\u00e4ndige Arbeitsfl\u00e4che. 10*10 cm <\/p>\n<p>Verpackt pro 4 Blatt<\/p>\n<p>Dickes und robustes Teflon<\/p>\n","protected":false},"featured_media":30373,"comment_status":"closed","ping_status":"closed","template":"","meta":{"_acf_changed":false,"_seopress_robots_primary_cat":"none","_seopress_titles_title":"","_seopress_titles_desc":"","_seopress_robots_index":""},"more":[],"product_brand":[6413],"product_cat":[6596,8215,11955],"product_tag":[6446,13192,13194,6438,6903,6675,13222,7017,9663,22085,13074,6673,22083,6786,6905,10728,6444,6441,8001,22084,7133,13191,13224,6490,7340,13193,13226,13228,22081,22082,6784,6449,11703,13229,6783],"class_list":{"0":"post-30366","1":"product","2":"type-product","3":"status-publish","4":"has-post-thumbnail","6":"product_brand-acs","7":"product_cat-grundlegende-werkzeuge","8":"product_cat-lehm","9":"product_cat-neu","10":"product_tag-aida","11":"product_tag-arbeitsflache","12":"product_tag-arbeitsmatte","13":"product_tag-artclaysilver","14":"product_tag-bronze-ton","15":"product_tag-craftlines","16":"product_tag-dick","17":"product_tag-fur","18":"product_tag-grosartig","19":"product_tag-hart-2","20":"product_tag-hitzebestandig","21":"product_tag-japan","22":"product_tag-karte","23":"product_tag-kaufen","24":"product_tag-kupferton","25":"product_tag-metaaklei","26":"product_tag-metalclay","27":"product_tag-metallton","28":"product_tag-pmc","29":"product_tag-projekte","30":"product_tag-prometheus","31":"product_tag-resistent","32":"product_tag-robuste","33":"product_tag-silberton","34":"product_tag-silverclay-co-uk","35":"product_tag-teflon","36":"product_tag-tefon","37":"product_tag-trockenmatte","38":"product_tag-tuffcard","39":"product_tag-tuffstein","40":"product_tag-unter-2","41":"product_tag-verteiler","42":"product_tag-warme-2","43":"product_tag-wermatje","44":"product_tag-wobei","45":"product_shipping_class-standard","47":"first","48":"instock","49":"taxable","50":"shipping-taxable","51":"purchasable","52":"product-type-simple"},"acf":[],"_links":{"self":[{"href":"https:\/\/esquell.eu\/de\/wp-json\/wp\/v2\/product\/30366","targetHints":{"allow":["GET"]}}],"collection":[{"href":"https:\/\/esquell.eu\/de\/wp-json\/wp\/v2\/product"}],"about":[{"href":"https:\/\/esquell.eu\/de\/wp-json\/wp\/v2\/types\/product"}],"replies":[{"embeddable":true,"href":"https:\/\/esquell.eu\/de\/wp-json\/wp\/v2\/comments?post=30366"}],"wp:featuredmedia":[{"embeddable":true,"href":"https:\/\/esquell.eu\/de\/wp-json\/wp\/v2\/media\/30373"}],"wp:attachment":[{"href":"https:\/\/esquell.eu\/de\/wp-json\/wp\/v2\/media?parent=30366"}],"wp:term":[{"taxonomy":"more","embeddable":true,"href":"https:\/\/esquell.eu\/de\/wp-json\/wp\/v2\/more?post=30366"},{"taxonomy":"product_brand","embeddable":true,"href":"https:\/\/esquell.eu\/de\/wp-json\/wp\/v2\/product_brand?post=30366"},{"taxonomy":"product_cat","embeddable":true,"href":"https:\/\/esquell.eu\/de\/wp-json\/wp\/v2\/product_cat?post=30366"},{"taxonomy":"product_tag","embeddable":true,"href":"https:\/\/esquell.eu\/de\/wp-json\/wp\/v2\/product_tag?post=30366"}],"curies":[{"name":"wp","href":"https:\/\/api.w.org\/{rel}","templated":true}]}}