{"id":30156,"date":"2026-01-19T22:04:02","date_gmt":"2026-01-19T22:04:02","guid":{"rendered":"https:\/\/esquell.eu\/?post_type=product&#038;p=30156"},"modified":"2026-02-04T20:49:12","modified_gmt":"2026-02-04T20:49:12","slug":"karneol-achat-cabochon-facettiert-flacher-boden-naturstein-rund-6-mm-kopie","status":"publish","type":"product","link":"https:\/\/esquell.eu\/de\/produkt\/karneol-achat-cabochon-facettiert-flacher-boden-naturstein-rund-6-mm-kopie\/","title":{"rendered":"Cabochon Facettierter Gr\u00fcner Achat Flacher Boden Naturstein Rund 4 mm"},"content":{"rendered":"<p>Naturstein-Cabochon verschiedene Gr\u00f6\u00dfen<\/p>\n<p>Rund<\/p>\n<p>Flacher Boden<\/p>\n<p>Steinplatte<\/p>\n<p>*Da es sich um einen Naturstein handelt, sind alle Cabochons unterschiedlich.<\/p>\n<p><a href=\"https:\/\/esquell.eu\/de\/produktkategorie\/schmuckteile\/siedlungen-und-chatons\/\"><u>Suchen Sie hier nach passenden silbernen Gedecken und Schr\u00e4nken.<\/u><\/a><\/p>\n<p>Setzk\u00e4sten selbst herstellen?<\/p>\n<p><a href=\"https:\/\/esquell.eu\/?s=zetdraad\"><u>Schauen Sie hier nach Setzdraht<\/u><\/a><\/p>\n<p><u><a href=\"https:\/\/esquell.eu\/de\/produkt\/anti-schrumpf-compound-fuer-metallton-silberton-verschiedene-inhalte\/\">Suchen Sie hier nach Antischrumpfmittel f\u00fcr<\/a><a href=\"https:\/\/esquell.eu\/de\/produkt\/anti-schrumpf-compound-fuer-metallton-silberton-verschiedene-inhalte\/\"> Metallkl<\/a><a href=\"https:\/\/esquell.eu\/de\/produkt\/anti-schrumpf-compound-fuer-metallton-silberton-verschiedene-inhalte\/\">ei<\/a><a href=\"https:\/\/esquell.eu\/de\/produkt\/anti-schrumpf-compound-fuer-metallton-silberton-verschiedene-inhalte\/\"> \/ Silberton<\/a><strong><br \/>\n<\/strong><\/u><\/p>\n<p><a href=\"https:\/\/esquell.eu\/?s=sieradenlijm\">Schmuckkleber<\/a><\/p>\n<p><a href=\"https:\/\/esquell.eu\/?s=zetstaa\"><u>Setzstahl<\/u><\/a><\/p>\n","protected":false},"excerpt":{"rendered":"<p>Naturstein-Cabochon verschiedene Gr\u00f6\u00dfen<\/p>\n<p>Oval. Flacher Boden <\/p>\n<p><strong>*Da es sich um einen Naturstein handelt, unterscheiden sich alle Cabochons in Farbe und Motiv.  <\/strong><\/p>\n<p>F\u00fcr die Schmuckherstellung<\/p>\n<p>Pfirsich<\/p>\n<p>Facette<\/p>\n","protected":false},"featured_media":30160,"comment_status":"closed","ping_status":"closed","template":"","meta":{"_acf_changed":false,"_seopress_robots_primary_cat":"none","_seopress_titles_title":"","_seopress_titles_desc":"","_seopress_robots_index":""},"more":[],"product_brand":[8480],"product_cat":[11956,11955],"product_tag":[12355,9298,12353,12897,6802,12899,8618,12349,12306,12305,12929,6415,6721,12343,12909,12983,13008,10754,12352,7463,12300,7957,12351,12927,12937,12356,12913,6494,12921,7320,8359,12339,11478,12341,6628,7461,12296,7953,8535,12550,12298,7206,10988,12931,12307,7349,6452,7208,7259,12895,12941,12981,7330,12335,11144,12348,12903,10401,12943,12917,7453,12333,12907,12933,12345,10074,6707,7253,12893,12925,6421,12303,12901,12911,12985,12939,12344,7317,12361,12357,12915,12905,12362,12360,11179,12359,12923,8011,12336,10535,7212,12347,10726,6419,7998,10470,7541,9417,6514,9790,7086,11711,6464,7439,7885,12301,11010,12337,12331,12890,12979,13007,13037,10717,12919,7449,7447,12358,12935],"class_list":{"0":"post-30156","1":"product","2":"type-product","3":"status-publish","4":"has-post-thumbnail","6":"product_brand-925-handwerk","7":"product_cat-cabochons-rund","8":"product_cat-neu","9":"product_tag-23-schmuck","10":"product_tag-achat","11":"product_tag-achat-steine","12":"product_tag-amethyst","13":"product_tag-angebot","14":"product_tag-arizona","15":"product_tag-artclay-silber-2","16":"product_tag-bedeutung","17":"product_tag-bijou-modern","18":"product_tag-bijoumodern","19":"product_tag-bijoumoederne","20":"product_tag-billig","21":"product_tag-blau","22":"product_tag-blau-3","23":"product_tag-blau-grun","24":"product_tag-blaulich","25":"product_tag-blaulich-2","26":"product_tag-braun","27":"product_tag-braun-2","28":"product_tag-bruhgruppe","29":"product_tag-bunt","30":"product_tag-cabochon","31":"product_tag-cabochon-kleber","32":"product_tag-cabouchon","33":"product_tag-chrysopras","34":"product_tag-crownsetting","35":"product_tag-denim","36":"product_tag-diy","37":"product_tag-dunkelrot","38":"product_tag-edelstein","39":"product_tag-edelsteine","40":"product_tag-edelsteine-3","41":"product_tag-edelsteinkleber","42":"product_tag-eigenschaften","43":"product_tag-einfugen","44":"product_tag-einstellbox","45":"product_tag-einstelldraht","46":"product_tag-einstellung","47":"product_tag-einstellung-2","48":"product_tag-facette","49":"product_tag-farbe","50":"product_tag-farben","51":"product_tag-fliederfarben","52":"product_tag-fur-manner-2","53":"product_tag-giethoorn","54":"product_tag-goldschmied","55":"product_tag-groshandel","56":"product_tag-grun","57":"product_tag-grun-2","58":"product_tag-grun-3","59":"product_tag-grunlich","60":"product_tag-grunlich-2","61":"product_tag-halb","62":"product_tag-halbedelstein","63":"product_tag-halbedelsteine","64":"product_tag-heilung","65":"product_tag-hell","66":"product_tag-herstellung","67":"product_tag-holle","68":"product_tag-karneol","69":"product_tag-kralleneinstellung","70":"product_tag-lapis","71":"product_tag-lapislazuli","72":"product_tag-laval","73":"product_tag-lazuli","74":"product_tag-leim","75":"product_tag-licht","76":"product_tag-lila","77":"product_tag-lila-2","78":"product_tag-lolite","79":"product_tag-machen","80":"product_tag-meine-damen-und-herren","81":"product_tag-messe","82":"product_tag-mineralien","83":"product_tag-mineralienmesse","84":"product_tag-minze","85":"product_tag-mtn","86":"product_tag-naturstein","87":"product_tag-naturstein-anhanger","88":"product_tag-naturstein-cabochon-2","89":"product_tag-naturstein-cabochons","90":"product_tag-naturstein-ohrringe-2","91":"product_tag-naturstein-ohrringe","92":"product_tag-naturstein-ring","93":"product_tag-naturstein-schmuck","94":"product_tag-naturstein-schmuck-2","95":"product_tag-plattiert","96":"product_tag-poliert","97":"product_tag-poliert-2","98":"product_tag-rijswijk","99":"product_tag-rot","100":"product_tag-rot-3","101":"product_tag-rund","102":"product_tag-schmuck","103":"product_tag-schmuck-4","104":"product_tag-schmuckherstellung-2","105":"product_tag-schmuckzubehor","106":"product_tag-selbstgemachter-schmuck","107":"product_tag-setzkasten","108":"product_tag-silberschmied-2","109":"product_tag-silberschmiede","110":"product_tag-soft","111":"product_tag-stein","112":"product_tag-stein-3","113":"product_tag-steinsetzung","114":"product_tag-stellen-sie-ihren-eigenen-schmuck-her","115":"product_tag-strassstein-2","116":"product_tag-strasssteine-3","117":"product_tag-tigerauge","118":"product_tag-turkis","119":"product_tag-turkis-2","120":"product_tag-turkis-3","121":"product_tag-turkis-4","122":"product_tag-um","123":"product_tag-weinrot","124":"product_tag-zackenfassung","125":"product_tag-zinken","126":"product_tag-zinken-2","127":"product_tag-zubehor-fur-die-schmuckherstellung","128":"pa_afmeting-1014-mm","129":"pa_afmeting-1318-mm","130":"pa_afmeting-1520mm","131":"pa_afmeting-1825-mm","132":"pa_afmeting-2030-mm","133":"pa_afmeting-2230mm","134":"pa_afmeting-3040mm","135":"pa_afmeting-46-mm","136":"pa_afmeting-4mm","137":"pa_afmeting-5mm","138":"pa_afmeting-68-mm","139":"pa_afmeting-6mm","140":"pa_afmeting-79-mm","141":"pa_afmeting-810-mm","142":"pa_afmeting-8mm","144":"first","145":"instock","146":"taxable","147":"shipping-taxable","148":"purchasable","149":"product-type-simple"},"acf":[],"_links":{"self":[{"href":"https:\/\/esquell.eu\/de\/wp-json\/wp\/v2\/product\/30156","targetHints":{"allow":["GET"]}}],"collection":[{"href":"https:\/\/esquell.eu\/de\/wp-json\/wp\/v2\/product"}],"about":[{"href":"https:\/\/esquell.eu\/de\/wp-json\/wp\/v2\/types\/product"}],"replies":[{"embeddable":true,"href":"https:\/\/esquell.eu\/de\/wp-json\/wp\/v2\/comments?post=30156"}],"wp:featuredmedia":[{"embeddable":true,"href":"https:\/\/esquell.eu\/de\/wp-json\/wp\/v2\/media\/30160"}],"wp:attachment":[{"href":"https:\/\/esquell.eu\/de\/wp-json\/wp\/v2\/media?parent=30156"}],"wp:term":[{"taxonomy":"more","embeddable":true,"href":"https:\/\/esquell.eu\/de\/wp-json\/wp\/v2\/more?post=30156"},{"taxonomy":"product_brand","embeddable":true,"href":"https:\/\/esquell.eu\/de\/wp-json\/wp\/v2\/product_brand?post=30156"},{"taxonomy":"product_cat","embeddable":true,"href":"https:\/\/esquell.eu\/de\/wp-json\/wp\/v2\/product_cat?post=30156"},{"taxonomy":"product_tag","embeddable":true,"href":"https:\/\/esquell.eu\/de\/wp-json\/wp\/v2\/product_tag?post=30156"}],"curies":[{"name":"wp","href":"https:\/\/api.w.org\/{rel}","templated":true}]}}