{"id":29952,"date":"2026-01-18T00:47:16","date_gmt":"2026-01-18T00:47:16","guid":{"rendered":"https:\/\/esquell.eu\/?post_type=product&#038;p=29952"},"modified":"2026-02-14T10:09:29","modified_gmt":"2026-02-14T10:09:29","slug":"zirkonia-aaaaa-trillion-verschiedene-grosen-rosa-staff-discount-kopie-kopie-kopie-kopie","status":"publish","type":"product","link":"https:\/\/esquell.eu\/de\/produkt\/zirkonia-aaaaa-trillion-verschiedene-grosen-rosa-staff-discount-kopie-kopie-kopie-kopie\/","title":{"rendered":"Zirkonia AAAAA Herz Verschiedene Gr\u00f6\u00dfen Peridot STAFF DISCOUNT"},"content":{"rendered":"<p><strong>Hinweis: Extra-Rabatt bei Bestellung mehrerer St\u00fccke<\/strong><\/p>\n<p>Zirkonia \/ Cubic Zirconia \/ CZ Stein.<br \/>\nHochwertige 5xA. Hitzebest\u00e4ndig. <\/p>\n<p>Geeignet f\u00fcr das direkte Brennen in Silberton.<\/p>\n<p>Auch zum Mitbrennen in Bronze- oder Kupferton geeignet. In Kupfer- oder Bronzeton kann der Stein 4 Stunden lang in Aktivkohle bei 820 Grad gebrannt werden. <\/p>\n<p>Anstatt mitzubrennen, k\u00f6nnen Sie auch nach dem Brennen Steine hinzuf\u00fcgen. Zum Beispiel durch die Verwendung eines Setzers oder Chatons. <\/p>\n<p>Diese Ziegel k\u00f6nnen im Ofen, mit einer Fackel \/ einem Handbrenner oder auf dem Gasherd gebacken werden. Die Ziegel wurden f\u00fcr 30 Minuten bei 850\u00b0C getestet. <\/p>\n<p>Hinweis: Nicht im Wasser abk\u00fchlen. Die Kieselsteine bekommen Risse, werden matt und ver\u00e4ndern ihre Farbe durch den gro\u00dfen Temperaturunterschied. <\/p>\n<p>Gr\u00f6\u00dfere Ziegel sollten vorzugsweise in einem Ofen gebacken werden. Stellen Sie sie in einen kalten Ofen und lassen Sie sie nach dem Backen auf Raumtemperatur abk\u00fchlen. <\/p>\n","protected":false},"excerpt":{"rendered":"<p><strong>Hinweis: Extra-Rabatt bei Bestellung mehrerer St\u00fccke<\/strong><\/p>\n<p>Zirkonia \/ Cubic Zirconia \/ CZ Stein.<br \/>\nHochwertige 5xA. Hitzebest\u00e4ndig. <\/p>\n<p>&nbsp;<\/p>\n<p>Zirkonia \/ Cubic Zirconia \/ CZ Stein.<br \/>\nHochwertige 5xA. Hitzebest\u00e4ndig. <\/p>\n<p>Geeignet f\u00fcr das direkte Brennen in Silberton.<\/p>\n<p>Auch zum Mitbrennen in Bronze- oder Kupferton geeignet. In Kupfer- oder Bronzeton kann der Stein 4 Stunden lang in Aktivkohle bei 820 Grad gebrannt werden. <\/p>\n","protected":false},"featured_media":29967,"comment_status":"closed","ping_status":"closed","template":"","meta":{"_acf_changed":false,"_seopress_robots_primary_cat":"none","_seopress_titles_title":"","_seopress_titles_desc":"","_seopress_robots_index":""},"more":[],"product_brand":[6365],"product_cat":[11955,22030],"product_tag":[11878,10696,10699,10701,8609,10098,12103,10100,6446,11978,6802,6684,6790,6415,6721,13094,7463,7451,13111,13109,6675,8484,10107,7328,13082,6494,13098,6793,7461,7953,12550,11564,12298,7206,7216,7237,13084,9788,7808,10814,6767,13068,6452,7208,7259,22032,13074,15516,6673,6516,11016,13092,13160,13078,13150,12893,6704,9501,6510,6421,6444,6441,13157,6682,13086,6788,6891,8510,8782,11108,8011,13096,13080,13155,8786,15514,6777,13066,13070,7226,11526,7220,7212,13102,6419,6820,13106,6779,7435,6558,7086,6490,7334,7439,13072,13090,13076,13148,13100,7240,9686,6449,13108,7234,11326,6814,7185,6783,13162,13088,13104,7068,8004],"class_list":{"0":"post-29952","1":"product","2":"type-product","3":"status-publish","4":"has-post-thumbnail","6":"product_brand-l1","7":"product_cat-neu","8":"product_cat-zirkoniumdioxid-herzform","9":"product_tag-11878","10":"product_tag-10696","11":"product_tag-10699","12":"product_tag-10701","13":"product_tag-8609","14":"product_tag-5xa","15":"product_tag-12103","16":"product_tag-aaaaa","17":"product_tag-aida","18":"product_tag-amber","19":"product_tag-angebot","20":"product_tag-anhanger","21":"product_tag-bestellung","22":"product_tag-billig","23":"product_tag-blau","24":"product_tag-brillant","25":"product_tag-bruhgruppe","26":"product_tag-chaton","27":"product_tag-collor","28":"product_tag-collors","29":"product_tag-craftlines","30":"product_tag-cz","31":"product_tag-daimond","32":"product_tag-diamant","33":"product_tag-die-2","34":"product_tag-diy","35":"product_tag-edelsteine-4","36":"product_tag-einkaufen","37":"product_tag-einstellbox","38":"product_tag-einstellung","39":"product_tag-facette","40":"product_tag-fallen-lassen-2","41":"product_tag-farbe","42":"product_tag-farben","43":"product_tag-gelb","44":"product_tag-gelb-2","45":"product_tag-gem","46":"product_tag-gemacht","47":"product_tag-glas","48":"product_tag-glas-2","49":"product_tag-gold","50":"product_tag-grosartig-2","51":"product_tag-groshandel","52":"product_tag-grun","53":"product_tag-grun-2","54":"product_tag-herzform","55":"product_tag-hitzebestandig","56":"product_tag-hitzebestandig-2","57":"product_tag-japan","58":"product_tag-kieselsteinchen","59":"product_tag-kubisch","60":"product_tag-kubisch-2","61":"product_tag-kubisch-3","62":"product_tag-labor","63":"product_tag-labor-2","64":"product_tag-lila-2","65":"product_tag-loschen","66":"product_tag-loschen-2","67":"product_tag-lunette","68":"product_tag-machen","69":"product_tag-metalclay","70":"product_tag-metallton","71":"product_tag-mulit","72":"product_tag-ohrringe","73":"product_tag-olive","74":"product_tag-online","75":"product_tag-online-shop","76":"product_tag-perlenladen","77":"product_tag-platz","78":"product_tag-platz-2","79":"product_tag-poliert","80":"product_tag-poliert-rund","81":"product_tag-pyramide","82":"product_tag-pyramide-2","83":"product_tag-reichweite","84":"product_tag-resistent-3","85":"product_tag-ringe","86":"product_tag-rio","87":"product_tag-riogrande","88":"product_tag-rosa","89":"product_tag-rosa-2","90":"product_tag-rose","91":"product_tag-rot","92":"product_tag-saphir","93":"product_tag-schmuck","94":"product_tag-schmuck-2","95":"product_tag-schneiden-2","96":"product_tag-selbstgemacht","97":"product_tag-setzen","98":"product_tag-sie-selbst","99":"product_tag-silberschmiede","100":"product_tag-silberton","101":"product_tag-stein-2","102":"product_tag-stein-3","103":"product_tag-steine","104":"product_tag-swarofski","105":"product_tag-synthetisch-2","106":"product_tag-synthetisch-3","107":"product_tag-temperatur","108":"product_tag-transparent","109":"product_tag-verschiedene-2","110":"product_tag-verteiler","111":"product_tag-viel","112":"product_tag-violett","113":"product_tag-warme","114":"product_tag-webshop","115":"product_tag-weis-2","116":"product_tag-wobei","117":"product_tag-x","118":"product_tag-zc","119":"product_tag-zirkon","120":"product_tag-zirkoniumdioxid","121":"product_tag-zirkoniumdioxid-2","122":"product_shipping_class-standard","123":"pa_afmeting-44-mm","124":"pa_afmeting-66-mm","125":"pa_afmeting-88-mm","127":"first","128":"instock","129":"taxable","130":"shipping-taxable","131":"purchasable","132":"product-type-variable"},"acf":[],"_links":{"self":[{"href":"https:\/\/esquell.eu\/de\/wp-json\/wp\/v2\/product\/29952","targetHints":{"allow":["GET"]}}],"collection":[{"href":"https:\/\/esquell.eu\/de\/wp-json\/wp\/v2\/product"}],"about":[{"href":"https:\/\/esquell.eu\/de\/wp-json\/wp\/v2\/types\/product"}],"replies":[{"embeddable":true,"href":"https:\/\/esquell.eu\/de\/wp-json\/wp\/v2\/comments?post=29952"}],"wp:featuredmedia":[{"embeddable":true,"href":"https:\/\/esquell.eu\/de\/wp-json\/wp\/v2\/media\/29967"}],"wp:attachment":[{"href":"https:\/\/esquell.eu\/de\/wp-json\/wp\/v2\/media?parent=29952"}],"wp:term":[{"taxonomy":"more","embeddable":true,"href":"https:\/\/esquell.eu\/de\/wp-json\/wp\/v2\/more?post=29952"},{"taxonomy":"product_brand","embeddable":true,"href":"https:\/\/esquell.eu\/de\/wp-json\/wp\/v2\/product_brand?post=29952"},{"taxonomy":"product_cat","embeddable":true,"href":"https:\/\/esquell.eu\/de\/wp-json\/wp\/v2\/product_cat?post=29952"},{"taxonomy":"product_tag","embeddable":true,"href":"https:\/\/esquell.eu\/de\/wp-json\/wp\/v2\/product_tag?post=29952"}],"curies":[{"name":"wp","href":"https:\/\/api.w.org\/{rel}","templated":true}]}}