{"id":29865,"date":"2026-01-17T04:17:44","date_gmt":"2026-01-17T04:17:44","guid":{"rendered":"https:\/\/esquell.eu\/product\/perlenmacher-zur-herstellung-von-perlen-aus-metallton\/"},"modified":"2026-01-17T04:17:44","modified_gmt":"2026-01-17T04:17:44","slug":"perlenmacher-zur-herstellung-von-perlen-aus-metallton","status":"publish","type":"product","link":"https:\/\/esquell.eu\/de\/produkt\/perlenmacher-zur-herstellung-von-perlen-aus-metallton\/","title":{"rendered":"Perlenmacher zur Herstellung von Perlen aus Metallton"},"content":{"rendered":"<p>Block zum Herstellen von Perlen aus Metallton wie Silberton, Bronzeton, Kupferton und anderen Arten von Ton.<\/p>\n<p>F\u00fcr Perlen mit einem Durchmesser von 4mm, 6mm und 8mm<\/p>\n<p>Einfach zu verwenden<\/p>\n<p>Sch\u00f6n gleichm\u00e4\u00dfige Perlen, die immer die gleiche Gr\u00f6\u00dfe haben.<\/p>\n","protected":false},"excerpt":{"rendered":"<p>Block zum Herstellen von Perlen aus Metallton wie Silberton, Bronzeton, Kupferton und anderen Arten von Ton. F\u00fcr Perlen mit einem Durchmesser von 4mm, 6mm und 8mm Einfach zu verwenden Sch\u00f6n gleichm\u00e4\u00dfige Perlen, die immer die gleiche Gr\u00f6\u00dfe haben.<\/p>\n","protected":false},"featured_media":29818,"comment_status":"closed","ping_status":"closed","template":"","meta":{"_acf_changed":false,"_seopress_robots_primary_cat":"none","_seopress_titles_title":"","_seopress_titles_desc":"","_seopress_robots_index":""},"more":[],"product_brand":[6365],"product_cat":[6367,8215,11955,15620],"product_tag":[6903,6905,6421,6441,8526,7524,7358,6490,6694],"class_list":{"0":"post-29865","1":"product","2":"type-product","3":"status-publish","4":"has-post-thumbnail","6":"product_brand-l1","7":"product_cat-erganzende-materialien","8":"product_cat-lehm","9":"product_cat-neu","10":"product_cat-schimmelpilze","11":"product_tag-bronze-ton","12":"product_tag-kupferton","13":"product_tag-machen","14":"product_tag-metallton","15":"product_tag-perlen-3","16":"product_tag-perlen-2","17":"product_tag-punkte","18":"product_tag-silberton","19":"product_tag-von","21":"first","22":"outofstock","23":"taxable","24":"shipping-taxable","25":"purchasable","26":"product-type-simple"},"acf":[],"_links":{"self":[{"href":"https:\/\/esquell.eu\/de\/wp-json\/wp\/v2\/product\/29865","targetHints":{"allow":["GET"]}}],"collection":[{"href":"https:\/\/esquell.eu\/de\/wp-json\/wp\/v2\/product"}],"about":[{"href":"https:\/\/esquell.eu\/de\/wp-json\/wp\/v2\/types\/product"}],"replies":[{"embeddable":true,"href":"https:\/\/esquell.eu\/de\/wp-json\/wp\/v2\/comments?post=29865"}],"wp:featuredmedia":[{"embeddable":true,"href":"https:\/\/esquell.eu\/de\/wp-json\/wp\/v2\/media\/29818"}],"wp:attachment":[{"href":"https:\/\/esquell.eu\/de\/wp-json\/wp\/v2\/media?parent=29865"}],"wp:term":[{"taxonomy":"more","embeddable":true,"href":"https:\/\/esquell.eu\/de\/wp-json\/wp\/v2\/more?post=29865"},{"taxonomy":"product_brand","embeddable":true,"href":"https:\/\/esquell.eu\/de\/wp-json\/wp\/v2\/product_brand?post=29865"},{"taxonomy":"product_cat","embeddable":true,"href":"https:\/\/esquell.eu\/de\/wp-json\/wp\/v2\/product_cat?post=29865"},{"taxonomy":"product_tag","embeddable":true,"href":"https:\/\/esquell.eu\/de\/wp-json\/wp\/v2\/product_tag?post=29865"}],"curies":[{"name":"wp","href":"https:\/\/api.w.org\/{rel}","templated":true}]}}