{"id":29863,"date":"2026-01-17T04:05:11","date_gmt":"2026-01-17T04:05:11","guid":{"rendered":"https:\/\/esquell.eu\/product\/hitzebestaendige-acetatblaetter-zum-uebernehmen-von-patronen-mit-spritzton-spritze-10-blaetter\/"},"modified":"2026-01-17T04:05:11","modified_gmt":"2026-01-17T04:05:11","slug":"hitzebestaendige-acetatblaetter-zum-uebernehmen-von-patronen-mit-spritzton-spritze-10-blaetter","status":"publish","type":"product","link":"https:\/\/esquell.eu\/de\/produkt\/hitzebestaendige-acetatblaetter-zum-uebernehmen-von-patronen-mit-spritzton-spritze-10-blaetter\/","title":{"rendered":"Hitzebest\u00e4ndige Acetatbl\u00e4tter zum \u00dcbernehmen von Patronen mit Spritzton\/Spritze. 10 Bl\u00e4tter"},"content":{"rendered":"<div data-subtree=\"aimfl,mfl\">Hitzebest\u00e4ndige Acetatbl\u00e4tter.<\/div>\n<div data-subtree=\"aimfl,mfl\">Blattgr\u00f6\u00dfe 11*16 cm<\/div>\n<div data-subtree=\"aimfl,mfl\">Verpackt pro 10 Blatt<\/div>\n<div data-subtree=\"aimfl,mfl\">Transparente, robuste Kunststoffplatten aus Celluloseacetat.<\/div>\n<div data-subtree=\"aimfl,mfl\">Ideal zum Kopieren von Mustern mit Spray Clay.<\/div>\n<div data-subtree=\"aimfl,mfl\">Sie k\u00f6nnen direkt mit Spray Clay arbeiten und dann das Transparent mit dem Spr\u00fchmuster auf eine Trockenplatte legen.<\/div>\n<div data-subtree=\"aimfl,mfl\">Die transparenten Platten sind hitzebest\u00e4ndig bis ca. 200 Grad Celsius<\/div>\n<div data-subtree=\"aimfl,mfl\">Jedes Blatt kann mehrfach verwendet werden.<\/div>\n<p>&nbsp;<\/p>\n","protected":false},"excerpt":{"rendered":"<p>Hitzebest\u00e4ndige Acetatbl\u00e4tter. Blattgr\u00f6\u00dfe 11*16 cm Verpackt pro 10 Blatt Transparente, robuste Kunststoffplatten aus Celluloseacetat. Ideal zum Kopieren von Mustern mit Spray Clay. Sie k\u00f6nnen direkt mit Spray Clay arbeiten und dann das Transparent mit dem Spr\u00fchmuster auf eine Trockenplatte legen. Die transparenten Platten sind hitzebest\u00e4ndig bis ca. 200 Grad Celsius Jedes Blatt kann mehrfach verwendet&#8230;<\/p>\n","protected":false},"featured_media":29806,"comment_status":"closed","ping_status":"closed","template":"","meta":{"_acf_changed":false,"_seopress_robots_primary_cat":"none","_seopress_titles_title":"","_seopress_titles_desc":"","_seopress_robots_index":""},"more":[],"product_brand":[6365],"product_cat":[6367,11955],"product_tag":[21956,21953,7017,21955,15516,13074,6421,15046,15514,6419,7062,7240,21954,11326],"class_list":{"0":"post-29863","1":"product","2":"type-product","3":"status-publish","4":"has-post-thumbnail","6":"product_brand-l1","7":"product_cat-erganzende-materialien","8":"product_cat-neu","9":"product_tag-acetat","10":"product_tag-blatt-5","11":"product_tag-fur","12":"product_tag-fur-spritzton","13":"product_tag-hitzebestandig-2","14":"product_tag-hitzebestandig","15":"product_tag-machen","16":"product_tag-muster","17":"product_tag-resistent-3","18":"product_tag-schmuck","19":"product_tag-spritze","20":"product_tag-transparent","21":"product_tag-ubernehmen","22":"product_tag-warme","24":"first","25":"outofstock","26":"taxable","27":"shipping-taxable","28":"purchasable","29":"product-type-simple"},"acf":[],"_links":{"self":[{"href":"https:\/\/esquell.eu\/de\/wp-json\/wp\/v2\/product\/29863","targetHints":{"allow":["GET"]}}],"collection":[{"href":"https:\/\/esquell.eu\/de\/wp-json\/wp\/v2\/product"}],"about":[{"href":"https:\/\/esquell.eu\/de\/wp-json\/wp\/v2\/types\/product"}],"replies":[{"embeddable":true,"href":"https:\/\/esquell.eu\/de\/wp-json\/wp\/v2\/comments?post=29863"}],"wp:featuredmedia":[{"embeddable":true,"href":"https:\/\/esquell.eu\/de\/wp-json\/wp\/v2\/media\/29806"}],"wp:attachment":[{"href":"https:\/\/esquell.eu\/de\/wp-json\/wp\/v2\/media?parent=29863"}],"wp:term":[{"taxonomy":"more","embeddable":true,"href":"https:\/\/esquell.eu\/de\/wp-json\/wp\/v2\/more?post=29863"},{"taxonomy":"product_brand","embeddable":true,"href":"https:\/\/esquell.eu\/de\/wp-json\/wp\/v2\/product_brand?post=29863"},{"taxonomy":"product_cat","embeddable":true,"href":"https:\/\/esquell.eu\/de\/wp-json\/wp\/v2\/product_cat?post=29863"},{"taxonomy":"product_tag","embeddable":true,"href":"https:\/\/esquell.eu\/de\/wp-json\/wp\/v2\/product_tag?post=29863"}],"curies":[{"name":"wp","href":"https:\/\/api.w.org\/{rel}","templated":true}]}}