{"id":29855,"date":"2026-01-14T10:49:31","date_gmt":"2026-01-14T10:49:31","guid":{"rendered":"https:\/\/esquell.eu\/product\/scharnier-scharniere-925-sterling-silber-verschiedene-groessen\/"},"modified":"2026-01-14T10:49:31","modified_gmt":"2026-01-14T10:49:31","slug":"scharnier-scharniere-925-sterling-silber-verschiedene-groessen","status":"publish","type":"product","link":"https:\/\/esquell.eu\/de\/produkt\/scharnier-scharniere-925-sterling-silber-verschiedene-groessen\/","title":{"rendered":"Scharnier Scharniere. 925 Sterling Silber Verschiedene Gr\u00f6\u00dfen."},"content":{"rendered":"<p>Scharniere in verschiedenen Gr\u00f6\u00dfen<\/p>\n<p>Sterlingsilber, 925 Feinsilber.<\/p>\n<p>F\u00fcr die Schmuckherstellung.<\/p>\n","protected":false},"excerpt":{"rendered":"<p>Scharniere in verschiedenen Gr\u00f6\u00dfen Sterlingsilber, 925 Feinsilber. F\u00fcr die Schmuckherstellung.<\/p>\n","protected":false},"featured_media":29686,"comment_status":"closed","ping_status":"closed","template":"","meta":{"_acf_changed":false,"_seopress_robots_primary_cat":"none","_seopress_titles_title":"","_seopress_titles_desc":"","_seopress_robots_index":""},"more":[],"product_brand":[6703],"product_cat":[12538,11955,12783],"product_tag":[],"class_list":{"0":"post-29855","1":"product","2":"type-product","3":"status-publish","4":"has-post-thumbnail","6":"product_brand-bm","7":"product_cat-broschen-nadeln-und-teile","8":"product_cat-neu","9":"product_cat-silber","11":"first","12":"instock","13":"taxable","14":"shipping-taxable","15":"purchasable","16":"product-type-variable"},"acf":[],"_links":{"self":[{"href":"https:\/\/esquell.eu\/de\/wp-json\/wp\/v2\/product\/29855","targetHints":{"allow":["GET"]}}],"collection":[{"href":"https:\/\/esquell.eu\/de\/wp-json\/wp\/v2\/product"}],"about":[{"href":"https:\/\/esquell.eu\/de\/wp-json\/wp\/v2\/types\/product"}],"replies":[{"embeddable":true,"href":"https:\/\/esquell.eu\/de\/wp-json\/wp\/v2\/comments?post=29855"}],"wp:featuredmedia":[{"embeddable":true,"href":"https:\/\/esquell.eu\/de\/wp-json\/wp\/v2\/media\/29686"}],"wp:attachment":[{"href":"https:\/\/esquell.eu\/de\/wp-json\/wp\/v2\/media?parent=29855"}],"wp:term":[{"taxonomy":"more","embeddable":true,"href":"https:\/\/esquell.eu\/de\/wp-json\/wp\/v2\/more?post=29855"},{"taxonomy":"product_brand","embeddable":true,"href":"https:\/\/esquell.eu\/de\/wp-json\/wp\/v2\/product_brand?post=29855"},{"taxonomy":"product_cat","embeddable":true,"href":"https:\/\/esquell.eu\/de\/wp-json\/wp\/v2\/product_cat?post=29855"},{"taxonomy":"product_tag","embeddable":true,"href":"https:\/\/esquell.eu\/de\/wp-json\/wp\/v2\/product_tag?post=29855"}],"curies":[{"name":"wp","href":"https:\/\/api.w.org\/{rel}","templated":true}]}}