{"id":29831,"date":"2026-01-17T04:24:07","date_gmt":"2026-01-17T04:24:07","guid":{"rendered":"https:\/\/esquell.eu\/product\/mini-ausstecher-geschichtete-blumen-runde-blaetter\/"},"modified":"2026-01-17T04:24:07","modified_gmt":"2026-01-17T04:24:07","slug":"mini-ausstecher-geschichtete-blumen-runde-blaetter","status":"publish","type":"product","link":"https:\/\/esquell.eu\/de\/produkt\/mini-ausstecher-geschichtete-blumen-runde-blaetter\/","title":{"rendered":"Mini-Ausstecher geschichtete Blumen. Runde Bl\u00e4tter"},"content":{"rendered":"<p>Mit diesen Mini-Ausstechern k\u00f6nnen Sie ganz einfach 3d-Blumen herstellen<\/p>\n<p>Abmessungen ganzes Messer 5,6* 2,75 cm<\/p>\n<p>Zur Information. Wenn die silbernen Tonblumen gebacken sind, haben sie einen Durchmesser von ca. 2 cm. <\/p>\n<p>Sie k\u00f6nnen die Texturen im Ton w\u00e4hlen oder auch nicht, alle m\u00f6glichen Variationen sind m\u00f6glich,<\/p>\n<p>F\u00fcr eine Bl\u00fcte ben\u00f6tigen Sie etwa 4 Gramm Silberton.<\/p>\n<p>Rollen Sie den Ton auf 1 mm dicken Latten aus.<\/p>\n<p>&nbsp;<\/p>\n","protected":false},"excerpt":{"rendered":"<p>Mit diesen Mini-Ausstechern k\u00f6nnen Sie ganz einfach 3d-Blumen herstellen<\/p>\n<p>Abmessungen ganzes Messer 5,6* 2,75 cm<\/p>\n<p>Zur Information. Wenn die silbernen Tonblumen gebacken sind, haben sie einen Durchmesser von ca. 2 cm. <\/p>\n<p>Sie k\u00f6nnen die Texturen im Ton w\u00e4hlen oder auch nicht, alle m\u00f6glichen Variationen sind m\u00f6glich,<\/p>\n<p>F\u00fcr eine Bl\u00fcte ben\u00f6tigen Sie etwa 4 Gramm Silberton.<\/p>\n<p>Rollen Sie den Ton auf 1 mm dicken Latten aus.<\/p>\n","protected":false},"featured_media":29815,"comment_status":"closed","ping_status":"closed","template":"","meta":{"_acf_changed":false,"_seopress_robots_primary_cat":"none","_seopress_titles_title":"","_seopress_titles_desc":"","_seopress_robots_index":""},"more":[],"product_brand":[6365],"product_cat":[6811,6367,8215,11955],"product_tag":[7560,6924,18261,6903,18460,7017,8261,6905,7678,6421,6441,6373,6682,7524,8526,7358,17071,6419,6490,6556,15040,6694],"class_list":{"0":"post-29831","1":"product","2":"type-product","3":"status-publish","4":"has-post-thumbnail","6":"product_brand-l1","7":"product_cat-ausstecher-fur-ton","8":"product_cat-erganzende-materialien","9":"product_cat-lehm","10":"product_cat-neu","11":"product_tag-3d","12":"product_tag-anhanger-2","13":"product_tag-blume-2","14":"product_tag-bronze-ton","15":"product_tag-dekorieren","16":"product_tag-fur","17":"product_tag-klein-2","18":"product_tag-kupferton","19":"product_tag-kutter","20":"product_tag-machen","21":"product_tag-metallton","22":"product_tag-mini","23":"product_tag-ohrringe","24":"product_tag-perlen-2","25":"product_tag-perlen-3","26":"product_tag-punkte","27":"product_tag-rollt","28":"product_tag-schmuck","29":"product_tag-silberton","30":"product_tag-ton-3","31":"product_tag-tone","32":"product_tag-von","34":"first","35":"instock","36":"taxable","37":"shipping-taxable","38":"purchasable","39":"product-type-simple"},"acf":[],"_links":{"self":[{"href":"https:\/\/esquell.eu\/de\/wp-json\/wp\/v2\/product\/29831","targetHints":{"allow":["GET"]}}],"collection":[{"href":"https:\/\/esquell.eu\/de\/wp-json\/wp\/v2\/product"}],"about":[{"href":"https:\/\/esquell.eu\/de\/wp-json\/wp\/v2\/types\/product"}],"replies":[{"embeddable":true,"href":"https:\/\/esquell.eu\/de\/wp-json\/wp\/v2\/comments?post=29831"}],"wp:featuredmedia":[{"embeddable":true,"href":"https:\/\/esquell.eu\/de\/wp-json\/wp\/v2\/media\/29815"}],"wp:attachment":[{"href":"https:\/\/esquell.eu\/de\/wp-json\/wp\/v2\/media?parent=29831"}],"wp:term":[{"taxonomy":"more","embeddable":true,"href":"https:\/\/esquell.eu\/de\/wp-json\/wp\/v2\/more?post=29831"},{"taxonomy":"product_brand","embeddable":true,"href":"https:\/\/esquell.eu\/de\/wp-json\/wp\/v2\/product_brand?post=29831"},{"taxonomy":"product_cat","embeddable":true,"href":"https:\/\/esquell.eu\/de\/wp-json\/wp\/v2\/product_cat?post=29831"},{"taxonomy":"product_tag","embeddable":true,"href":"https:\/\/esquell.eu\/de\/wp-json\/wp\/v2\/product_tag?post=29831"}],"curies":[{"name":"wp","href":"https:\/\/api.w.org\/{rel}","templated":true}]}}