{"id":29830,"date":"2026-01-17T04:18:44","date_gmt":"2026-01-17T04:18:44","guid":{"rendered":"https:\/\/esquell.eu\/product\/kugelrolle-fuer-metallton\/"},"modified":"2026-01-17T04:18:44","modified_gmt":"2026-01-17T04:18:44","slug":"kugelrolle-fuer-metallton","status":"publish","type":"product","link":"https:\/\/esquell.eu\/de\/produkt\/kugelrolle-fuer-metallton\/","title":{"rendered":"Kugelrolle f\u00fcr Metallton"},"content":{"rendered":"<p>Mit diesen W\u00fcrfeln k\u00f6nnen Sie ganz einfach kleine, gleichm\u00e4\u00dfige und sch\u00f6n runde Kugeln rollen, die Sie zum Dekorieren und Versch\u00f6nern eines Metal Clay-Projekts (oder eines anderen Clay-Projekts) verwenden k\u00f6nnen.<\/p>\n<p>Indem Sie zun\u00e4chst mit den quadratischen W\u00fcrfeln schneiden, erhalten die Kugeln alle die gleiche Gr\u00f6\u00dfe<\/p>\n","protected":false},"excerpt":{"rendered":"<p>Mit diesen W\u00fcrfeln k\u00f6nnen Sie ganz einfach kleine, gleichm\u00e4\u00dfige und sch\u00f6n runde Kugeln rollen, die Sie zum Dekorieren und Versch\u00f6nern eines Metal Clay-Projekts (oder eines anderen Clay-Projekts) verwenden k\u00f6nnen. Indem Sie zun\u00e4chst mit den quadratischen W\u00fcrfeln schneiden, erhalten die Kugeln alle die gleiche Gr\u00f6\u00dfe<\/p>\n","protected":false},"featured_media":29833,"comment_status":"closed","ping_status":"closed","template":"","meta":{"_acf_changed":false,"_seopress_robots_primary_cat":"none","_seopress_titles_title":"","_seopress_titles_desc":"","_seopress_robots_index":""},"more":[],"product_brand":[6365],"product_cat":[6367,8215,11955,15620],"product_tag":[6903,18460,7017,8261,6905,6421,6441,7524,8526,7358,17071,6419,6490,6556,15040,6694],"class_list":{"0":"post-29830","1":"product","2":"type-product","3":"status-publish","4":"has-post-thumbnail","6":"product_brand-l1","7":"product_cat-erganzende-materialien","8":"product_cat-lehm","9":"product_cat-neu","10":"product_cat-schimmelpilze","11":"product_tag-bronze-ton","12":"product_tag-dekorieren","13":"product_tag-fur","14":"product_tag-klein-2","15":"product_tag-kupferton","16":"product_tag-machen","17":"product_tag-metallton","18":"product_tag-perlen-2","19":"product_tag-perlen-3","20":"product_tag-punkte","21":"product_tag-rollt","22":"product_tag-schmuck","23":"product_tag-silberton","24":"product_tag-ton-3","25":"product_tag-tone","26":"product_tag-von","28":"first","29":"instock","30":"taxable","31":"shipping-taxable","32":"purchasable","33":"product-type-simple"},"acf":[],"_links":{"self":[{"href":"https:\/\/esquell.eu\/de\/wp-json\/wp\/v2\/product\/29830","targetHints":{"allow":["GET"]}}],"collection":[{"href":"https:\/\/esquell.eu\/de\/wp-json\/wp\/v2\/product"}],"about":[{"href":"https:\/\/esquell.eu\/de\/wp-json\/wp\/v2\/types\/product"}],"replies":[{"embeddable":true,"href":"https:\/\/esquell.eu\/de\/wp-json\/wp\/v2\/comments?post=29830"}],"wp:featuredmedia":[{"embeddable":true,"href":"https:\/\/esquell.eu\/de\/wp-json\/wp\/v2\/media\/29833"}],"wp:attachment":[{"href":"https:\/\/esquell.eu\/de\/wp-json\/wp\/v2\/media?parent=29830"}],"wp:term":[{"taxonomy":"more","embeddable":true,"href":"https:\/\/esquell.eu\/de\/wp-json\/wp\/v2\/more?post=29830"},{"taxonomy":"product_brand","embeddable":true,"href":"https:\/\/esquell.eu\/de\/wp-json\/wp\/v2\/product_brand?post=29830"},{"taxonomy":"product_cat","embeddable":true,"href":"https:\/\/esquell.eu\/de\/wp-json\/wp\/v2\/product_cat?post=29830"},{"taxonomy":"product_tag","embeddable":true,"href":"https:\/\/esquell.eu\/de\/wp-json\/wp\/v2\/product_tag?post=29830"}],"curies":[{"name":"wp","href":"https:\/\/api.w.org\/{rel}","templated":true}]}}