{"id":29604,"date":"2026-01-09T21:55:08","date_gmt":"2026-01-09T21:55:08","guid":{"rendered":"https:\/\/esquell.eu\/?post_type=product&#038;p=29604"},"modified":"2026-01-10T14:33:22","modified_gmt":"2026-01-10T14:33:22","slug":"edelstahl-beschichteter-heftdraht-verschiedene-durchmesser-kopie","status":"publish","type":"product","link":"https:\/\/esquell.eu\/de\/produkt\/edelstahl-beschichteter-heftdraht-verschiedene-durchmesser-kopie\/","title":{"rendered":"Weicher Draht aus Edelstahl, Wickeldraht Verschiedene Durchmesser"},"content":{"rendered":"<h2>Edelstahldraht 304 Wickeldraht, z.B. geeignet f\u00fcr Drahtumwicklung<\/h2>\n<p>Verschiedene Durchmesser<\/p>\n<p>Edelstahl l\u00f6st keine allergischen Reaktionen aus. Schmuck aus rostfreiem Stahl ist der perfekte Schmuck, denn er ist hypoallergen, so dass eine allergische Reaktion selten auftritt. Er wird auch als Chirurgenstahl oder Edelstahl bezeichnet und wird zum Beispiel f\u00fcr Geschw\u00fcrkn\u00f6pfe verwendet, die nach dem Schie\u00dfen von Ohrringen getragen werden. Schmuck aus rostfreiem Stahl wird auch als medizinischer Schmuck bezeichnet.    Schmuck aus Edelstahl verf\u00e4rbt sich nicht.<\/p>\n","protected":false},"excerpt":{"rendered":"<h2>Rostfreier Stahldraht 304 Wickeldraht, geeignet f\u00fcr Drahtumwicklung<\/h2>\n<p>Verschiedene Durchmesser<\/p>\n<p>Edelstahl l\u00f6st keine allergischen Reaktionen aus. Schmuck aus rostfreiem Stahl ist der perfekte Schmuck, denn er ist hypoallergen, so dass eine allergische Reaktion selten auftritt. Er wird auch als Chirurgenstahl oder Edelstahl bezeichnet und wird zum Beispiel f\u00fcr Geschw\u00fcrkn\u00f6pfe verwendet, die nach dem Schie\u00dfen von Ohrringen getragen werden. Schmuck aus rostfreiem Stahl wird auch als medizinischer Schmuck bezeichnet.    Schmuck aus Edelstahl verf\u00e4rbt sich nicht.<\/p>\n<p>&nbsp;<\/p>\n<p>&nbsp;<\/p>\n","protected":false},"featured_media":29637,"comment_status":"closed","ping_status":"closed","template":"","meta":{"_acf_changed":false,"_seopress_robots_primary_cat":"none","_seopress_titles_title":"","_seopress_titles_desc":"","_seopress_robots_index":""},"more":[],"product_brand":[6992],"product_cat":[12713,8470,11955],"product_tag":[6942,7803,7798,6817,6773,6799,6689,6702,7919,6797,6944,7812,6458,10760,11186,6790,6415,6929,8514,9670,10754,7810,10750,9649,10718,7804,8518,8471,7128,10748,6494,16634,8508,12422,8502,10756,8506,8512,8477,11242,7017,6934,10766,21894,9663,10865,11399,6693,9379,14329,9678,8124,6946,12100,8487,8516,9669,9641,10620,10708,10758,6786,6885,6691,6804,9655,8504,9638,10618,10705,10747,10710,8498,9664,7801,6421,16632,8491,7800,10752,7317,6455,7797,6682,6788,6891,16633,7070,7524,8510,9675,7742,6928,11243,16325,9657,9661,9659,10749,6940,8496,6419,8500,7182,6779,7509,6889,6558,11239,12742,9383,9677,8139,8494,9644,11241,11238,10714,6697,9667,12704,9672,10717,6784,7811,9412,8483,12715,10715,6814,11237,11240,6783,8520,9646,10622,9653,9651,7796],"class_list":{"0":"post-29604","1":"product","2":"type-product","3":"status-publish","4":"has-post-thumbnail","6":"product_brand-ayu","7":"product_cat-drahtwickeldraht-weich","8":"product_cat-garn-kordel-und-leder","9":"product_cat-neu","10":"product_tag-alkmaar","11":"product_tag-almelo","12":"product_tag-amersfoort","13":"product_tag-amsterdam","14":"product_tag-antwerpen","15":"product_tag-apeldoorn","16":"product_tag-armband","17":"product_tag-armbander","18":"product_tag-armbander-2","19":"product_tag-arnheim","20":"product_tag-assen","21":"product_tag-beilen","22":"product_tag-belgien","23":"product_tag-bergen-op-zoom","24":"product_tag-beschichtet","25":"product_tag-bestellung","26":"product_tag-billig","27":"product_tag-blei","28":"product_tag-blick","29":"product_tag-boho","30":"product_tag-braun","31":"product_tag-coevorden","32":"product_tag-cognac","33":"product_tag-cooleer","34":"product_tag-cuik","35":"product_tag-delft","36":"product_tag-delfzijl","37":"product_tag-den-bosch","38":"product_tag-den-haag","39":"product_tag-den-helder","40":"product_tag-diy","41":"product_tag-diy-armband","42":"product_tag-draht","43":"product_tag-draht-2","44":"product_tag-dronten","45":"product_tag-dunkelbraun","46":"product_tag-einfadeln","47":"product_tag-emmeloord","48":"product_tag-emmen","49":"product_tag-flachkordel","50":"product_tag-fur","51":"product_tag-gent","52":"product_tag-glasperlen","53":"product_tag-glatt-3","54":"product_tag-grosartig","55":"product_tag-gummi","56":"product_tag-gummi-2","57":"product_tag-halskette","58":"product_tag-halskette-3","59":"product_tag-halsketten","60":"product_tag-hardenberg","61":"product_tag-harderwijk","62":"product_tag-heerenveen","63":"product_tag-hohl-2","64":"product_tag-hoogeveen","65":"product_tag-horn","66":"product_tag-ibiza","67":"product_tag-kabel","68":"product_tag-kabel-2","69":"product_tag-kabel-3","70":"product_tag-kaffee","71":"product_tag-kaufen","72":"product_tag-kaufen-2","73":"product_tag-kette","74":"product_tag-kostenlos","75":"product_tag-kuh","76":"product_tag-lager","77":"product_tag-leder","78":"product_tag-leder-2","79":"product_tag-leder-3","80":"product_tag-leder-4","81":"product_tag-leleystad","82":"product_tag-lemmer","83":"product_tag-loch","84":"product_tag-maastricht","85":"product_tag-machen","86":"product_tag-machen-sie-es-selbst-3","87":"product_tag-meppel","88":"product_tag-middelburg","89":"product_tag-naturlich-2","90":"product_tag-naturstein","91":"product_tag-niederlande","92":"product_tag-nijmegen","93":"product_tag-ohrringe","94":"product_tag-online","95":"product_tag-online-shop","96":"product_tag-ornamente-selbst-herstellen","97":"product_tag-perlen","98":"product_tag-perlen-2","99":"product_tag-perlenladen","100":"product_tag-roermond","101":"product_tag-rostfreier-stahl","102":"product_tag-rotterdam","103":"product_tag-rundschnur","104":"product_tag-rundschnur-2","105":"product_tag-schafe","106":"product_tag-schafsfell","107":"product_tag-schafsleder","108":"product_tag-schagen","109":"product_tag-scheveningen","110":"product_tag-schliesungen","111":"product_tag-schmuck","112":"product_tag-schmuck-selber-machen","113":"product_tag-schwarz","114":"product_tag-selbstgemacht","115":"product_tag-senden","116":"product_tag-shop","117":"product_tag-sie-selbst","118":"product_tag-slipknot","119":"product_tag-soft-2","120":"product_tag-solide","121":"product_tag-sperren","122":"product_tag-stark-2","123":"product_tag-steenwijk","124":"product_tag-string","125":"product_tag-suedin-kordel","126":"product_tag-suedine","127":"product_tag-swifterband","128":"product_tag-tasten","129":"product_tag-tasten-2","130":"product_tag-thread","131":"product_tag-tiel","132":"product_tag-um","133":"product_tag-unter-2","134":"product_tag-urk","135":"product_tag-valkenburg","136":"product_tag-venlo","137":"product_tag-verpackung-2","138":"product_tag-vollenhove","139":"product_tag-webshop","140":"product_tag-wildleder","141":"product_tag-wildlederkordel","142":"product_tag-wobei","143":"product_tag-wohnung","144":"product_tag-zeichenketten","145":"product_tag-zeichenketten-2","146":"product_tag-ziege","147":"product_tag-ziegenleder","148":"product_tag-zwolle","149":"product_shipping_class-standard","150":"pa_diameter-03mm","151":"pa_diameter-045mm","152":"pa_diameter-05mm","153":"pa_diameter-06mm","154":"pa_diameter-07mm","155":"pa_diameter-08mm","156":"pa_diameter-1mm","157":"pa_diameter-2mm","158":"pa_diameter-3mm","159":"pa_diameter-4mm","160":"pa_diameter-5mm","162":"first","163":"instock","164":"taxable","165":"shipping-taxable","166":"purchasable","167":"product-type-variable"},"acf":[],"_links":{"self":[{"href":"https:\/\/esquell.eu\/de\/wp-json\/wp\/v2\/product\/29604","targetHints":{"allow":["GET"]}}],"collection":[{"href":"https:\/\/esquell.eu\/de\/wp-json\/wp\/v2\/product"}],"about":[{"href":"https:\/\/esquell.eu\/de\/wp-json\/wp\/v2\/types\/product"}],"replies":[{"embeddable":true,"href":"https:\/\/esquell.eu\/de\/wp-json\/wp\/v2\/comments?post=29604"}],"wp:featuredmedia":[{"embeddable":true,"href":"https:\/\/esquell.eu\/de\/wp-json\/wp\/v2\/media\/29637"}],"wp:attachment":[{"href":"https:\/\/esquell.eu\/de\/wp-json\/wp\/v2\/media?parent=29604"}],"wp:term":[{"taxonomy":"more","embeddable":true,"href":"https:\/\/esquell.eu\/de\/wp-json\/wp\/v2\/more?post=29604"},{"taxonomy":"product_brand","embeddable":true,"href":"https:\/\/esquell.eu\/de\/wp-json\/wp\/v2\/product_brand?post=29604"},{"taxonomy":"product_cat","embeddable":true,"href":"https:\/\/esquell.eu\/de\/wp-json\/wp\/v2\/product_cat?post=29604"},{"taxonomy":"product_tag","embeddable":true,"href":"https:\/\/esquell.eu\/de\/wp-json\/wp\/v2\/product_tag?post=29604"}],"curies":[{"name":"wp","href":"https:\/\/api.w.org\/{rel}","templated":true}]}}