{"id":29579,"date":"2026-01-09T21:31:46","date_gmt":"2026-01-09T21:31:46","guid":{"rendered":"https:\/\/esquell.eu\/?post_type=product&#038;p=29579"},"modified":"2026-01-10T14:24:46","modified_gmt":"2026-01-10T14:24:46","slug":"anhanger-ose-bail-925-silber-gerade-rohre-mit-ose-kopie-kopie","status":"publish","type":"product","link":"https:\/\/esquell.eu\/de\/produkt\/anhanger-ose-bail-925-silber-gerade-rohre-mit-ose-kopie-kopie\/","title":{"rendered":"Anh\u00e4nger \u00d6se Bail 925 Silber. Oval mit Blume"},"content":{"rendered":"<div class=\"product-addition\">\n<div class=\"product-addition-content\">Ovaler B\u00fcgel mit Befestigungsring f\u00fcr Anh\u00e4nger<\/div>\n<div class=\"product-addition-content\">Durchbrochenes balinesisches Herzmuster, Antik-Finish Abm. 9x12mm, ohne Befestigungsring <\/div>\n<div class=\"product-addition-content\">Die Bohrung f\u00fcr das Armband oder die Halskette betr\u00e4gt ca. 5,5 mm.<\/div>\n<div>Antiquit\u00e4ten-Look<\/div>\n<div>925er Sterlingsilber<\/div>\n<\/div>\n","protected":false},"excerpt":{"rendered":"<div class=\"product-addition-content\">Ovaler B\u00fcgel mit Befestigungsring f\u00fcr Anh\u00e4nger<\/div>\n<div class=\"product-addition-content\">Durchbrochenes balinesisches Herzmuster, Antik-Finish Abm. 9x12mm, ohne Befestigungsring <\/div>\n<div class=\"product-addition-content\">Die Bohrung f\u00fcr das Armband oder die Halskette betr\u00e4gt ca. 5,5 mm.<\/div>\n","protected":false},"featured_media":29583,"comment_status":"closed","ping_status":"closed","template":"","meta":{"_acf_changed":false,"_seopress_robots_primary_cat":"none","_seopress_titles_title":"","_seopress_titles_desc":"","_seopress_robots_index":""},"more":[],"product_brand":[6992],"product_cat":[12313,11955],"product_tag":[6488,8120,8122,7076,12326,19771,9379,6693,10620,9641,12316,14327,6691,10764,10762,10618,11245,16804,21884,12518,6432,6926,6424,6812,6671,6417,6996,6920,6429],"class_list":{"0":"post-29579","1":"product","2":"type-product","3":"status-publish","4":"has-post-thumbnail","6":"product_brand-ayu","7":"product_cat-anhangerosen-bugel-und-schraubosen","8":"product_cat-neu","9":"product_tag-6488","10":"product_tag-antik","11":"product_tag-antik-look","12":"product_tag-charme-2","13":"product_tag-ey","14":"product_tag-geschwarzt-2","15":"product_tag-halskette-3","16":"product_tag-halskette","17":"product_tag-kabel-2","18":"product_tag-kabel","19":"product_tag-kaution","20":"product_tag-kaution-2","21":"product_tag-kette","22":"product_tag-kordel-halskette","23":"product_tag-kordelkette","24":"product_tag-leder-2","25":"product_tag-lederkordel","26":"product_tag-lederkordel-3","27":"product_tag-patiniert","28":"product_tag-pendelauge-2","29":"product_tag-real","30":"product_tag-rein-2","31":"product_tag-rein","32":"product_tag-silber-3","33":"product_tag-silber-2","34":"product_tag-silber","35":"product_tag-sollid","36":"product_tag-sterling","37":"product_tag-wirklich","39":"first","40":"instock","41":"taxable","42":"shipping-taxable","43":"purchasable","44":"product-type-simple"},"acf":[],"_links":{"self":[{"href":"https:\/\/esquell.eu\/de\/wp-json\/wp\/v2\/product\/29579","targetHints":{"allow":["GET"]}}],"collection":[{"href":"https:\/\/esquell.eu\/de\/wp-json\/wp\/v2\/product"}],"about":[{"href":"https:\/\/esquell.eu\/de\/wp-json\/wp\/v2\/types\/product"}],"replies":[{"embeddable":true,"href":"https:\/\/esquell.eu\/de\/wp-json\/wp\/v2\/comments?post=29579"}],"wp:featuredmedia":[{"embeddable":true,"href":"https:\/\/esquell.eu\/de\/wp-json\/wp\/v2\/media\/29583"}],"wp:attachment":[{"href":"https:\/\/esquell.eu\/de\/wp-json\/wp\/v2\/media?parent=29579"}],"wp:term":[{"taxonomy":"more","embeddable":true,"href":"https:\/\/esquell.eu\/de\/wp-json\/wp\/v2\/more?post=29579"},{"taxonomy":"product_brand","embeddable":true,"href":"https:\/\/esquell.eu\/de\/wp-json\/wp\/v2\/product_brand?post=29579"},{"taxonomy":"product_cat","embeddable":true,"href":"https:\/\/esquell.eu\/de\/wp-json\/wp\/v2\/product_cat?post=29579"},{"taxonomy":"product_tag","embeddable":true,"href":"https:\/\/esquell.eu\/de\/wp-json\/wp\/v2\/product_tag?post=29579"}],"curies":[{"name":"wp","href":"https:\/\/api.w.org\/{rel}","templated":true}]}}