{"id":28670,"date":"2025-11-25T15:50:17","date_gmt":"2025-11-25T15:50:17","guid":{"rendered":"https:\/\/esquell.eu\/?post_type=product&#038;p=28670"},"modified":"2025-12-22T10:47:46","modified_gmt":"2025-12-22T10:47:46","slug":"art-clay-silver-startpaket-basic-a-0189k-mit-beschreibung-von-15-projekten-kopie","status":"publish","type":"product","link":"https:\/\/esquell.eu\/de\/produkt\/art-clay-silver-startpaket-basic-a-0189k-mit-beschreibung-von-15-projekten-kopie\/","title":{"rendered":"Art Clay Silber Startpaket Basic (A-0188K)"},"content":{"rendered":"<p>Beschreibung:<\/p>\n<p align=\"left\">Das Starterkit enth\u00e4lt die folgenden 12 Artikel.<\/p>\n<p align=\"left\">Art Clay Silber 10 g<\/p>\n<p align=\"left\">Holzdorn,<\/p>\n<p align=\"left\">Pinzette,<\/p>\n<p align=\"left\">Bruner Stahl, (zum Polieren)<\/p>\n<p align=\"left\">Polierb\u00fcrste aus rostfreiem Stahl,<\/p>\n<p align=\"left\">Mittelgrobe Datei,<\/p>\n<p align=\"left\">Netz aus rostfreiem Stahl (zum Backen),<\/p>\n<p align=\"left\">Schwamm-Schleifpads (rot #320-#600, blau #800-#1000, gr\u00fcn #1200-#1500),<\/p>\n<p align=\"left\">Blitzbeize zum Schw\u00e4rzen von Silber \/ Verleihen eines antiken Looks<\/p>\n<p align=\"left\">Silbernes Poliertuch,<\/p>\n<p align=\"left\">Ringgr\u00f6\u00dfenskala zur Bestimmung der Ringgr\u00f6\u00dfe<\/p>\n<p align=\"left\">Projektbl\u00e4tter, Beschreibung der Projekte<\/p>\n<p>&nbsp;<\/p>\n","protected":false},"excerpt":{"rendered":"<p>Inhalt der Verpackung<\/p>\n<ul>\n<li>Art Clay Silber 7 Gramm 2x<\/li>\n<li>DX exklusive Form<\/li>\n<li>Ringma\u00dfpapier<\/li>\n<\/ul>\n<ul>\n<li>Needlepin<\/li>\n<li>Pinzette<\/li>\n<li>Rostfreie B\u00fcrste<\/li>\n<li>Mittelgro\u00dfe Feile<\/li>\n<li>H\u00f6lzerner Ringstab 2 St\u00fcck<\/li>\n<li>Gitter aus rostfreiem Stahl mit Schutzk\u00e4fig<\/li>\n<li>Silberne Politur<\/li>\n<li>Schleifpads, 3 St\u00fcck<\/li>\n<li>Schwefelaufkleber 6cc \/ Blitzbeize zum Schw\u00e4rzen von Silber<\/li>\n<li>Silbernes Poliertuch<\/li>\n<li>Silberne Politur<\/li>\n<li>Arbeitsmatte<\/li>\n<li>Flaches Schraubauge<\/li>\n<li>Ringgr\u00f6\u00dfen-Skala<\/li>\n<li>Projektblatt<\/li>\n<li>YouTube-Flyer mit 15 Projekten<\/li>\n<li>Brosch\u00fcren<\/li>\n<\/ul>\n<p>&nbsp;<\/p>\n","protected":false},"featured_media":28679,"comment_status":"closed","ping_status":"closed","template":"","meta":{"_acf_changed":false,"_seopress_robots_primary_cat":"none","_seopress_titles_title":"","_seopress_titles_desc":"","_seopress_robots_index":""},"more":[],"product_brand":[6413],"product_cat":[6596,7918,7717],"product_tag":[11878,10696,6488,6506,6773,8229,6699,20172,8585,20174,7280,6458,8599,6840,6936,14866,6494,6826,20164,20170,20176,8905,8907,6842,6680,6824,6934,6822,17147,6836,6498,6844,6952,6679,6421,6444,6441,6455,6832,6788,6828,8001,6806,6496,20168,6777,13322,6417,6671,6812,20166,7923,7507,6920,6834,6556,6500,12821,9468,6449,19436,6838,19432,7410],"class_list":{"0":"post-28670","1":"product","2":"type-product","3":"status-publish","4":"has-post-thumbnail","6":"product_brand-acs","7":"product_cat-grundlegende-werkzeuge","8":"product_cat-starter-pakete","9":"product_cat-verkauf","10":"product_tag-11878","11":"product_tag-10696","12":"product_tag-6488","13":"product_tag-6506","14":"product_tag-antwerpen","15":"product_tag-art-clay-silber","16":"product_tag-artclayacademy","17":"product_tag-artclaysil-starterpaket","18":"product_tag-artclaysil-verteiler","19":"product_tag-artclaysilver-starter-kit","20":"product_tag-ausbilder","21":"product_tag-belgien","22":"product_tag-benelux","23":"product_tag-brabant","24":"product_tag-brussel","25":"product_tag-craflines","26":"product_tag-diy","27":"product_tag-drenthe","28":"product_tag-ebene-2","29":"product_tag-ebene-3","30":"product_tag-einsteigerpaket-3","31":"product_tag-einsteigerpaket","32":"product_tag-einsteigerpakete","33":"product_tag-flevoland","34":"product_tag-frankreich","35":"product_tag-friesland","36":"product_tag-gent","37":"product_tag-groningen","38":"product_tag-hoher","39":"product_tag-holland","40":"product_tag-kunst","41":"product_tag-limburg","42":"product_tag-luttich","43":"product_tag-luxemburg","44":"product_tag-machen","45":"product_tag-metalclay","46":"product_tag-metallton","47":"product_tag-niederlande","48":"product_tag-norden","49":"product_tag-online","50":"product_tag-overijssel","51":"product_tag-pmc","52":"product_tag-rabatt","53":"product_tag-recycelt","54":"product_tag-ring-starterkit","55":"product_tag-ringe","56":"product_tag-ringe-machen","57":"product_tag-silber","58":"product_tag-silber-2","59":"product_tag-silber-3","60":"product_tag-starterkit-ringe","61":"product_tag-starterset-2","62":"product_tag-starterset","63":"product_tag-sterling","64":"product_tag-sud","65":"product_tag-ton-3","66":"product_tag-ton-2","67":"product_tag-tonringe","68":"product_tag-typen","69":"product_tag-verteiler","70":"product_tag-weit","71":"product_tag-zeeland","72":"product_tag-zertifikat","73":"product_tag-zertifiziert","74":"product_shipping_class-standard","76":"first","77":"instock","78":"taxable","79":"shipping-taxable","80":"purchasable","81":"product-type-simple"},"acf":[],"_links":{"self":[{"href":"https:\/\/esquell.eu\/de\/wp-json\/wp\/v2\/product\/28670","targetHints":{"allow":["GET"]}}],"collection":[{"href":"https:\/\/esquell.eu\/de\/wp-json\/wp\/v2\/product"}],"about":[{"href":"https:\/\/esquell.eu\/de\/wp-json\/wp\/v2\/types\/product"}],"replies":[{"embeddable":true,"href":"https:\/\/esquell.eu\/de\/wp-json\/wp\/v2\/comments?post=28670"}],"wp:featuredmedia":[{"embeddable":true,"href":"https:\/\/esquell.eu\/de\/wp-json\/wp\/v2\/media\/28679"}],"wp:attachment":[{"href":"https:\/\/esquell.eu\/de\/wp-json\/wp\/v2\/media?parent=28670"}],"wp:term":[{"taxonomy":"more","embeddable":true,"href":"https:\/\/esquell.eu\/de\/wp-json\/wp\/v2\/more?post=28670"},{"taxonomy":"product_brand","embeddable":true,"href":"https:\/\/esquell.eu\/de\/wp-json\/wp\/v2\/product_brand?post=28670"},{"taxonomy":"product_cat","embeddable":true,"href":"https:\/\/esquell.eu\/de\/wp-json\/wp\/v2\/product_cat?post=28670"},{"taxonomy":"product_tag","embeddable":true,"href":"https:\/\/esquell.eu\/de\/wp-json\/wp\/v2\/product_tag?post=28670"}],"curies":[{"name":"wp","href":"https:\/\/api.w.org\/{rel}","templated":true}]}}