{"id":28666,"date":"2025-11-25T15:42:46","date_gmt":"2025-11-25T15:42:46","guid":{"rendered":"https:\/\/esquell.eu\/?post_type=product&#038;p=28666"},"modified":"2025-12-22T10:44:54","modified_gmt":"2025-12-22T10:44:54","slug":"teflon-arbeitsflache-xxl-225225-cm-kopie","status":"publish","type":"product","link":"https:\/\/esquell.eu\/de\/produkt\/teflon-arbeitsflache-xxl-225225-cm-kopie\/","title":{"rendered":"Teflon-Arbeitsfl\u00e4che 14*14 cm. (ZF-0002)"},"content":{"rendered":"<p>Hitzebest\u00e4ndige Arbeitsfl\u00e4che. 14*14 cm<\/p>\n<p>Extra dickes und robustes Teflon<\/p>\n","protected":false},"excerpt":{"rendered":"<p>Hitzebest\u00e4ndige Arbeitsfl\u00e4che. 14*14 cm<\/p>\n<p>Extra dickes und robustes Teflon<\/p>\n","protected":false},"featured_media":14829,"comment_status":"closed","ping_status":"closed","template":"","meta":{"_acf_changed":false,"_seopress_robots_primary_cat":"none","_seopress_titles_title":"","_seopress_titles_desc":"","_seopress_robots_index":""},"more":[],"product_brand":[10821],"product_cat":[6367,6596,8215],"product_tag":[13192,17069,13194,13196,21827,7672,7017,13074,13190,6441,7674,13191,6490,13193,6556,6435,13195,21826,7511,11703],"class_list":{"0":"post-28666","1":"product","2":"type-product","3":"status-publish","4":"has-post-thumbnail","6":"product_brand-div","7":"product_cat-erganzende-materialien","8":"product_cat-grundlegende-werkzeuge","9":"product_cat-lehm","10":"product_tag-arbeitsflache","11":"product_tag-arbeitsmatte-2","12":"product_tag-arbeitsmatte","13":"product_tag-arbeitsmatten","14":"product_tag-arbeitsplatte","15":"product_tag-fimo","16":"product_tag-fur","17":"product_tag-hitzebestandig","18":"product_tag-matt","19":"product_tag-metallton","20":"product_tag-polymer-clay","21":"product_tag-resistent","22":"product_tag-silberton","23":"product_tag-teflon","24":"product_tag-ton-3","25":"product_tag-ton","26":"product_tag-tonmatte","27":"product_tag-tonmatte-2","28":"product_tag-tonschmuck","29":"product_tag-warme-2","30":"product_shipping_class-standard","32":"first","33":"instock","34":"taxable","35":"shipping-taxable","36":"purchasable","37":"product-type-simple"},"acf":[],"_links":{"self":[{"href":"https:\/\/esquell.eu\/de\/wp-json\/wp\/v2\/product\/28666","targetHints":{"allow":["GET"]}}],"collection":[{"href":"https:\/\/esquell.eu\/de\/wp-json\/wp\/v2\/product"}],"about":[{"href":"https:\/\/esquell.eu\/de\/wp-json\/wp\/v2\/types\/product"}],"replies":[{"embeddable":true,"href":"https:\/\/esquell.eu\/de\/wp-json\/wp\/v2\/comments?post=28666"}],"wp:featuredmedia":[{"embeddable":true,"href":"https:\/\/esquell.eu\/de\/wp-json\/wp\/v2\/media\/14829"}],"wp:attachment":[{"href":"https:\/\/esquell.eu\/de\/wp-json\/wp\/v2\/media?parent=28666"}],"wp:term":[{"taxonomy":"more","embeddable":true,"href":"https:\/\/esquell.eu\/de\/wp-json\/wp\/v2\/more?post=28666"},{"taxonomy":"product_brand","embeddable":true,"href":"https:\/\/esquell.eu\/de\/wp-json\/wp\/v2\/product_brand?post=28666"},{"taxonomy":"product_cat","embeddable":true,"href":"https:\/\/esquell.eu\/de\/wp-json\/wp\/v2\/product_cat?post=28666"},{"taxonomy":"product_tag","embeddable":true,"href":"https:\/\/esquell.eu\/de\/wp-json\/wp\/v2\/product_tag?post=28666"}],"curies":[{"name":"wp","href":"https:\/\/api.w.org\/{rel}","templated":true}]}}