{"id":28299,"date":"2025-11-22T02:41:26","date_gmt":"2025-11-22T02:41:26","guid":{"rendered":"https:\/\/esquell.eu\/?post_type=product&#038;p=28299"},"modified":"2025-12-22T10:55:01","modified_gmt":"2025-12-22T10:55:01","slug":"dichroitischer-glas-cabochon-fruhlingsgrun-ca-8-10-mm-kopie","status":"publish","type":"product","link":"https:\/\/esquell.eu\/de\/produkt\/dichroitischer-glas-cabochon-fruhlingsgrun-ca-8-10-mm-kopie\/","title":{"rendered":"Cabochon aus dichroitischem Glas. Aqua ca. 11-15 mm"},"content":{"rendered":"<p>Glascabochons eignen sich zum Brennen in Metallton.<\/p>\n<p>Dichroitische Glascabochons<\/p>\n<p>Da Glascabochons handgefertigt sind, k\u00f6nnen sie in der Gr\u00f6\u00dfe leicht abweichen.<\/p>\n","protected":false},"excerpt":{"rendered":"<p>Dichroitischer Glas-Cabochon. Orange ca. 10-14 mm <\/p>\n","protected":false},"featured_media":28303,"comment_status":"closed","ping_status":"closed","template":"","meta":{"_acf_changed":false,"_seopress_robots_primary_cat":"none","_seopress_titles_title":"","_seopress_titles_desc":"","_seopress_robots_index":""},"more":[],"product_brand":[6595],"product_cat":[11956],"product_tag":[11978,12017,11975,7957,11993,10958,15697,7953,11997,7752,7680,10814,14115,10824,9609,11972,12022,6421,6444,6441,7317,11985,11108,6419,11957,7435,7086,6464,7885,11010,6781,10717,11968,11989,11959],"class_list":{"0":"post-28299","1":"product","2":"type-product","3":"status-publish","4":"has-post-thumbnail","6":"product_brand-coole-tools","7":"product_cat-cabochons-rund","8":"product_tag-amber","9":"product_tag-amber-2","10":"product_tag-bernstein","11":"product_tag-cabochon","12":"product_tag-cabocon","13":"product_tag-dichroitisch","14":"product_tag-dicro","15":"product_tag-einstellung","16":"product_tag-facettiert","17":"product_tag-formular","18":"product_tag-formulare","19":"product_tag-glas-2","20":"product_tag-glascabochon","21":"product_tag-glascabochons","22":"product_tag-harz","23":"product_tag-jaspis","24":"product_tag-jaspis-2","25":"product_tag-machen","26":"product_tag-metalclay","27":"product_tag-metallton","28":"product_tag-naturstein","29":"product_tag-naturstein-cabochon","30":"product_tag-platz-2","31":"product_tag-schmuck","32":"product_tag-schmuckzubehor-4","33":"product_tag-setzen","34":"product_tag-silberschmiede","35":"product_tag-stein","36":"product_tag-steinsetzung","37":"product_tag-strassstein-2","38":"product_tag-teile","39":"product_tag-um","40":"product_tag-unten","41":"product_tag-wieber","42":"product_tag-wohnung-2","43":"pa_doorsnede-10mm","44":"pa_doorsnede-15mm","45":"pa_doorsnede-4mm","46":"pa_doorsnede-5mm","47":"pa_doorsnede-6mm","48":"pa_doorsnede-8mm","50":"first","51":"instock","52":"taxable","53":"shipping-taxable","54":"purchasable","55":"product-type-simple"},"acf":[],"_links":{"self":[{"href":"https:\/\/esquell.eu\/de\/wp-json\/wp\/v2\/product\/28299","targetHints":{"allow":["GET"]}}],"collection":[{"href":"https:\/\/esquell.eu\/de\/wp-json\/wp\/v2\/product"}],"about":[{"href":"https:\/\/esquell.eu\/de\/wp-json\/wp\/v2\/types\/product"}],"replies":[{"embeddable":true,"href":"https:\/\/esquell.eu\/de\/wp-json\/wp\/v2\/comments?post=28299"}],"wp:featuredmedia":[{"embeddable":true,"href":"https:\/\/esquell.eu\/de\/wp-json\/wp\/v2\/media\/28303"}],"wp:attachment":[{"href":"https:\/\/esquell.eu\/de\/wp-json\/wp\/v2\/media?parent=28299"}],"wp:term":[{"taxonomy":"more","embeddable":true,"href":"https:\/\/esquell.eu\/de\/wp-json\/wp\/v2\/more?post=28299"},{"taxonomy":"product_brand","embeddable":true,"href":"https:\/\/esquell.eu\/de\/wp-json\/wp\/v2\/product_brand?post=28299"},{"taxonomy":"product_cat","embeddable":true,"href":"https:\/\/esquell.eu\/de\/wp-json\/wp\/v2\/product_cat?post=28299"},{"taxonomy":"product_tag","embeddable":true,"href":"https:\/\/esquell.eu\/de\/wp-json\/wp\/v2\/product_tag?post=28299"}],"curies":[{"name":"wp","href":"https:\/\/api.w.org\/{rel}","templated":true}]}}