{"id":28217,"date":"2025-11-19T01:45:18","date_gmt":"2025-11-19T01:45:18","guid":{"rendered":"https:\/\/esquell.eu\/?post_type=product&#038;p=28217"},"modified":"2025-11-20T23:48:36","modified_gmt":"2025-11-20T23:48:36","slug":"silberanhanger-ose-bugel-snap-on-925-silber-72-4-mm-kopie","status":"publish","type":"product","link":"https:\/\/esquell.eu\/de\/produkt\/silberanhanger-ose-bugel-snap-on-925-silber-72-4-mm-kopie\/","title":{"rendered":"Silberanh\u00e4nger \u00d6se, B\u00fcgel, Schnappverschluss Glatte Version 925 Silber 11*4 mm"},"content":{"rendered":"<p>Snap on<br \/>\nGlatt.<br \/>\nSilberanh\u00e4nger \u00d6se, B\u00fcgel, 925 Silber<\/p>\n<p>Gr\u00f6\u00dfe 11 x 4mm<\/p>\n","protected":false},"excerpt":{"rendered":"<p>Snap on<br \/>\nGlatt.<br \/>\nSilberanh\u00e4nger \u00d6se, B\u00fcgel, 925 Silber<\/p>\n<p>Gr\u00f6\u00dfe 11 x 4mm<\/p>\n","protected":false},"featured_media":28221,"comment_status":"closed","ping_status":"closed","template":"","meta":{"_acf_changed":false,"_seopress_robots_primary_cat":"none","_seopress_titles_title":"","_seopress_titles_desc":"","_seopress_robots_index":""},"more":[],"product_brand":[6917],"product_cat":[12313],"product_tag":[6488,6506,8713,6924,15811,6494,10516,7017,10524,14507,6693,6998,9379,21713,12316,6691,7019,6421,21715,12314,12518,6806,6432,6424,6926,6419,15799,10470,15813,12795,6417,6671,6812,15808,15805,6920,6781,6694,6429],"class_list":{"0":"post-28217","1":"product","2":"type-product","3":"status-publish","4":"has-post-thumbnail","6":"product_brand-hh","7":"product_cat-anhangerosen-bugel-und-schraubosen","8":"product_tag-6488","9":"product_tag-6506","10":"product_tag-angebot-2","11":"product_tag-anhanger-2","12":"product_tag-auf-2","13":"product_tag-diy","14":"product_tag-finishing","15":"product_tag-fur","16":"product_tag-glatt","17":"product_tag-glatt-2","18":"product_tag-halskette","19":"product_tag-halskette-2","20":"product_tag-halskette-3","21":"product_tag-implementierung","22":"product_tag-kaution","23":"product_tag-kette","24":"product_tag-liefert","25":"product_tag-machen","26":"product_tag-mengenrabatt","27":"product_tag-pendelauge","28":"product_tag-pendelauge-2","29":"product_tag-rabatt","30":"product_tag-real","31":"product_tag-rein","32":"product_tag-rein-2","33":"product_tag-schmuck","34":"product_tag-schmuck-kurzwaren-3","35":"product_tag-schmuckherstellung-2","36":"product_tag-schmuckherstellung-4","37":"product_tag-schmuckzubehor-5","38":"product_tag-silber","39":"product_tag-silber-2","40":"product_tag-silber-3","41":"product_tag-snap","42":"product_tag-snapon","43":"product_tag-sterling","44":"product_tag-teile","45":"product_tag-von","46":"product_tag-wirklich","48":"first","49":"instock","50":"taxable","51":"shipping-taxable","52":"purchasable","53":"product-type-simple"},"acf":[],"_links":{"self":[{"href":"https:\/\/esquell.eu\/de\/wp-json\/wp\/v2\/product\/28217","targetHints":{"allow":["GET"]}}],"collection":[{"href":"https:\/\/esquell.eu\/de\/wp-json\/wp\/v2\/product"}],"about":[{"href":"https:\/\/esquell.eu\/de\/wp-json\/wp\/v2\/types\/product"}],"replies":[{"embeddable":true,"href":"https:\/\/esquell.eu\/de\/wp-json\/wp\/v2\/comments?post=28217"}],"wp:featuredmedia":[{"embeddable":true,"href":"https:\/\/esquell.eu\/de\/wp-json\/wp\/v2\/media\/28221"}],"wp:attachment":[{"href":"https:\/\/esquell.eu\/de\/wp-json\/wp\/v2\/media?parent=28217"}],"wp:term":[{"taxonomy":"more","embeddable":true,"href":"https:\/\/esquell.eu\/de\/wp-json\/wp\/v2\/more?post=28217"},{"taxonomy":"product_brand","embeddable":true,"href":"https:\/\/esquell.eu\/de\/wp-json\/wp\/v2\/product_brand?post=28217"},{"taxonomy":"product_cat","embeddable":true,"href":"https:\/\/esquell.eu\/de\/wp-json\/wp\/v2\/product_cat?post=28217"},{"taxonomy":"product_tag","embeddable":true,"href":"https:\/\/esquell.eu\/de\/wp-json\/wp\/v2\/product_tag?post=28217"}],"curies":[{"name":"wp","href":"https:\/\/api.w.org\/{rel}","templated":true}]}}