{"id":27893,"date":"2025-11-12T12:49:27","date_gmt":"2025-11-12T12:49:27","guid":{"rendered":"https:\/\/esquell.eu\/?post_type=product&#038;p=27893"},"modified":"2025-11-13T14:54:26","modified_gmt":"2025-11-13T14:54:26","slug":"cabochon-aus-dichroitischem-glas-gold-vergoldet-6-10-mm-kopie-kopie-kopie-kopie","status":"publish","type":"product","link":"https:\/\/esquell.eu\/de\/produkt\/cabochon-aus-dichroitischem-glas-gold-vergoldet-6-10-mm-kopie-kopie-kopie-kopie\/","title":{"rendered":"Cabochon aus dichroitischem Glas. Koralle ca. 8mm"},"content":{"rendered":"<p>Glascabochons eignen sich zum Brennen in Metallton.<\/p>\n<p>Dichroitische Glascabochons<\/p>\n<p>Da Glascabochons handgefertigt sind, k\u00f6nnen sie in der Gr\u00f6\u00dfe leicht abweichen.<\/p>\n","protected":false},"excerpt":{"rendered":"<p>Cabochon aus dichroitischem Glas. Koralle ca. 8mm <\/p>\n","protected":false},"featured_media":27897,"comment_status":"closed","ping_status":"closed","template":"","meta":{"_acf_changed":false,"_seopress_robots_primary_cat":"none","_seopress_titles_title":"","_seopress_titles_desc":"","_seopress_robots_index":""},"more":[],"product_brand":[6595],"product_cat":[11956,11955],"product_tag":[11978,12017,11975,7957,11993,10958,15697,7953,11997,7752,7680,10814,14115,10824,9609,11972,12022,6421,6444,6441,7317,11985,11108,6419,11957,7435,7086,6464,7885,11010,6781,10717,11968,11989,11959],"class_list":{"0":"post-27893","1":"product","2":"type-product","3":"status-publish","4":"has-post-thumbnail","6":"product_brand-coole-tools","7":"product_cat-cabochons-rund","8":"product_cat-neu","9":"product_tag-amber","10":"product_tag-amber-2","11":"product_tag-bernstein","12":"product_tag-cabochon","13":"product_tag-cabocon","14":"product_tag-dichroitisch","15":"product_tag-dicro","16":"product_tag-einstellung","17":"product_tag-facettiert","18":"product_tag-formular","19":"product_tag-formulare","20":"product_tag-glas-2","21":"product_tag-glascabochon","22":"product_tag-glascabochons","23":"product_tag-harz","24":"product_tag-jaspis","25":"product_tag-jaspis-2","26":"product_tag-machen","27":"product_tag-metalclay","28":"product_tag-metallton","29":"product_tag-naturstein","30":"product_tag-naturstein-cabochon","31":"product_tag-platz-2","32":"product_tag-schmuck","33":"product_tag-schmuckzubehor-4","34":"product_tag-setzen","35":"product_tag-silberschmiede","36":"product_tag-stein","37":"product_tag-steinsetzung","38":"product_tag-strassstein-2","39":"product_tag-teile","40":"product_tag-um","41":"product_tag-unten","42":"product_tag-wieber","43":"product_tag-wohnung-2","44":"pa_doorsnede-10mm","45":"pa_doorsnede-15mm","46":"pa_doorsnede-4mm","47":"pa_doorsnede-5mm","48":"pa_doorsnede-6mm","49":"pa_doorsnede-8mm","51":"first","52":"instock","53":"taxable","54":"shipping-taxable","55":"purchasable","56":"product-type-simple"},"acf":[],"_links":{"self":[{"href":"https:\/\/esquell.eu\/de\/wp-json\/wp\/v2\/product\/27893","targetHints":{"allow":["GET"]}}],"collection":[{"href":"https:\/\/esquell.eu\/de\/wp-json\/wp\/v2\/product"}],"about":[{"href":"https:\/\/esquell.eu\/de\/wp-json\/wp\/v2\/types\/product"}],"replies":[{"embeddable":true,"href":"https:\/\/esquell.eu\/de\/wp-json\/wp\/v2\/comments?post=27893"}],"wp:featuredmedia":[{"embeddable":true,"href":"https:\/\/esquell.eu\/de\/wp-json\/wp\/v2\/media\/27897"}],"wp:attachment":[{"href":"https:\/\/esquell.eu\/de\/wp-json\/wp\/v2\/media?parent=27893"}],"wp:term":[{"taxonomy":"more","embeddable":true,"href":"https:\/\/esquell.eu\/de\/wp-json\/wp\/v2\/more?post=27893"},{"taxonomy":"product_brand","embeddable":true,"href":"https:\/\/esquell.eu\/de\/wp-json\/wp\/v2\/product_brand?post=27893"},{"taxonomy":"product_cat","embeddable":true,"href":"https:\/\/esquell.eu\/de\/wp-json\/wp\/v2\/product_cat?post=27893"},{"taxonomy":"product_tag","embeddable":true,"href":"https:\/\/esquell.eu\/de\/wp-json\/wp\/v2\/product_tag?post=27893"}],"curies":[{"name":"wp","href":"https:\/\/api.w.org\/{rel}","templated":true}]}}