{"id":27852,"date":"2025-11-12T12:28:57","date_gmt":"2025-11-12T12:28:57","guid":{"rendered":"https:\/\/esquell.eu\/?post_type=product&#038;p=27852"},"modified":"2025-11-13T14:47:44","modified_gmt":"2025-11-13T14:47:44","slug":"dichroitischer-glas-cabochon-dunkelblau-opalisierend-10-14-mm-kopie-kopie","status":"publish","type":"product","link":"https:\/\/esquell.eu\/de\/produkt\/dichroitischer-glas-cabochon-dunkelblau-opalisierend-10-14-mm-kopie-kopie\/","title":{"rendered":"Cabochon aus dichroitischem Glas. Rot 6-10 mm"},"content":{"rendered":"<p>Glascabochons eignen sich zum Brennen in Metallton.<\/p>\n<p>Dichroitische Glascabochons<\/p>\n<p>Da Glascabochons handgefertigt sind, k\u00f6nnen sie in der Gr\u00f6\u00dfe leicht abweichen.<\/p>\n","protected":false},"excerpt":{"rendered":"<p>Glascabochons eignen sich zum Brennen in Metallton.<\/p>\n<p>Dichroitische Glascabochons<\/p>\n<p>Da Glascabochons handgefertigt sind, k\u00f6nnen sie in der Gr\u00f6\u00dfe leicht abweichen.<\/p>\n","protected":false},"featured_media":27856,"comment_status":"closed","ping_status":"closed","template":"","meta":{"_acf_changed":false,"_seopress_robots_primary_cat":"none","_seopress_titles_title":"","_seopress_titles_desc":"","_seopress_robots_index":""},"more":[],"product_brand":[6595],"product_cat":[11956,11955,7996],"product_tag":[11978,12017,11975,7957,11993,10816,10958,10964,15697,7953,11997,7752,7680,10814,14115,10824,9609,11972,12022,6421,6444,6441,7317,11985,11108,6419,11957,7435,7086,6464,7885,11010,6781,10717,11968,11989,11959],"class_list":{"0":"post-27852","1":"product","2":"type-product","3":"status-publish","4":"has-post-thumbnail","6":"product_brand-coole-tools","7":"product_cat-cabochons-rund","8":"product_cat-neu","9":"product_cat-werkzeuge-und-zubehor-fur-glas","10":"product_tag-amber","11":"product_tag-amber-2","12":"product_tag-bernstein","13":"product_tag-cabochon","14":"product_tag-cabocon","15":"product_tag-dichro","16":"product_tag-dichroitisch","17":"product_tag-dichroitisches-glas","18":"product_tag-dicro","19":"product_tag-einstellung","20":"product_tag-facettiert","21":"product_tag-formular","22":"product_tag-formulare","23":"product_tag-glas-2","24":"product_tag-glascabochon","25":"product_tag-glascabochons","26":"product_tag-harz","27":"product_tag-jaspis","28":"product_tag-jaspis-2","29":"product_tag-machen","30":"product_tag-metalclay","31":"product_tag-metallton","32":"product_tag-naturstein","33":"product_tag-naturstein-cabochon","34":"product_tag-platz-2","35":"product_tag-schmuck","36":"product_tag-schmuckzubehor-4","37":"product_tag-setzen","38":"product_tag-silberschmiede","39":"product_tag-stein","40":"product_tag-steinsetzung","41":"product_tag-strassstein-2","42":"product_tag-teile","43":"product_tag-um","44":"product_tag-unten","45":"product_tag-wieber","46":"product_tag-wohnung-2","47":"pa_doorsnede-10mm","48":"pa_doorsnede-15mm","49":"pa_doorsnede-4mm","50":"pa_doorsnede-5mm","51":"pa_doorsnede-6mm","52":"pa_doorsnede-8mm","54":"first","55":"instock","56":"taxable","57":"shipping-taxable","58":"purchasable","59":"product-type-simple"},"acf":[],"_links":{"self":[{"href":"https:\/\/esquell.eu\/de\/wp-json\/wp\/v2\/product\/27852","targetHints":{"allow":["GET"]}}],"collection":[{"href":"https:\/\/esquell.eu\/de\/wp-json\/wp\/v2\/product"}],"about":[{"href":"https:\/\/esquell.eu\/de\/wp-json\/wp\/v2\/types\/product"}],"replies":[{"embeddable":true,"href":"https:\/\/esquell.eu\/de\/wp-json\/wp\/v2\/comments?post=27852"}],"wp:featuredmedia":[{"embeddable":true,"href":"https:\/\/esquell.eu\/de\/wp-json\/wp\/v2\/media\/27856"}],"wp:attachment":[{"href":"https:\/\/esquell.eu\/de\/wp-json\/wp\/v2\/media?parent=27852"}],"wp:term":[{"taxonomy":"more","embeddable":true,"href":"https:\/\/esquell.eu\/de\/wp-json\/wp\/v2\/more?post=27852"},{"taxonomy":"product_brand","embeddable":true,"href":"https:\/\/esquell.eu\/de\/wp-json\/wp\/v2\/product_brand?post=27852"},{"taxonomy":"product_cat","embeddable":true,"href":"https:\/\/esquell.eu\/de\/wp-json\/wp\/v2\/product_cat?post=27852"},{"taxonomy":"product_tag","embeddable":true,"href":"https:\/\/esquell.eu\/de\/wp-json\/wp\/v2\/product_tag?post=27852"}],"curies":[{"name":"wp","href":"https:\/\/api.w.org\/{rel}","templated":true}]}}