{"id":27823,"date":"2025-11-12T10:29:13","date_gmt":"2025-11-12T10:29:13","guid":{"rendered":"https:\/\/esquell.eu\/?post_type=product&#038;p=27823"},"modified":"2025-11-13T14:51:26","modified_gmt":"2025-11-13T14:51:26","slug":"texturmatte-gummi-ca-2215-cm-schmuck-kunstler-elemente-blatter-und-samen-tex-150-kopie","status":"publish","type":"product","link":"https:\/\/esquell.eu\/de\/produkt\/texturmatte-gummi-ca-2215-cm-schmuck-kunstler-elemente-blatter-und-samen-tex-150-kopie\/","title":{"rendered":"Texturmatte Gummi ca. 22*15 cm Schmuck K\u00fcnstler Elemente &#8211; Baum des Lebens TEX-120"},"content":{"rendered":"<p>Strukturmatte Gummi ca. 22*15 cm<br \/>\nAnh\u00e4nger und Charms<br \/>\nClay Schmuck, Ton, Metallton, Silberton<\/p>\n","protected":false},"excerpt":{"rendered":"<p>Texturmatte mit Elementen f\u00fcr Schmuckhersteller<br \/>\nDas zweite Foto ist ein Beispiel f\u00fcr eines der Elemente in Ton.<br \/>\nRinge &amp; Armreifen Die Texturen eignen sich perfekt f\u00fcr die Herstellung von Armb\u00e4ndern in mehreren Gr\u00f6\u00dfen oder Ringen mit zarten Designs. Machen Sie passende Anh\u00e4nger und Ohrringe mit denselben Kacheln.<x id=\"gid_2\"><\/x>Diese Texturen sind flexibel, abwaschbar und k\u00f6nnen mit jedem weichen Ton verwendet werden. Betr\u00e4ufeln Sie sie mit der CoolSlip Anti-Haft-Formel, bevor Sie beginnen.  <\/p>\n<p>&nbsp;<\/p>\n<p>Bei der Verwendung mit Silber-, Kupfer-, Bronze- und Goldton spr\u00fchen Sie die strukturierten Matten zun\u00e4chst mit der Anti-Haft-Formel <a href=\"https:\/\/www.esquell.nl\/p\/textuurmat-rubber-5-10-cm-veertjes?ObjectPath=\/Shops\/83636376\/Products\/AM0007\">coolslip<\/a> <\/p>\n<p>Wenn Sie mit Fimo, Cernit, Premo, Sculpy usw. arbeiten, verwenden Sie z.B. Talkumpuder, um ein Verkleben zu verhindern.<\/p>\n<p>&nbsp;<\/p>\n","protected":false},"featured_media":27829,"comment_status":"closed","ping_status":"closed","template":"","meta":{"_acf_changed":false,"_seopress_robots_primary_cat":"none","_seopress_titles_title":"","_seopress_titles_desc":"","_seopress_robots_index":""},"more":[],"product_brand":[6595],"product_cat":[11955,12225],"product_tag":[6446,6492,8559,6675,6494,17453,7680,6452,6673,17452,6421,6441,6419,17451,17454,6779,6558,6626,15219,6622,9204,11403,6556,7511],"class_list":{"0":"post-27823","1":"product","2":"type-product","3":"status-publish","4":"has-post-thumbnail","6":"product_brand-coole-tools","7":"product_cat-neu","8":"product_cat-texturen-und-stempel","9":"product_tag-aida","10":"product_tag-artclay","11":"product_tag-cooltools","12":"product_tag-craftlines","13":"product_tag-diy","14":"product_tag-elemente","15":"product_tag-formulare","16":"product_tag-groshandel","17":"product_tag-japan","18":"product_tag-kunstler","19":"product_tag-machen","20":"product_tag-metallton","21":"product_tag-schmuck","22":"product_tag-schmuck-kunstler-elemente","23":"product_tag-seads","24":"product_tag-selbstgemacht","25":"product_tag-sie-selbst","26":"product_tag-stanzen","27":"product_tag-stanzmatte","28":"product_tag-strukturen","29":"product_tag-textur","30":"product_tag-texturmatte","31":"product_tag-ton-3","32":"product_tag-tonschmuck","33":"product_shipping_class-standard","35":"first","36":"instock","37":"taxable","38":"shipping-taxable","39":"purchasable","40":"product-type-simple"},"acf":[],"_links":{"self":[{"href":"https:\/\/esquell.eu\/de\/wp-json\/wp\/v2\/product\/27823","targetHints":{"allow":["GET"]}}],"collection":[{"href":"https:\/\/esquell.eu\/de\/wp-json\/wp\/v2\/product"}],"about":[{"href":"https:\/\/esquell.eu\/de\/wp-json\/wp\/v2\/types\/product"}],"replies":[{"embeddable":true,"href":"https:\/\/esquell.eu\/de\/wp-json\/wp\/v2\/comments?post=27823"}],"wp:featuredmedia":[{"embeddable":true,"href":"https:\/\/esquell.eu\/de\/wp-json\/wp\/v2\/media\/27829"}],"wp:attachment":[{"href":"https:\/\/esquell.eu\/de\/wp-json\/wp\/v2\/media?parent=27823"}],"wp:term":[{"taxonomy":"more","embeddable":true,"href":"https:\/\/esquell.eu\/de\/wp-json\/wp\/v2\/more?post=27823"},{"taxonomy":"product_brand","embeddable":true,"href":"https:\/\/esquell.eu\/de\/wp-json\/wp\/v2\/product_brand?post=27823"},{"taxonomy":"product_cat","embeddable":true,"href":"https:\/\/esquell.eu\/de\/wp-json\/wp\/v2\/product_cat?post=27823"},{"taxonomy":"product_tag","embeddable":true,"href":"https:\/\/esquell.eu\/de\/wp-json\/wp\/v2\/product_tag?post=27823"}],"curies":[{"name":"wp","href":"https:\/\/api.w.org\/{rel}","templated":true}]}}