{"id":27797,"date":"2025-11-10T13:38:08","date_gmt":"2025-11-10T13:38:08","guid":{"rendered":"https:\/\/esquell.eu\/product\/silberne-wechselplatte-m2-5-5mm-mit-kugel-6mm-preis-pro-stueck\/"},"modified":"2025-11-10T13:38:08","modified_gmt":"2025-11-10T13:38:08","slug":"silberne-wechselplatte-m2-5-5mm-mit-kugel-6mm-preis-pro-stueck","status":"publish","type":"product","link":"https:\/\/esquell.eu\/de\/produkt\/silberne-wechselplatte-m2-5-5mm-mit-kugel-6mm-preis-pro-stueck\/","title":{"rendered":"Silberne Wechselplatte M2.5, 5mm mit Kugel 6mm Preis pro St\u00fcck"},"content":{"rendered":"<p>Wechselaufsatz f\u00fcr Ring und Anh\u00e4nger<br \/>\nL\u00e4nge Rohr 5mm mit einer 6mm Kugel am Aufsatz<\/p>\n","protected":false},"excerpt":{"rendered":"<p>Wechselaufsatz f\u00fcr Ring und Anh\u00e4nger L\u00e4nge Rohr 5mm mit einer 6mm Kugel am Aufsatz<\/p>\n","protected":false},"featured_media":27397,"comment_status":"closed","ping_status":"closed","template":"","meta":{"_acf_changed":false,"_seopress_robots_primary_cat":"none","_seopress_titles_title":"","_seopress_titles_desc":"","_seopress_robots_index":""},"more":[],"product_brand":[6992],"product_cat":[12313,11955,21657,7996],"product_tag":[],"class_list":{"0":"post-27797","1":"product","2":"type-product","3":"status-publish","4":"has-post-thumbnail","6":"product_brand-ayu","7":"product_cat-anhangerosen-bugel-und-schraubosen","8":"product_cat-neu","9":"product_cat-osen-klammern-stifte-und-schraubosen","10":"product_cat-werkzeuge-und-zubehor-fur-glas","12":"first","13":"instock","14":"taxable","15":"shipping-taxable","16":"purchasable","17":"product-type-simple"},"acf":[],"_links":{"self":[{"href":"https:\/\/esquell.eu\/de\/wp-json\/wp\/v2\/product\/27797","targetHints":{"allow":["GET"]}}],"collection":[{"href":"https:\/\/esquell.eu\/de\/wp-json\/wp\/v2\/product"}],"about":[{"href":"https:\/\/esquell.eu\/de\/wp-json\/wp\/v2\/types\/product"}],"replies":[{"embeddable":true,"href":"https:\/\/esquell.eu\/de\/wp-json\/wp\/v2\/comments?post=27797"}],"wp:featuredmedia":[{"embeddable":true,"href":"https:\/\/esquell.eu\/de\/wp-json\/wp\/v2\/media\/27397"}],"wp:attachment":[{"href":"https:\/\/esquell.eu\/de\/wp-json\/wp\/v2\/media?parent=27797"}],"wp:term":[{"taxonomy":"more","embeddable":true,"href":"https:\/\/esquell.eu\/de\/wp-json\/wp\/v2\/more?post=27797"},{"taxonomy":"product_brand","embeddable":true,"href":"https:\/\/esquell.eu\/de\/wp-json\/wp\/v2\/product_brand?post=27797"},{"taxonomy":"product_cat","embeddable":true,"href":"https:\/\/esquell.eu\/de\/wp-json\/wp\/v2\/product_cat?post=27797"},{"taxonomy":"product_tag","embeddable":true,"href":"https:\/\/esquell.eu\/de\/wp-json\/wp\/v2\/product_tag?post=27797"}],"curies":[{"name":"wp","href":"https:\/\/api.w.org\/{rel}","templated":true}]}}