{"id":27786,"date":"2025-11-10T13:29:48","date_gmt":"2025-11-10T13:29:48","guid":{"rendered":"https:\/\/esquell.eu\/product\/anhaenger-mit-schraubgewinde-m2-5-edelstahl-pro-stueck\/"},"modified":"2026-03-23T20:06:00","modified_gmt":"2026-03-23T20:06:00","slug":"anhaenger-mit-schraubgewinde-m2-5-edelstahl-pro-stueck","status":"publish","type":"product","link":"https:\/\/esquell.eu\/de\/produkt\/anhaenger-mit-schraubgewinde-m2-5-edelstahl-pro-stueck\/","title":{"rendered":"Anh\u00e4nger mit Schraubgewinde M2.5 Edelstahl Pro St\u00fcck"},"content":{"rendered":"<p>Anh\u00e4nger mit geradem Deckel, 6mm breit<br \/>\nL\u00e4nge M2,5 Gewinde ca. 3mm<\/p>\n<p>Dieser Anh\u00e4nger ist speziell f\u00fcr die Befestigung an der oberen Schraube<br \/>\nM2,5, verarbeitet in Glas oder anderen Materialien.<\/p>\n","protected":false},"excerpt":{"rendered":"<p>Anh\u00e4nger mit geradem Deckel, 6mm breit L\u00e4nge M2,5 Gewinde ca. 3mm Dieser Anh\u00e4nger ist speziell f\u00fcr die Befestigung an der oberen Schraube M2,5, verarbeitet in Glas oder anderen Materialien.<\/p>\n","protected":false},"featured_media":27788,"comment_status":"closed","ping_status":"closed","template":"","meta":{"_acf_changed":false,"_seopress_robots_primary_cat":"none","_seopress_titles_title":"","_seopress_titles_desc":"","_seopress_robots_index":""},"more":[],"product_brand":[6992],"product_cat":[12313,11955,21657,7996],"product_tag":[],"class_list":{"0":"post-27786","1":"product","2":"type-product","3":"status-publish","4":"has-post-thumbnail","6":"product_brand-ayu","7":"product_cat-anhangerosen-bugel-und-schraubosen","8":"product_cat-neu","9":"product_cat-osen-klammern-stifte-und-schraubosen","10":"product_cat-werkzeuge-und-zubehor-fur-glas","12":"first","13":"instock","14":"taxable","15":"shipping-taxable","16":"purchasable","17":"product-type-simple"},"acf":[],"_links":{"self":[{"href":"https:\/\/esquell.eu\/de\/wp-json\/wp\/v2\/product\/27786","targetHints":{"allow":["GET"]}}],"collection":[{"href":"https:\/\/esquell.eu\/de\/wp-json\/wp\/v2\/product"}],"about":[{"href":"https:\/\/esquell.eu\/de\/wp-json\/wp\/v2\/types\/product"}],"replies":[{"embeddable":true,"href":"https:\/\/esquell.eu\/de\/wp-json\/wp\/v2\/comments?post=27786"}],"wp:featuredmedia":[{"embeddable":true,"href":"https:\/\/esquell.eu\/de\/wp-json\/wp\/v2\/media\/27788"}],"wp:attachment":[{"href":"https:\/\/esquell.eu\/de\/wp-json\/wp\/v2\/media?parent=27786"}],"wp:term":[{"taxonomy":"more","embeddable":true,"href":"https:\/\/esquell.eu\/de\/wp-json\/wp\/v2\/more?post=27786"},{"taxonomy":"product_brand","embeddable":true,"href":"https:\/\/esquell.eu\/de\/wp-json\/wp\/v2\/product_brand?post=27786"},{"taxonomy":"product_cat","embeddable":true,"href":"https:\/\/esquell.eu\/de\/wp-json\/wp\/v2\/product_cat?post=27786"},{"taxonomy":"product_tag","embeddable":true,"href":"https:\/\/esquell.eu\/de\/wp-json\/wp\/v2\/product_tag?post=27786"}],"curies":[{"name":"wp","href":"https:\/\/api.w.org\/{rel}","templated":true}]}}