{"id":27314,"date":"2025-04-04T05:36:53","date_gmt":"2025-04-04T05:36:53","guid":{"rendered":"https:\/\/esquell.eu\/product\/kit-de-demarrage-argile-argentee-xxl-tres-complet-avec-argile-argentee-y-compris-largent-et-les-outils\/"},"modified":"2025-04-04T05:36:53","modified_gmt":"2025-04-04T05:36:53","slug":"kit-de-demarrage-argile-argentee-xxl-tres-complet-avec-argile-argentee-y-compris-largent-et-les-outils","status":"publish","type":"product","link":"https:\/\/esquell.eu\/de\/produkt\/kit-de-demarrage-argile-argentee-xxl-tres-complet-avec-argile-argentee-y-compris-largent-et-les-outils\/","title":{"rendered":"Kit de d\u00e9marrage argile argent\u00e9e XXL tr\u00e8s complet avec argile argent\u00e9e, y compris l&#8217;argent et les outils."},"content":{"rendered":"<p>OFFRE Tout ce dont vous avez besoin pour fabriquer vos propres bijoux en argent \u00e0 la maison<br \/>\nTout ce dont vous avez besoin pour fabriquer vos propres bijoux en argent \u00e0 la maison<br \/>\nKit de d\u00e9marrage tr\u00e8s complet avec 7 gramm de p\u00e2te d&#8217;argent, 5 gramm de p\u00e2te en spray, des outils pour les bagues, des outils pour la cuisson et la soudure, le modelage, le pon\u00e7age, le limage, etc.<\/p>\n","protected":false},"excerpt":{"rendered":"<p><strong>Alles, was Sie f\u00fcr die Herstellung Ihrer eigenen Schmuckst\u00fccke in Gold ben\u00f6tigen, finden Sie bei uns,<br \/>\n<\/strong><\/p>\n<p><strong>Alles, was Sie brauchen, um Ihre eigenen Schmuckst\u00fccke in Gold zu fertigen<\/strong><\/p>\n<p>Vollst\u00e4ndiger Bausatz, bestehend aus 2x 7 Gramm Argent-Argumenten, 5 Gramm Spr\u00fchargumenten, Werkzeugen f\u00fcr die Schornsteine, Werkzeugen f\u00fcr das Schneiden und Bespr\u00fchen, Modellieren, Herstellen von Schornsteinen, Ponieren, Kalken und Polieren, usw. Sie k\u00f6nnen sofort loslegen! <\/p>\n<p>Gesamtpreis um \u20ac259.00<\/p>\n<p><strong>Beinhaltet die Beschreibung von 1 Projekt in jeder einzelnen Etappe (als H\u00e4ngemappe) +<br \/>\n<\/strong><\/p>\n<p><strong><u><a href=\"https:\/\/youtube.com\/playlist?list=PLNV9RRmkyYO2aNRoLNnIsMgcqqvCUWXJK&amp;si=CIbzX7ngiDCq4fSP\">15 Projekte en ligne, Etappe f\u00fcr Etappe<\/a><br \/>\n<\/u><\/strong><\/p>\n<p><strong><u><br \/>\n<\/u><\/strong>Inhalt des Pakets<strong><u><br \/>\n<\/u><\/strong><\/p>\n<ul>\n<li>2x arguile d&#8217;argent 7 Gramm<\/li>\n<\/ul>\n<ul>\n<li>1 x 5 g Argile \u00e0 pulv\u00e9riser \/ Seringue<\/li>\n<li>Coolslip Anti-Haft-Formel (f\u00fcr Muttermale und Texturen)<\/li>\n<\/ul>\n<ul>\n<li>Carpet de travail avec grille A5<\/li>\n<\/ul>\n<ul>\n<li>Feuille de vermiculite pour la cuisson et la soudure R\u00e9sistant \u00e0 la chaleur<\/li>\n<\/ul>\n<ul>\n<li>Hauptbrenner. La torche peut \u00eatre remplie de gaz butane (disponible dans les quincailleries, etc.).   <\/li>\n<\/ul>\n<ul>\n<li>1x Seringue de distribution<\/li>\n<\/ul>\n<ul>\n<li>4x Erg\u00e4nzungsbusse in verschiedenen Gr\u00f6\u00dfenordnungen<\/li>\n<\/ul>\n<ul>\n<li>Rouleau d&#8217;argile pour \u00e9taler l&#8217;argile<\/li>\n<\/ul>\n<ul>\n<li>Jeu de 4 cutters (peut diff\u00e9rer de la photo)  <\/li>\n<li>Coupe-cercles, Satz mit 8 St\u00fcck, z.B. zum Durchziehen von Hosen f\u00fcr Eierk\u00f6pfe und Kleider<\/li>\n<\/ul>\n<ul>\n<li>Mandrin f\u00fcr M\u00fctter und Frauen, u.a.<\/li>\n<li>Forets de diff\u00e9rentes tailles pour percer l&#8217;argile s\u00e9ch\u00e9e ou les m\u00e9taux.<\/li>\n<\/ul>\n<ul>\n<li>Mini-Moule aus Silikon f\u00fcr die Herstellung von kleinen Verzierungen aus Gips zum Modellieren<\/li>\n<\/ul>\n<ul>\n<li>Gabarit de bijou pour d\u00e9couper des formes dans l&#8217;argile, \u00e0 l&#8217;aide du stylo \u00e0 aiguille fourni dans cet emballage.<\/li>\n<\/ul>\n<ul>\n<li>Lamelles d&#8217;espacement Pour \u00e9taler l&#8217;argile uniform\u00e9ment en 3 \u00e9paisseurs diff\u00e9rentes<\/li>\n<\/ul>\n<ul>\n<li>Buntstifte zum Auftragen von Zirkonen und kleinen Perlen<\/li>\n<\/ul>\n<ul>\n<li>Assortiment von 8 St\u00fccken in Zirkon (die Zusammensetzung kann vom Foto abweichen)<\/li>\n<\/ul>\n<ul>\n<li>3M Pon\u00e7age Patins de pon\u00e7age 3 pi\u00e8ces Patins de pon\u00e7age doux et flexibles pour le pon\u00e7age \u00e0 sec et \u00e0 l&#8217;eau. Eignet sich f\u00fcr die Verlegung von Hartholz und die Verlegung von Vierkantsteinen.   <\/li>\n<\/ul>\n<ul>\n<li>Loomer ou couteau \u00e0 argile, pour couper l&#8217;argile en ligne droite<\/li>\n<\/ul>\n<ul>\n<li>Stylo en agate, f\u00fcr die Hochglanzpolitur, Brunissoir<\/li>\n<\/ul>\n<ul>\n<li>Pince \u00e0 \u00e9piler r\u00e9sistante \u00e0 la chaleur<\/li>\n<\/ul>\n<ul>\n<li>Pince \u00e0 \u00e9piler \u00e0 verrouillage automatique r\u00e9sistante \u00e0 la chaleur, convient \u00e9galement pour la soudure<\/li>\n<\/ul>\n<ul>\n<li>Spatules de modelage, lot of 5, f\u00fcr l&#8217;argile \u00e0 modeler. La pointe arrondie en m\u00e9tal peut \u00e9galement \u00eatre utilis\u00e9e pour polir les zones difficiles d&#8217;acc\u00e8s.   <\/li>\n<\/ul>\n<ul>\n<li>Diamantene Limetten, 5 St\u00fcck, verschiedene Formen  <\/li>\n<\/ul>\n<ul>\n<li>Das B\u00fcgelband aus T\u00e9flon zum Auflegen der Kleidung auf ein B\u00fcgelband, das widerstandsf\u00e4hig gegen K\u00e4lte ist.<\/li>\n<\/ul>\n<ul>\n<li>Papierabrieb 1x grossier 1x fin, Pour le pon\u00e7age de l&#8217;argile ou des m\u00e9taux<\/li>\n<\/ul>\n<ul>\n<li>Brosse \u00e0 polir<\/li>\n<\/ul>\n<ul>\n<li>Chiffon de polissage petit<\/li>\n<\/ul>\n<ul>\n<li>P\u00e2te \u00e0 polir pour le polissage haute brillance<\/li>\n<\/ul>\n<ul>\n<li>Aiguille, stylo \u00e0 aiguille. Pour d\u00e9couper l&#8217;argile   <\/li>\n<\/ul>\n<ul>\n<li>Abdeckrost aus rostfreiem Stahl &#8211; Abdeckrost. Auch geeignet f\u00fcr das Kochen auf dem Gasherd.   <\/li>\n<\/ul>\n<ul>\n<li>Baguette en bois<\/li>\n<\/ul>\n<ul>\n<li>Taille de bague en japase sp\u00e9cialement pour l&#8217;argent Art Clay. Un tableau des tailles de bagues est inclusiv.   <\/li>\n<\/ul>\n<ul>\n<li>Tache \u00e9clair<\/li>\n<\/ul>\n<ul>\n<li>D\u00e9pliant<\/li>\n<\/ul>\n<ul>\n<li>Tableau des tailles de bagues<\/li>\n<li>Beschreibung von 1 Projekt zum Starten (Pendentif feuille)<\/li>\n<\/ul>\n<p>&nbsp;<\/p>\n<p>&nbsp;<\/p>\n<p>&nbsp;<\/p>\n<p>&nbsp;<\/p>\n<p>&nbsp;<\/p>\n","protected":false},"featured_media":0,"comment_status":"closed","ping_status":"closed","template":"","meta":{"_acf_changed":false,"_seopress_robots_primary_cat":"none","_seopress_titles_title":"","_seopress_titles_desc":"","_seopress_robots_index":""},"more":[],"product_brand":[],"product_cat":[15],"product_tag":[],"class_list":{"0":"post-27314","1":"product","2":"type-product","3":"status-publish","5":"product_cat-algemeen","7":"first","8":"instock","9":"taxable","10":"shipping-taxable","11":"purchasable","12":"product-type-simple"},"acf":[],"_links":{"self":[{"href":"https:\/\/esquell.eu\/de\/wp-json\/wp\/v2\/product\/27314","targetHints":{"allow":["GET"]}}],"collection":[{"href":"https:\/\/esquell.eu\/de\/wp-json\/wp\/v2\/product"}],"about":[{"href":"https:\/\/esquell.eu\/de\/wp-json\/wp\/v2\/types\/product"}],"replies":[{"embeddable":true,"href":"https:\/\/esquell.eu\/de\/wp-json\/wp\/v2\/comments?post=27314"}],"wp:attachment":[{"href":"https:\/\/esquell.eu\/de\/wp-json\/wp\/v2\/media?parent=27314"}],"wp:term":[{"taxonomy":"more","embeddable":true,"href":"https:\/\/esquell.eu\/de\/wp-json\/wp\/v2\/more?post=27314"},{"taxonomy":"product_brand","embeddable":true,"href":"https:\/\/esquell.eu\/de\/wp-json\/wp\/v2\/product_brand?post=27314"},{"taxonomy":"product_cat","embeddable":true,"href":"https:\/\/esquell.eu\/de\/wp-json\/wp\/v2\/product_cat?post=27314"},{"taxonomy":"product_tag","embeddable":true,"href":"https:\/\/esquell.eu\/de\/wp-json\/wp\/v2\/product_tag?post=27314"}],"curies":[{"name":"wp","href":"https:\/\/api.w.org\/{rel}","templated":true}]}}