{"id":27306,"date":"2025-04-04T05:31:08","date_gmt":"2025-04-04T05:31:08","guid":{"rendered":"https:\/\/esquell.eu\/product\/mischung-fuer-die-herstellung-von-silikonformen-blaue-mischung-2-komponenten-verschiedene-inhalte-f-0117-2\/"},"modified":"2025-04-04T05:31:08","modified_gmt":"2025-04-04T05:31:08","slug":"mischung-fuer-die-herstellung-von-silikonformen-blaue-mischung-2-komponenten-verschiedene-inhalte-f-0117-2","status":"publish","type":"product","link":"https:\/\/esquell.eu\/de\/produkt\/mischung-fuer-die-herstellung-von-silikonformen-blaue-mischung-2-komponenten-verschiedene-inhalte-f-0117-2\/","title":{"rendered":"Mischung f\u00fcr die Herstellung von Silikonformen Blaue Mischung. 2 Komponenten Verschiedene Inhalte (F- 0117)"},"content":{"rendered":"<p>Durch Mischen der beiden Komponenten entsteht eine Mischung, mit der eine Form hergestellt werden kann. In diese k\u00f6nnen Sie jede beliebige Form oder jedes Relief dr\u00fccken. Sobald die Form getrocknet ist, haben Sie eine Form, in der Sie denselben Abdruck mehrmals machen k\u00f6nnen. Die Mischung h\u00e4lt zum Beispiel der Hitze eines Haartrockners stand.     <\/p>\n<p>Erh\u00e4ltlich mit einer Vielzahl von Inhalten.<\/p>\n","protected":false},"excerpt":{"rendered":"<p>Durch Mischen der beiden Farben entsteht eine Mischung, mit der eine Form hergestellt werden kann. Sie k\u00f6nnen jede beliebige Form oder jedes beliebige Relief pressen. Sobald die Form getrocknet ist, haben Sie eine Form, in der Sie den gleichen Abdruck mehrmals machen k\u00f6nnen. Die Mischung ist hitzebest\u00e4ndig, z.B. durch einen F\u00f6n. 2 mal 25 Gramm.      <\/p>\n<p>Verh\u00e4ltnis 1:1<\/p>\n","protected":false},"featured_media":0,"comment_status":"closed","ping_status":"closed","template":"","meta":{"_acf_changed":false,"_seopress_robots_primary_cat":"none","_seopress_titles_title":"","_seopress_titles_desc":"","_seopress_robots_index":""},"more":[],"product_brand":[],"product_cat":[15],"product_tag":[],"class_list":{"0":"post-27306","1":"product","2":"type-product","3":"status-publish","5":"product_cat-algemeen","7":"first","8":"instock","9":"taxable","10":"shipping-taxable","11":"purchasable","12":"product-type-simple"},"acf":[],"_links":{"self":[{"href":"https:\/\/esquell.eu\/de\/wp-json\/wp\/v2\/product\/27306","targetHints":{"allow":["GET"]}}],"collection":[{"href":"https:\/\/esquell.eu\/de\/wp-json\/wp\/v2\/product"}],"about":[{"href":"https:\/\/esquell.eu\/de\/wp-json\/wp\/v2\/types\/product"}],"replies":[{"embeddable":true,"href":"https:\/\/esquell.eu\/de\/wp-json\/wp\/v2\/comments?post=27306"}],"wp:attachment":[{"href":"https:\/\/esquell.eu\/de\/wp-json\/wp\/v2\/media?parent=27306"}],"wp:term":[{"taxonomy":"more","embeddable":true,"href":"https:\/\/esquell.eu\/de\/wp-json\/wp\/v2\/more?post=27306"},{"taxonomy":"product_brand","embeddable":true,"href":"https:\/\/esquell.eu\/de\/wp-json\/wp\/v2\/product_brand?post=27306"},{"taxonomy":"product_cat","embeddable":true,"href":"https:\/\/esquell.eu\/de\/wp-json\/wp\/v2\/product_cat?post=27306"},{"taxonomy":"product_tag","embeddable":true,"href":"https:\/\/esquell.eu\/de\/wp-json\/wp\/v2\/product_tag?post=27306"}],"curies":[{"name":"wp","href":"https:\/\/api.w.org\/{rel}","templated":true}]}}