{"id":27114,"date":"2025-04-03T09:22:12","date_gmt":"2025-04-03T09:22:12","guid":{"rendered":"https:\/\/esquell.eu\/product\/habras-23-teiliges-schleifscheibenset-fuer-multitool\/"},"modified":"2025-04-03T09:22:12","modified_gmt":"2025-04-03T09:22:12","slug":"habras-23-teiliges-schleifscheibenset-fuer-multitool","status":"publish","type":"product","link":"https:\/\/esquell.eu\/de\/produkt\/habras-23-teiliges-schleifscheibenset-fuer-multitool\/","title":{"rendered":"Habras 23-teiliges Schleifscheibenset f\u00fcr Multitool"},"content":{"rendered":"<p>23-teiliges Set mit Schleifscheiben f\u00fcr den Dremel oder ein anderes Multitool zum Polieren von Schmuck. F\u00fcr ein perfektes Hochglanzfinish Ihres Schmucks und anderer Objekte aus Edel- oder unedlem Metall. <\/p>\n<p>Beginnen Sie mit einer groben, niedrigen K\u00f6rnung und schlie\u00dfen Sie mit der h\u00f6chsten K\u00f6rnung ab.<\/p>\n<p>Pro K\u00f6rnung 3 Schleifscheiben<\/p>\n<p>2 x loser Dorn zum Befestigen von Schleifscheiben am Multitool oder Dremel. <\/p>\n<p>Mandrel ist f\u00fcr 3 Scheiben geeignet<\/p>\n<p>3Mm Halter<\/p>\n<p>Gr\u00fcn 1000er K\u00f6rnung<\/p>\n<p>Lila 600er K\u00f6rnung<\/p>\n<p>Hellblau 400er K\u00f6rnung<\/p>\n<p>Alte Rose 220er K\u00f6rnung<\/p>\n<p>D. Blaue 120er K\u00f6rnung<\/p>\n<p>D. Gr\u00fcn 80er Korn<\/p>\n<p>L. Grau 2500<\/p>\n","protected":false},"excerpt":{"rendered":"<p>23-teiliges Set mit Schleifscheiben f\u00fcr den Dremel oder ein anderes Multitool zum Polieren von Schmuck. F\u00fcr ein perfektes Hochglanzfinish Ihres Schmucks und anderer Objekte aus Edel- oder unedlem Metall. <\/p>\n<p>Beginnen Sie mit einer groben, niedrigen K\u00f6rnung und schlie\u00dfen Sie mit der h\u00f6chsten K\u00f6rnung ab.<\/p>\n<p>Pro K\u00f6rnung 3 Schleifscheiben<\/p>\n<p>2 x loser Dorn zum Befestigen von Schleifscheiben am Multitool oder Dremel. <\/p>\n<p>Mandrel ist f\u00fcr 3 Scheiben geeignet<\/p>\n<p>3Mm Halter<\/p>\n<p>&nbsp;<\/p>\n<p>Gr\u00fcn 1000er K\u00f6rnung<\/p>\n<p>Lila 600er K\u00f6rnung<\/p>\n<p>Hellblau 400er K\u00f6rnung<\/p>\n<p>Alte Rose 220er K\u00f6rnung<\/p>\n<p>D. Blaue 120er K\u00f6rnung<\/p>\n<p>D. Gr\u00fcn 80er Korn<\/p>\n<p>L. Grau 2500<\/p>\n<p>&nbsp;<\/p>\n<p>&nbsp;<\/p>\n<p>&nbsp;<\/p>\n<p>&nbsp;<\/p>\n","protected":false},"featured_media":7452,"comment_status":"closed","ping_status":"closed","template":"","meta":{"_acf_changed":false,"_seopress_robots_primary_cat":"none","_seopress_titles_title":"","_seopress_titles_desc":"","_seopress_robots_index":""},"more":[],"product_brand":[6365],"product_cat":[7361],"product_tag":[9187,7560,6488,6506,6817,6802,6684,6773,7999,7919,6492,6438,8126,7543,11910,6458,6415,6840,7387,7123,6936,7076,21422,21420,6494,14478,6826,7332,7745,7799,7747,6895,21661,6842,7555,8091,6824,6830,6934,10520,6767,6822,21416,21417,6692,10514,10518,6836,6696,6897,7097,6786,14477,7131,6844,6421,9539,10730,6444,7557,7756,10053,6455,6832,6682,6788,6938,6828,21421,9262,21418,13914,13913,6806,6777,6928,21419,9202,21414,21415,6419,6899,6889,6417,6490,20273,6834,9192,11259,8580,6500,21412,6893,6784,6795,7072,6814,6690,7441,6783,21424,21423,6838,7410],"class_list":{"0":"post-27114","1":"product","2":"type-product","3":"status-publish","4":"has-post-thumbnail","6":"product_brand-l1","7":"product_cat-schleifen-feilen-und-polieren","8":"product_tag-co-uk","9":"product_tag-3d","10":"product_tag-6488","11":"product_tag-6506","12":"product_tag-amsterdam","13":"product_tag-angebot","14":"product_tag-anhanger","15":"product_tag-antwerpen","16":"product_tag-arbeitsbeschreibung","17":"product_tag-armbander-2","18":"product_tag-artclay","19":"product_tag-artclaysilver","20":"product_tag-artclaysilvershop","21":"product_tag-ausbilder-2","22":"product_tag-basis-2","23":"product_tag-belgien","24":"product_tag-billig","25":"product_tag-brabant","26":"product_tag-bronze","27":"product_tag-brucke","28":"product_tag-brussel","29":"product_tag-charme-2","30":"product_tag-dental","31":"product_tag-discs","32":"product_tag-diy","33":"product_tag-dremel","34":"product_tag-drenthe","35":"product_tag-edel","36":"product_tag-edelmetalle","37":"product_tag-eindhoven","38":"product_tag-einstellen","39":"product_tag-es","40":"product_tag-finition","41":"product_tag-flevoland","42":"product_tag-formbare","43":"product_tag-freigabe","44":"product_tag-friesland","45":"product_tag-gelderland","46":"product_tag-gent","47":"product_tag-glanz","48":"product_tag-gold","49":"product_tag-groningen","50":"product_tag-habras","51":"product_tag-habrasset","52":"product_tag-handbuch","53":"product_tag-hochglanz","54":"product_tag-hochglanzpolitur","55":"product_tag-holland","56":"product_tag-ideen","57":"product_tag-ihr","58":"product_tag-karat","59":"product_tag-kaufen","60":"product_tag-korn-2","61":"product_tag-kupfer","62":"product_tag-limburg","63":"product_tag-machen","64":"product_tag-messing","65":"product_tag-messing-2","66":"product_tag-metalclay","67":"product_tag-metall","68":"product_tag-metall-2","69":"product_tag-multitool","70":"product_tag-niederlande","71":"product_tag-norden","72":"product_tag-ohrringe","73":"product_tag-online","74":"product_tag-ostende","75":"product_tag-overijssel","76":"product_tag-perfekt","77":"product_tag-polieren","78":"product_tag-polieren-4","79":"product_tag-polierpaste","80":"product_tag-poliertuch","81":"product_tag-rabatt","82":"product_tag-ringe","83":"product_tag-rotterdam","84":"product_tag-scheibe","85":"product_tag-schleifen-2","86":"product_tag-schleifen-4","87":"product_tag-schleifteller-3","88":"product_tag-schmuck","89":"product_tag-selbst","90":"product_tag-shop","91":"product_tag-silber","92":"product_tag-silberton","93":"product_tag-spiegel","94":"product_tag-sud","95":"product_tag-teil","96":"product_tag-tipp","97":"product_tag-tipps","98":"product_tag-ton-2","99":"product_tag-tops","100":"product_tag-tun","101":"product_tag-unter-2","102":"product_tag-utrecht","103":"product_tag-wattenmeer","104":"product_tag-webshop","105":"product_tag-werkstatten","106":"product_tag-werkzeug-2","107":"product_tag-wobei","108":"product_tag-youtube","109":"product_tag-zahnarzt","110":"product_tag-zeeland","111":"product_tag-zertifiziert","112":"product_shipping_class-standard","114":"first","115":"instock","116":"taxable","117":"shipping-taxable","118":"purchasable","119":"product-type-simple"},"acf":[],"_links":{"self":[{"href":"https:\/\/esquell.eu\/de\/wp-json\/wp\/v2\/product\/27114","targetHints":{"allow":["GET"]}}],"collection":[{"href":"https:\/\/esquell.eu\/de\/wp-json\/wp\/v2\/product"}],"about":[{"href":"https:\/\/esquell.eu\/de\/wp-json\/wp\/v2\/types\/product"}],"replies":[{"embeddable":true,"href":"https:\/\/esquell.eu\/de\/wp-json\/wp\/v2\/comments?post=27114"}],"wp:featuredmedia":[{"embeddable":true,"href":"https:\/\/esquell.eu\/de\/wp-json\/wp\/v2\/media\/7452"}],"wp:attachment":[{"href":"https:\/\/esquell.eu\/de\/wp-json\/wp\/v2\/media?parent=27114"}],"wp:term":[{"taxonomy":"more","embeddable":true,"href":"https:\/\/esquell.eu\/de\/wp-json\/wp\/v2\/more?post=27114"},{"taxonomy":"product_brand","embeddable":true,"href":"https:\/\/esquell.eu\/de\/wp-json\/wp\/v2\/product_brand?post=27114"},{"taxonomy":"product_cat","embeddable":true,"href":"https:\/\/esquell.eu\/de\/wp-json\/wp\/v2\/product_cat?post=27114"},{"taxonomy":"product_tag","embeddable":true,"href":"https:\/\/esquell.eu\/de\/wp-json\/wp\/v2\/product_tag?post=27114"}],"curies":[{"name":"wp","href":"https:\/\/api.w.org\/{rel}","templated":true}]}}